{"id":1098,"date":"2015-09-29T13:33:05","date_gmt":"2015-09-29T11:33:05","guid":{"rendered":"http:\/\/osmirna.splet.arnes.si\/?page_id=1098"},"modified":"2025-02-11T16:14:52","modified_gmt":"2025-02-11T15:14:52","slug":"ospp-droptinice","status":"publish","type":"page","link":"https:\/\/www.os-mirna.si\/?page_id=1098","title":{"rendered":"O O\u0160PP"},"content":{"rendered":"<p>V enoti O\u0160PP izvajamo dva obvezna izobra\u017eevalna programa: prilagojen izobra\u017eevalni program devetletne osnovne \u0161ole z ni\u017ejim izobrazbenim standardom (NIS) in poseben program vzgoje in izobra\u017eevanja (PPVIZ). Poleg tega izvajamo tudi mobilno specialno pedago\u0161ko dejavnost. Vsi u\u010denci oddelkov O\u0160PP se vklju\u010dujejo v izobra\u017eevalne programe na podlagi odlo\u010db o usmeritvi, ki jih izdaja ZRS\u0160.<\/p>\n<p>Pri vzgojno &#8211; izobra\u017eevalnem delu z u\u010denci, ki obiskujejo enoto O\u0160PP, so potrebne prilagoditve metod in oblik dela, normativ \u0161tevila u\u010dencev v razredu je zni\u017ean. Delo poteka po individualiziranem programu za vsakega u\u010denca. Pripravi ga strokovna skupina.<\/p>\n<p>U\u010denci imajo stalna bivali\u0161\u010da v ob\u010dini: Mokronog &#8211; Trebelno, Mirna Pe\u010d, Trebnje, \u0160entrupert, \u017du\u017eemberk in Mirna. Vsak dan se v \u0161olo vozijo z organiziranimi prevozi.<\/p>\n<p>V oddelkih O\u0160PP del svoje obveznosti opravljajo tudi u\u010ditelji rednih oddelkov O\u0160 Mirna.<\/p>\n","protected":false},"excerpt":{"rendered":"<p>V enoti O\u0160PP izvajamo dva obvezna izobra\u017eevalna programa: prilagojen izobra\u017eevalni program devetletne osnovne \u0161ole z ni\u017ejim izobrazbenim standardom (NIS) in poseben program vzgoje in izobra\u017eevanja (PPVIZ). Poleg tega izvajamo tudi mobilno specialno pedago\u0161ko dejavnost.&#46;&#46;&#46;<\/p>\n","protected":false},"author":5692,"featured_media":0,"parent":0,"menu_order":0,"comment_status":"closed","ping_status":"closed","template":"","meta":{"ngg_post_thumbnail":0,"footnotes":""},"class_list":["post-1098","page","type-page","status-publish","hentry"],"_links":{"self":[{"href":"https:\/\/www.os-mirna.si\/index.php?rest_route=\/wp\/v2\/pages\/1098","targetHints":{"allow":["GET"]}}],"collection":[{"href":"https:\/\/www.os-mirna.si\/index.php?rest_route=\/wp\/v2\/pages"}],"about":[{"href":"https:\/\/www.os-mirna.si\/index.php?rest_route=\/wp\/v2\/types\/page"}],"author":[{"embeddable":true,"href":"https:\/\/www.os-mirna.si\/index.php?rest_route=\/wp\/v2\/users\/5692"}],"replies":[{"embeddable":true,"href":"https:\/\/www.os-mirna.si\/index.php?rest_route=%2Fwp%2Fv2%2Fcomments&post=1098"}],"version-history":[{"count":5,"href":"https:\/\/www.os-mirna.si\/index.php?rest_route=\/wp\/v2\/pages\/1098\/revisions"}],"predecessor-version":[{"id":31599,"href":"https:\/\/www.os-mirna.si\/index.php?rest_route=\/wp\/v2\/pages\/1098\/revisions\/31599"}],"wp:attachment":[{"href":"https:\/\/www.os-mirna.si\/index.php?rest_route=%2Fwp%2Fv2%2Fmedia&parent=1098"}],"curies":[{"name":"wp","href":"https:\/\/api.w.org\/{rel}","templated":true}]}}