{"id":11475,"date":"2019-08-28T15:05:49","date_gmt":"2019-08-28T13:05:49","guid":{"rendered":"http:\/\/osmirna.splet.arnes.si\/?page_id=11475"},"modified":"2019-08-28T15:05:49","modified_gmt":"2019-08-28T13:05:49","slug":"gdpr","status":"publish","type":"page","link":"https:\/\/www.os-mirna.si\/?page_id=11475","title":{"rendered":"GDPR"},"content":{"rendered":"<p><strong>Politika zasebnosti Osnovne \u0161ole Mirna<\/strong><\/p>\n<p>S politiko zasebnosti vas \u017eelimo obvestiti o obdelavi osebnih podatkov, ki jo Osnovna \u0161ola Mirna izvaja v skladu s Splo\u0161no uredbo o varstvu osebnih podatkov (GDPR) in zakonom, ki ureja varstvo osebnih podatkov.<\/p>\n<p>V kolikor Politika zasebnosti dolo\u010denega vpra\u0161anja glede pridobivanja in varovanja osebnih podatkov ne ureja oziroma ga ureja druga\u010de kot evropska in nacionalna zakonodaja, se neposredno uporablja Splo\u0161na uredba o varstvu osebnih podatkov (GDPR) in zakon, ki ureja varstvo osebnih podatkov.<\/p>\n<p><strong>IDENTITETA IN KONTAKTNI PODATKI UPRAVLJALCA<\/strong><\/p>\n<p>Osnovna \u0161ola Mirna, Cesta na Fu\u017eine 1, 8233 Mirna.<\/p>\n<p>Dodatne informacije glede upravljalca osebnih podatkov so dostopne na spletni strani Osnovne \u0161ole Mirna (www.os-mirna.si) oziroma na zahtevo na in&#102;&#111;&#64;&#111;&#x73;&#x2d;&#x6d;&#x69;&#x72;na&#46;&#115;&#105;.<\/p>\n<p>Upravljalec je tudi edini uporabnik osebnih podatkov in zagotavlja, da osebnih podatkov ne bo neupravi\u010deno posredoval tretjim osebam. Osnovna \u0161ola Mirna je hkrati tudi upravljalec podatkov za Vrtec Deteljica.<\/p>\n<p><strong>NAMENI, ZA KATERE SE PODATKI OBDELUJEJO<\/strong><\/p>\n<p>Na podlagi va\u0161ega soglasja bomo osebne podatke obdelovali za namene:<\/p>\n<ul>\n<li>\u00a0Obve\u0161\u010danja o dejavnostih in sodelovanje v organih zavoda Osnovne \u0161ole\u00a0 Mirna\u00a0 in<\/li>\n<li>\u00a0Izdaje sklepov za sodelovanje v organih zavoda ter javnih listin (npr. potrdil, certifikatov, spri\u010deval).<\/li>\n<li>\u00a0Za objavo na \u0161olski spletni strani in hrambe v arhivu \u0161ole za namen vodenja \u0161olske kronike (fotografije, dopisi idr.).<\/li>\n<\/ul>\n<p><strong>SOGLASJA<\/strong><\/p>\n<p>V primeru pridobitve soglasja bo Osnovna \u0161ola Mirna obdelovala le za namene, za katere je soglasje podano.<\/p>\n<p><strong>PREKLIC SOGLASIJ<\/strong><\/p>\n<p>Soglasje lahko prekli\u010dete z vlo\u017eitvijo vloge na elektronski naslov\u00a0<a href=\"mai&#108;&#116;&#111;&#x3a;&#x69;&#x6e;&#x66;&#x6f;&#x40;os-&#109;&#105;&#114;&#110;&#x61;&#x2e;&#x73;&#x69;\">i&#110;&#x66;&#x6f;&#64;&#111;&#115;&#x2d;&#x6d;i&#114;&#x6e;&#x61;&#46;&#115;&#105;<\/a>\u00a0ter s pisno vlogo na naslov Osnovna \u0161ola Mirna, Cesta na Fu\u017eine 1, 8233 Mirna.<\/p>\n<p>V primeru preklica soglasja bo Osnovna \u0161ola Mirna prenehala z obdelavo podatkov, zbranih na podlagi soglasja. Podatki, ki so nujno potrebni za izdajo listine, bodo zaradi morebitnih kasnej\u0161ih zahtevkov po izdaji teh listin, psevdonimizirani ali anonimizirani.<\/p>\n<p><strong>UGOVOR<\/strong><\/p>\n<p>Uporabnik ima pravico do ugovora in lahko kadarkoli ugovarja uporabi podatkov za zgoraj navedene namene. Ugovor lahko poda z vlo\u017eitvijo vloge na elektronski naslov\u00a0<a href=\"&#109;&#x61;i&#108;&#x74;o&#x3a;&#x69;&#110;&#x66;o&#64;&#x6f;s&#45;&#x6d;&#105;&#x72;n&#97;&#x2e;s&#105;\">&#105;&#x6e;f&#111;&#x40;o&#115;&#x2d;m&#x69;&#x72;&#110;&#x61;&#46;&#115;&#x69;<\/a>\u00a0ter s pisno vlogo na naslov Osnovna \u0161ola Mirna, Cesta na Fu\u017eine 1, 8233 Mirna.<\/p>\n<p>&nbsp;<\/p>\n<p><strong>PRIDOBIVANJE PODATKOV<\/strong><\/p>\n<p>Osnovna \u0161ola Mirna osebne podatke pridobi od uporabnika neposredno ali prek tretjih oseb, pri \u010demer v obeh primerih obdeluje iste vrste osebnih podatkov, kot \u010de jih pridobi neposredno od uporabnika. Osnovna \u0161ola Mirna lahko uporabnikove osebne podatke posreduje tretja oseba, (npr. ravnatelj, ki zbira osebne podatke svojih zaposlenih iz izobra\u017eevanj. Podatki, ki\u00a0jih Osnovna \u0161ola Mirna zbira o posameznikih so: ime in priimek, elektronska po\u0161ta, naslov, transakcijski, telefonska \u0161tevilka, izdana potrdila ter sklepov.<\/p>\n<p><strong>OBDOBJE HRAMBE<\/strong><\/p>\n<p>Osebni podatki bodo v skladu z namenom obve\u0161\u010danja in izdaje javnih listin hranjeni do preklica.<\/p>\n<p><strong>PRAVICE UPORABNIKOV<\/strong><\/p>\n<p>Uporabniki lahko s pisno vlogo na elektronski naslov\u00a0<a href=\"&#x6d;a&#x69;&#108;&#x74;&#111;&#x3a;&#x69;n&#x66;&#111;&#x40;&#111;&#x73;&#45;m&#x69;&#114;&#x6e;&#97;&#x2e;&#115;i\">&#x69;&#x6e;&#x66;&#x6f;&#x40;&#x6f;&#x73;&#x2d;&#x6d;&#x69;&#x72;&#110;&#97;&#46;&#115;&#105;<\/a>\u00a0ter s pisno vlogo na naslov Osnovna \u0161ola Mirna, Cesta na Fu\u017eine 1, 8233 Mirna zahtevajo:<\/p>\n<ul>\n<li>Izpis z namenom seznanitve z osebnimi podatki, ki jih Osnovna \u0161ola Mirna o uporabniku obdeluje,<\/li>\n<li>Popravek podatkov v primerih, ko hranjeni osebni podatki niso pravilni,<\/li>\n<li>Izbris ali omejitev obdelave svojih osebnih podatkov, pri \u010demer bodo s strani upravljalca obve\u0161\u010deni, da bo zaradi izbrisa osebnih podatkov onemogo\u010deno uveljavljanje morebitnih kasnej\u0161ih zahtevkov za izdajo javnih listin.<\/li>\n<\/ul>\n<p><strong>PRAVICA DO PRITO\u017dBE<\/strong><\/p>\n<p>V primeru, da uporabnik meni, da Osnovna \u0161ola Mirna pri obdelavi osebnih podatkov kr\u0161i njegove pravice, lahko vlo\u017ei prito\u017ebo s pisno vlogo na naslov Osnovna \u0161ola Mirna, Cesta na Fu\u017eine 1, 8233 Mirna.<\/p>\n<p>Uporabniki lahko vlo\u017eijo prito\u017ebo tudi pri nadzornem organu za varstvo osebnih podatkov oziroma pri Informacijskem poobla\u0161\u010dencu.<\/p>\n<p><strong>KON\u010cNA DOLO\u010cBA<\/strong><\/p>\n<p>Ta Politika zasebnosti za\u010dne veljati s 1. 1. 2019 in se uporablja od tega datuma dalje za vse uporabnike.<\/p>\n","protected":false},"excerpt":{"rendered":"<p>Politika zasebnosti Osnovne \u0161ole Mirna S politiko zasebnosti vas \u017eelimo obvestiti o obdelavi osebnih podatkov, ki jo Osnovna \u0161ola Mirna izvaja v skladu s Splo\u0161no uredbo o varstvu osebnih podatkov (GDPR) in zakonom, ki&#46;&#46;&#46;<\/p>\n","protected":false},"author":5692,"featured_media":0,"parent":0,"menu_order":0,"comment_status":"closed","ping_status":"closed","template":"","meta":{"ngg_post_thumbnail":0,"footnotes":""},"class_list":["post-11475","page","type-page","status-publish","hentry"],"_links":{"self":[{"href":"https:\/\/www.os-mirna.si\/index.php?rest_route=\/wp\/v2\/pages\/11475","targetHints":{"allow":["GET"]}}],"collection":[{"href":"https:\/\/www.os-mirna.si\/index.php?rest_route=\/wp\/v2\/pages"}],"about":[{"href":"https:\/\/www.os-mirna.si\/index.php?rest_route=\/wp\/v2\/types\/page"}],"author":[{"embeddable":true,"href":"https:\/\/www.os-mirna.si\/index.php?rest_route=\/wp\/v2\/users\/5692"}],"replies":[{"embeddable":true,"href":"https:\/\/www.os-mirna.si\/index.php?rest_route=%2Fwp%2Fv2%2Fcomments&post=11475"}],"version-history":[{"count":1,"href":"https:\/\/www.os-mirna.si\/index.php?rest_route=\/wp\/v2\/pages\/11475\/revisions"}],"predecessor-version":[{"id":11477,"href":"https:\/\/www.os-mirna.si\/index.php?rest_route=\/wp\/v2\/pages\/11475\/revisions\/11477"}],"wp:attachment":[{"href":"https:\/\/www.os-mirna.si\/index.php?rest_route=%2Fwp%2Fv2%2Fmedia&parent=11475"}],"curies":[{"name":"wp","href":"https:\/\/api.w.org\/{rel}","templated":true}]}}