{"id":1229,"date":"2015-10-07T12:00:34","date_gmt":"2015-10-07T10:00:34","guid":{"rendered":"http:\/\/osmirna.splet.arnes.si\/?page_id=1229"},"modified":"2018-10-23T20:04:29","modified_gmt":"2018-10-23T18:04:29","slug":"bralna-znacka-anglescina","status":"publish","type":"page","link":"https:\/\/www.os-mirna.si\/?page_id=1229","title":{"rendered":"Bralna zna\u010dka &#8211; angle\u0161\u010dina"},"content":{"rendered":"<p><strong>BRALNA ZNA\u010cKA<\/strong><\/p>\n<p>Angle\u0161ko bralno zna\u010dko opravi\u0161 pri u\u010diteljici, ki te pou\u010duje angle\u0161\u010dino. Knjigo natan\u010dno preberi. \u0160e posebej bodi pozoren na vpra\u0161anja in seznam besed, ki jih najde\u0161 na koncu knjige. Bralno zna\u010dko lahko opravi\u0161 do konca maja. Prebrati mora\u0161 tri knjige.<\/p>\n<p><strong>4. RAZRED<\/strong><\/p>\n<table>\n<tbody>\n<tr>\n<td>The Enormous Turnip<\/td>\n<td>We Can Help!<\/td>\n<td>Deserts<\/td>\n<\/tr>\n<tr>\n<td><a href=\"http:\/\/osmirna.splet.arnes.si\/files\/2015\/10\/4enormous.png\"><img loading=\"lazy\" decoding=\"async\" class=\"aligncenter size-full wp-image-9075\" src=\"http:\/\/osmirna.splet.arnes.si\/files\/2015\/10\/4enormous.png\" alt=\"\" width=\"172\" height=\"199\" \/><\/a><\/td>\n<td><a href=\"http:\/\/osmirna.splet.arnes.si\/files\/2015\/10\/4we-can-help.png\"><img loading=\"lazy\" decoding=\"async\" class=\"aligncenter size-full wp-image-9077\" src=\"http:\/\/osmirna.splet.arnes.si\/files\/2015\/10\/4we-can-help.png\" alt=\"\" width=\"171\" height=\"201\" \/><\/a><\/td>\n<td><a href=\"http:\/\/osmirna.splet.arnes.si\/files\/2015\/10\/4deserts.png\"><img loading=\"lazy\" decoding=\"async\" class=\"aligncenter size-full wp-image-9073\" src=\"http:\/\/osmirna.splet.arnes.si\/files\/2015\/10\/4deserts.png\" alt=\"\" width=\"170\" height=\"197\" \/><\/a><\/td>\n<\/tr>\n<\/tbody>\n<\/table>\n<p>&nbsp;<\/p>\n<p><strong>5. RAZRED<\/strong><\/p>\n<table class=\" aligncenter\">\n<tbody>\n<tr>\n<td>Three Billy Goats<\/td>\n<td>The Ugly Duckling<\/td>\n<td>Little Red Hen<\/td>\n<td>Little Red Riding Hood<\/td>\n<td>Beauty and the Beast<\/td>\n<\/tr>\n<tr>\n<td><a href=\"http:\/\/osmirna.splet.arnes.si\/files\/2015\/10\/three_billy_goats.jpg\"><img loading=\"lazy\" decoding=\"async\" class=\"aligncenter wp-image-1232\" src=\"http:\/\/osmirna.splet.arnes.si\/files\/2015\/10\/three_billy_goats.jpg\" alt=\"three_billy_goats\" width=\"139\" height=\"178\" srcset=\"https:\/\/www.os-mirna.si\/files\/2015\/10\/three_billy_goats.jpg 389w, https:\/\/www.os-mirna.si\/files\/2015\/10\/three_billy_goats-234x300.jpg 234w\" sizes=\"auto, (max-width: 139px) 100vw, 139px\" \/><\/a><\/td>\n<td><a href=\"http:\/\/osmirna.splet.arnes.si\/files\/2015\/10\/The_ugly_ducking.jpg\"><img loading=\"lazy\" decoding=\"async\" class=\"aligncenter wp-image-1231\" src=\"http:\/\/osmirna.splet.arnes.si\/files\/2015\/10\/The_ugly_ducking.jpg\" alt=\"The_ugly_ducking\" width=\"145\" height=\"181\" srcset=\"https:\/\/www.os-mirna.si\/files\/2015\/10\/The_ugly_ducking.jpg 402w, https:\/\/www.os-mirna.si\/files\/2015\/10\/The_ugly_ducking-241x300.jpg 241w\" sizes=\"auto, (max-width: 145px) 100vw, 145px\" \/><\/a><\/td>\n<td><a href=\"http:\/\/osmirna.splet.arnes.si\/files\/2015\/10\/The_little_red_hen.jpg\"><img loading=\"lazy\" decoding=\"async\" class=\"aligncenter size-full wp-image-1230\" src=\"http:\/\/osmirna.splet.arnes.si\/files\/2015\/10\/The_little_red_hen.jpg\" alt=\"The_little_red_hen\" width=\"138\" height=\"180\" \/><\/a><\/td>\n<td><a href=\"http:\/\/osmirna.splet.arnes.si\/files\/2015\/10\/5littlered.png\"><img loading=\"lazy\" decoding=\"async\" class=\"aligncenter size-full wp-image-9081\" src=\"http:\/\/osmirna.splet.arnes.si\/files\/2015\/10\/5littlered.png\" alt=\"\" width=\"168\" height=\"186\" \/><\/a><\/td>\n<td><a href=\"http:\/\/osmirna.splet.arnes.si\/files\/2015\/10\/5beauty.png\"><img loading=\"lazy\" decoding=\"async\" class=\"aligncenter size-full wp-image-9079\" src=\"http:\/\/osmirna.splet.arnes.si\/files\/2015\/10\/5beauty.png\" alt=\"\" width=\"170\" height=\"198\" \/><\/a><\/td>\n<\/tr>\n<\/tbody>\n<\/table>\n<p>&nbsp;<\/p>\n<p><strong>6. <\/strong><strong>RAZRED<\/strong><\/p>\n<table class=\" aligncenter\">\n<tbody>\n<tr>\n<td>New York Cafe<\/td>\n<td>Pirate Treasure<\/td>\n<td>Star Reporter<\/td>\n<td>Great Buildings<\/td>\n<td>The Talent Show<\/td>\n<\/tr>\n<tr>\n<td><a href=\"http:\/\/osmirna.splet.arnes.si\/files\/2015\/10\/6_new_york_cafee.jpg\"><img loading=\"lazy\" decoding=\"async\" class=\"aligncenter wp-image-1235\" src=\"http:\/\/osmirna.splet.arnes.si\/files\/2015\/10\/6_new_york_cafee.jpg\" alt=\"6_new_york_cafee\" width=\"118\" height=\"180\" srcset=\"https:\/\/www.os-mirna.si\/files\/2015\/10\/6_new_york_cafee.jpg 326w, https:\/\/www.os-mirna.si\/files\/2015\/10\/6_new_york_cafee-196x300.jpg 196w\" sizes=\"auto, (max-width: 118px) 100vw, 118px\" \/><\/a><\/td>\n<td><a href=\"http:\/\/osmirna.splet.arnes.si\/files\/2015\/10\/6_pirate_treasure.jpg\"><img loading=\"lazy\" decoding=\"async\" class=\"aligncenter wp-image-1236\" src=\"http:\/\/osmirna.splet.arnes.si\/files\/2015\/10\/6_pirate_treasure.jpg\" alt=\"6_pirate_treasure\" width=\"116\" height=\"180\" \/><\/a><\/td>\n<td><a href=\"http:\/\/osmirna.splet.arnes.si\/files\/2015\/10\/6_starr_reporter.jpg\"><img loading=\"lazy\" decoding=\"async\" class=\"aligncenter wp-image-1237\" src=\"http:\/\/osmirna.splet.arnes.si\/files\/2015\/10\/6_starr_reporter.jpg\" alt=\"6_starr_reporter\" width=\"130\" height=\"180\" srcset=\"https:\/\/www.os-mirna.si\/files\/2015\/10\/6_starr_reporter.jpg 250w, https:\/\/www.os-mirna.si\/files\/2015\/10\/6_starr_reporter-217x300.jpg 217w\" sizes=\"auto, (max-width: 130px) 100vw, 130px\" \/><\/a><\/td>\n<td><a href=\"http:\/\/osmirna.splet.arnes.si\/files\/2015\/10\/6great.png\"><img loading=\"lazy\" decoding=\"async\" class=\"aligncenter size-full wp-image-9083\" src=\"http:\/\/osmirna.splet.arnes.si\/files\/2015\/10\/6great.png\" alt=\"\" width=\"170\" height=\"200\" \/><\/a><\/td>\n<td><a href=\"http:\/\/osmirna.splet.arnes.si\/files\/2015\/10\/6talent.png\"><img loading=\"lazy\" decoding=\"async\" class=\"aligncenter size-full wp-image-9085\" src=\"http:\/\/osmirna.splet.arnes.si\/files\/2015\/10\/6talent.png\" alt=\"\" width=\"166\" height=\"196\" \/><\/a><\/td>\n<\/tr>\n<\/tbody>\n<\/table>\n<p>&nbsp;<\/p>\n<p><strong>7. RAZRED<\/strong><\/p>\n<table>\n<tbody>\n<tr>\n<td>The Gift of the Magi<br \/>\nand Other Stories<\/td>\n<td>The Call of the Wild<\/td>\n<td>The Secret Garden<\/td>\n<td>The Emperor and\u00a0 the Nightingale<\/td>\n<td>The Snow Queen<\/td>\n<\/tr>\n<tr>\n<td><a href=\"http:\/\/osmirna.splet.arnes.si\/files\/2015\/10\/7_gift.jpg\"><img loading=\"lazy\" decoding=\"async\" class=\"aligncenter wp-image-1240\" src=\"http:\/\/osmirna.splet.arnes.si\/files\/2015\/10\/7_gift.jpg\" alt=\"7_gift\" width=\"124\" height=\"190\" srcset=\"https:\/\/www.os-mirna.si\/files\/2015\/10\/7_gift.jpg 226w, https:\/\/www.os-mirna.si\/files\/2015\/10\/7_gift-196x300.jpg 196w\" sizes=\"auto, (max-width: 124px) 100vw, 124px\" \/><\/a><\/td>\n<td><a href=\"http:\/\/osmirna.splet.arnes.si\/files\/2015\/10\/7_call.jpg\"><img loading=\"lazy\" decoding=\"async\" class=\"aligncenter wp-image-1238\" src=\"http:\/\/osmirna.splet.arnes.si\/files\/2015\/10\/7_call.jpg\" alt=\"7_call\" width=\"135\" height=\"191\" srcset=\"https:\/\/www.os-mirna.si\/files\/2015\/10\/7_call.jpg 245w, https:\/\/www.os-mirna.si\/files\/2015\/10\/7_call-212x300.jpg 212w\" sizes=\"auto, (max-width: 135px) 100vw, 135px\" \/><\/a><\/td>\n<td><a href=\"http:\/\/osmirna.splet.arnes.si\/files\/2015\/10\/7_garden.jpg\"><img loading=\"lazy\" decoding=\"async\" class=\"aligncenter wp-image-1239\" src=\"http:\/\/osmirna.splet.arnes.si\/files\/2015\/10\/7_garden.jpg\" alt=\"7_garden\" width=\"124\" height=\"190\" \/><\/a><\/td>\n<td><a href=\"http:\/\/osmirna.splet.arnes.si\/files\/2015\/10\/7emperor.png\"><img loading=\"lazy\" decoding=\"async\" class=\"aligncenter size-full wp-image-9087\" src=\"http:\/\/osmirna.splet.arnes.si\/files\/2015\/10\/7emperor.png\" alt=\"\" width=\"168\" height=\"185\" \/><\/a><\/td>\n<td><a href=\"http:\/\/osmirna.splet.arnes.si\/files\/2015\/10\/7snow.png\"><img loading=\"lazy\" decoding=\"async\" class=\"aligncenter size-full wp-image-9089\" src=\"http:\/\/osmirna.splet.arnes.si\/files\/2015\/10\/7snow.png\" alt=\"\" width=\"172\" height=\"199\" \/><\/a><\/td>\n<\/tr>\n<\/tbody>\n<\/table>\n<p>&nbsp;<\/p>\n<p>&nbsp;<\/p>\n<p><strong> 8. RAZRED<\/strong> in <strong>9. RAZRED<\/strong> sta vklju\u010dena v bralne aktivnosti pri pouku angle\u0161\u010dine v obliki doma\u010dega branja. Lahko pa vseeno osvoji\u0161 zna\u010dko s knjigami, ki jih izbere\u0161 sam \/ sama!<\/p>\n<p>&nbsp;<\/p>\n","protected":false},"excerpt":{"rendered":"<p>BRALNA ZNA\u010cKA Angle\u0161ko bralno zna\u010dko opravi\u0161 pri u\u010diteljici, ki te pou\u010duje angle\u0161\u010dino. Knjigo natan\u010dno preberi. \u0160e posebej bodi pozoren na vpra\u0161anja in seznam besed, ki jih najde\u0161 na koncu knjige. Bralno zna\u010dko lahko opravi\u0161&#46;&#46;&#46;<\/p>\n","protected":false},"author":5692,"featured_media":0,"parent":0,"menu_order":0,"comment_status":"closed","ping_status":"closed","template":"","meta":{"ngg_post_thumbnail":0,"footnotes":""},"class_list":["post-1229","page","type-page","status-publish","hentry"],"_links":{"self":[{"href":"https:\/\/www.os-mirna.si\/index.php?rest_route=\/wp\/v2\/pages\/1229","targetHints":{"allow":["GET"]}}],"collection":[{"href":"https:\/\/www.os-mirna.si\/index.php?rest_route=\/wp\/v2\/pages"}],"about":[{"href":"https:\/\/www.os-mirna.si\/index.php?rest_route=\/wp\/v2\/types\/page"}],"author":[{"embeddable":true,"href":"https:\/\/www.os-mirna.si\/index.php?rest_route=\/wp\/v2\/users\/5692"}],"replies":[{"embeddable":true,"href":"https:\/\/www.os-mirna.si\/index.php?rest_route=%2Fwp%2Fv2%2Fcomments&post=1229"}],"version-history":[{"count":5,"href":"https:\/\/www.os-mirna.si\/index.php?rest_route=\/wp\/v2\/pages\/1229\/revisions"}],"predecessor-version":[{"id":9091,"href":"https:\/\/www.os-mirna.si\/index.php?rest_route=\/wp\/v2\/pages\/1229\/revisions\/9091"}],"wp:attachment":[{"href":"https:\/\/www.os-mirna.si\/index.php?rest_route=%2Fwp%2Fv2%2Fmedia&parent=1229"}],"curies":[{"name":"wp","href":"https:\/\/api.w.org\/{rel}","templated":true}]}}