{"id":147,"date":"2015-07-31T10:14:35","date_gmt":"2015-07-31T08:14:35","guid":{"rendered":"http:\/\/osmirna.splet.arnes.si\/?page_id=147"},"modified":"2015-07-31T10:14:35","modified_gmt":"2015-07-31T08:14:35","slug":"pravilnik-o-uporabi-racunalnikov-v-knjiznici","status":"publish","type":"page","link":"https:\/\/www.os-mirna.si\/?page_id=147","title":{"rendered":"Pravilnik o uporabi ra\u010dunalnikov v knji\u017enici"},"content":{"rendered":"<p>Pravilnik o uporabi ra\u010dunalnikov v knji\u017enici<br \/>\nU\u010denci <strong>LAHKO <\/strong>uporabljajo ra\u010dunalnike za:<\/p>\n<ol>\n<li>za <strong>brskanje po katalogu <\/strong>\u0161olske knji\u017enice<\/li>\n<li>za <strong>iskanje informacij preko interneta<\/strong>, povezane s poukom in \u0161olskim delom<\/li>\n<li>za <strong>pisanje in oblikovanje besedil<\/strong><\/li>\n<li>za <strong>pregledovanje zgo\u0161\u010denk<\/strong>, ki so na voljo v knji\u017enici<\/li>\n<\/ol>\n<p>U\u010dencem <strong>NI DOVOLJENO<\/strong>:<\/p>\n<ol>\n<li><strong>Brisanje<\/strong> name\u0161\u010denih programov<\/li>\n<li><strong>Name\u0161\u010danje<\/strong> novih programov<\/li>\n<li><strong>Spreminjanje<\/strong> slik na zaslonu<\/li>\n<li><strong>Uni\u010devanje<\/strong> kateregakoli dela pripadajo\u010de strojne opreme (tudi slu\u0161alk)<\/li>\n<li><strong>Prepovedana je<\/strong> uporaba lastnih zgo\u0161\u010denk, igranje iger na internetu, obiskovanje spornih strani na internetu (nasilje, pornografija\u2026), vna\u0161anje osebnih podatkov.<\/li>\n<\/ol>\n<p>Ra\u010dunalnik je u\u010dencem na razpolago le, kadar je <strong>na urniku IZPOSOJA<\/strong>.<\/p>\n<p>Posameznik se mora najaviti <strong>vsaj en dan prej<\/strong>.<\/p>\n<p>En ra\u010dunalnik lahko uporabljata najve\u010d <strong>dva u\u010denca hkrati<\/strong>.<\/p>\n<p>\u010ce se hkrati v \u0161olski uri zanima za uporabo ra\u010dunalnika ve\u010d u\u010dencev, <strong>je \u010das omejen na 15 ali 20 minut.<\/strong><\/p>\n<p>Kadar so ra\u010dunalniki prosti, lahko u\u010denec uporablja ra\u010dunalnik dalj\u0161i \u010das.<\/p>\n<p>Pri uporabi ra\u010dunalnikov imajo <strong>prednost u\u010denci, ki imajo naloge<\/strong>, povezane s poukom in \u0161olskim delom.<\/p>\n<p><strong>Neodgovornim u\u010dencem<\/strong> se lahko prepove uporabo ra\u010dunalnikov v knji\u017enici.<\/p>\n<p><strong>Igre na ra\u010dunalniku<\/strong> lahko izjemoma dovoli le knji\u017eni\u010darka.<\/p>\n","protected":false},"excerpt":{"rendered":"<p>Pravilnik o uporabi ra\u010dunalnikov v knji\u017enici U\u010denci LAHKO uporabljajo ra\u010dunalnike za: za brskanje po katalogu \u0161olske knji\u017enice za iskanje informacij preko interneta, povezane s poukom in \u0161olskim delom za pisanje in oblikovanje besedil za&#46;&#46;&#46;<\/p>\n","protected":false},"author":5692,"featured_media":0,"parent":0,"menu_order":0,"comment_status":"open","ping_status":"open","template":"","meta":{"ngg_post_thumbnail":0,"footnotes":""},"class_list":["post-147","page","type-page","status-publish","hentry"],"_links":{"self":[{"href":"https:\/\/www.os-mirna.si\/index.php?rest_route=\/wp\/v2\/pages\/147","targetHints":{"allow":["GET"]}}],"collection":[{"href":"https:\/\/www.os-mirna.si\/index.php?rest_route=\/wp\/v2\/pages"}],"about":[{"href":"https:\/\/www.os-mirna.si\/index.php?rest_route=\/wp\/v2\/types\/page"}],"author":[{"embeddable":true,"href":"https:\/\/www.os-mirna.si\/index.php?rest_route=\/wp\/v2\/users\/5692"}],"replies":[{"embeddable":true,"href":"https:\/\/www.os-mirna.si\/index.php?rest_route=%2Fwp%2Fv2%2Fcomments&post=147"}],"version-history":[{"count":1,"href":"https:\/\/www.os-mirna.si\/index.php?rest_route=\/wp\/v2\/pages\/147\/revisions"}],"predecessor-version":[{"id":148,"href":"https:\/\/www.os-mirna.si\/index.php?rest_route=\/wp\/v2\/pages\/147\/revisions\/148"}],"wp:attachment":[{"href":"https:\/\/www.os-mirna.si\/index.php?rest_route=%2Fwp%2Fv2%2Fmedia&parent=147"}],"curies":[{"name":"wp","href":"https:\/\/api.w.org\/{rel}","templated":true}]}}