{"id":153,"date":"2015-07-31T10:17:47","date_gmt":"2015-07-31T08:17:47","guid":{"rendered":"http:\/\/osmirna.splet.arnes.si\/?page_id=153"},"modified":"2025-02-19T23:59:34","modified_gmt":"2025-02-19T22:59:34","slug":"bralna-znacka","status":"publish","type":"page","link":"https:\/\/www.os-mirna.si\/?page_id=153","title":{"rendered":"Bralna zna\u010dka"},"content":{"rendered":"<p><span style=\"color: #0000ff\"><a style=\"color: #0000ff\" href=\"https:\/\/www.os-mirna.si\/files\/2022\/10\/Bralna-znacka-1.pdf\">Bralna zna\u010dka 1<\/a><\/span><\/p>\n<p><span style=\"color: #0000ff\"><a style=\"color: #0000ff\" href=\"https:\/\/www.os-mirna.si\/files\/2022\/10\/Bralna-znacka-2.pdf\">Bralna zna\u010dka 2<\/a><\/span><\/p>\n<p><span style=\"color: #0000ff\"><a style=\"color: #0000ff\" href=\"https:\/\/www.os-mirna.si\/files\/2022\/10\/Bralna-znacka-3.pdf\">Bralna zna\u010dka 3<\/a><\/span><\/p>\n<p><span style=\"color: #0000ff\"><a style=\"color: #0000ff\" href=\"https:\/\/www.os-mirna.si\/files\/2022\/10\/Bralna-znacka-4.pdf\">Bralna zna\u010dka 4<\/a><\/span><\/p>\n<p><span style=\"color: #0000ff\"><a style=\"color: #0000ff\" href=\"https:\/\/www.os-mirna.si\/files\/2022\/10\/Bralna-znacka-5.pdf\">Bralna zna\u010dka 5<\/a><\/span><\/p>\n<p><span style=\"color: #0000ff\"><a style=\"color: #0000ff\" href=\"https:\/\/www.os-mirna.si\/files\/2022\/10\/Bralna-znacka-6.pdf\">Bralna zna\u010dka 6<\/a><\/span><\/p>\n<p><span style=\"color: #0000ff\"><a style=\"color: #0000ff\" href=\"https:\/\/www.os-mirna.si\/files\/2022\/10\/Bralna-znacka-7.pdf\">Bralna zna\u010dka 7<\/a><\/span><\/p>\n<p><span style=\"color: #0000ff\"><a style=\"color: #0000ff\" href=\"https:\/\/www.os-mirna.si\/files\/2022\/10\/Bralna-znacka-8.pdf\">Bralna zna\u010dka 8<\/a><\/span><\/p>\n<p><span style=\"color: #0000ff\"><a style=\"color: #0000ff\" href=\"https:\/\/www.os-mirna.si\/files\/2022\/10\/Bralna-znacka-9_22z.pdf\">Bralna zna\u010dka 9<\/a><\/span><\/p>\n<p><span style=\"color: #0000ff\"><a style=\"color: #0000ff\" href=\"https:\/\/www.os-mirna.si\/files\/2022\/10\/Nemska-bralna-znacka.pdf\">Nem\u0161ka bralna zna\u010dka<\/a><\/span><\/p>\n<p><span style=\"color: #0000ff\"><a style=\"color: #0000ff\" href=\"http:\/\/osmirna.splet.arnes.si\/?page_id=1229\">Angle\u0161ka bralna zna\u010dka<\/a><\/span><\/p>\n<p>&nbsp;<\/p>\n","protected":false},"excerpt":{"rendered":"<p>Bralna zna\u010dka 1 Bralna zna\u010dka 2 Bralna zna\u010dka 3 Bralna zna\u010dka 4 Bralna zna\u010dka 5 Bralna zna\u010dka 6 Bralna zna\u010dka 7 Bralna zna\u010dka 8 Bralna zna\u010dka 9 Nem\u0161ka bralna zna\u010dka Angle\u0161ka bralna zna\u010dka &nbsp;<\/p>\n","protected":false},"author":5692,"featured_media":0,"parent":0,"menu_order":0,"comment_status":"open","ping_status":"open","template":"","meta":{"ngg_post_thumbnail":0,"footnotes":""},"class_list":["post-153","page","type-page","status-publish","hentry"],"_links":{"self":[{"href":"https:\/\/www.os-mirna.si\/index.php?rest_route=\/wp\/v2\/pages\/153","targetHints":{"allow":["GET"]}}],"collection":[{"href":"https:\/\/www.os-mirna.si\/index.php?rest_route=\/wp\/v2\/pages"}],"about":[{"href":"https:\/\/www.os-mirna.si\/index.php?rest_route=\/wp\/v2\/types\/page"}],"author":[{"embeddable":true,"href":"https:\/\/www.os-mirna.si\/index.php?rest_route=\/wp\/v2\/users\/5692"}],"replies":[{"embeddable":true,"href":"https:\/\/www.os-mirna.si\/index.php?rest_route=%2Fwp%2Fv2%2Fcomments&post=153"}],"version-history":[{"count":15,"href":"https:\/\/www.os-mirna.si\/index.php?rest_route=\/wp\/v2\/pages\/153\/revisions"}],"predecessor-version":[{"id":31858,"href":"https:\/\/www.os-mirna.si\/index.php?rest_route=\/wp\/v2\/pages\/153\/revisions\/31858"}],"wp:attachment":[{"href":"https:\/\/www.os-mirna.si\/index.php?rest_route=%2Fwp%2Fv2%2Fmedia&parent=153"}],"curies":[{"name":"wp","href":"https:\/\/api.w.org\/{rel}","templated":true}]}}