{"id":156,"date":"2015-07-31T10:18:22","date_gmt":"2015-07-31T08:18:22","guid":{"rendered":"http:\/\/osmirna.splet.arnes.si\/?page_id=156"},"modified":"2025-02-22T21:06:04","modified_gmt":"2025-02-22T20:06:04","slug":"gost-na-soli","status":"publish","type":"page","link":"https:\/\/www.os-mirna.si\/?page_id=156","title":{"rendered":"Gost na \u0161oli"},"content":{"rendered":"<p><span style=\"color: #0000ff\"><a style=\"color: #0000ff\" href=\"https:\/\/www.os-mirna.si\/files\/2023\/09\/23-24-GOST-na-soli-KNJ.pdf\">Dokumentirano v \u0161olski knji\u017enici<\/a><\/span><\/p>\n<p><span style=\"color: #0000ff\"><a style=\"color: #0000ff\" href=\"http:\/\/osmirna.splet.arnes.si\/files\/2021\/03\/Pri\u010devanje-zaposlenih-na-\u0161oli-1.pdf\">Pri\u010devanje zaposlenih na \u0161oli<\/a><\/span><\/p>\n","protected":false},"excerpt":{"rendered":"<p>Dokumentirano v \u0161olski knji\u017enici Pri\u010devanje zaposlenih na \u0161oli<\/p>\n","protected":false},"author":5692,"featured_media":0,"parent":0,"menu_order":0,"comment_status":"open","ping_status":"open","template":"","meta":{"ngg_post_thumbnail":0,"footnotes":""},"class_list":["post-156","page","type-page","status-publish","hentry"],"_links":{"self":[{"href":"https:\/\/www.os-mirna.si\/index.php?rest_route=\/wp\/v2\/pages\/156","targetHints":{"allow":["GET"]}}],"collection":[{"href":"https:\/\/www.os-mirna.si\/index.php?rest_route=\/wp\/v2\/pages"}],"about":[{"href":"https:\/\/www.os-mirna.si\/index.php?rest_route=\/wp\/v2\/types\/page"}],"author":[{"embeddable":true,"href":"https:\/\/www.os-mirna.si\/index.php?rest_route=\/wp\/v2\/users\/5692"}],"replies":[{"embeddable":true,"href":"https:\/\/www.os-mirna.si\/index.php?rest_route=%2Fwp%2Fv2%2Fcomments&post=156"}],"version-history":[{"count":10,"href":"https:\/\/www.os-mirna.si\/index.php?rest_route=\/wp\/v2\/pages\/156\/revisions"}],"predecessor-version":[{"id":31916,"href":"https:\/\/www.os-mirna.si\/index.php?rest_route=\/wp\/v2\/pages\/156\/revisions\/31916"}],"wp:attachment":[{"href":"https:\/\/www.os-mirna.si\/index.php?rest_route=%2Fwp%2Fv2%2Fmedia&parent=156"}],"curies":[{"name":"wp","href":"https:\/\/api.w.org\/{rel}","templated":true}]}}