{"id":159,"date":"2015-07-31T10:19:09","date_gmt":"2015-07-31T08:19:09","guid":{"rendered":"http:\/\/osmirna.splet.arnes.si\/?page_id=159"},"modified":"2016-07-25T12:08:16","modified_gmt":"2016-07-25T10:08:16","slug":"knjizne-razstave","status":"publish","type":"page","link":"https:\/\/www.os-mirna.si\/?page_id=159","title":{"rendered":"Knji\u017ene razstave"},"content":{"rendered":"<h3>V knji\u017enici so predvidene razstave:<\/h3>\n<p>&nbsp;<\/p>\n<ul>\n<li>Razstava knjig s priporo\u010dilnega seznama za bralno zna\u010dko<\/li>\n<li>Novosti v knji\u017enici<\/li>\n<li>Razvijajmo bralno pismenost<\/li>\n<li>Razstava na temo teden otroka<\/li>\n<li>Razstava o literarnih ustvarjalcih s pomembnimi obletnicami<\/li>\n<li>Razstava na temo \u0161olskega parlamenta<\/li>\n<li>Pre\u0161ernovi nagrajenci<\/li>\n<li>Razstava o \u017eivljenju in delu gosta na\u0161e \u0161ole<\/li>\n<li>Mesec april \u2013 mesec knjige<\/li>\n<li>Svetovni dan zemlje \u2013 22. april (razstava ustvarjalnic po branju za eko bralno zna\u010dko)<\/li>\n<li>Razstava ustvarjalnic u\u010dencev iz 1. razreda po branju za bralno zna\u010dko<\/li>\n<li>Moje prve ilustracije literarnih oseb (izdelki u\u010dencev pri bralni uri)<\/li>\n<li>Knji\u017ene nagrajenke in nominiranke na knji\u017eni polici v \u0161olski knji\u017enici (Desetnica, Ve\u010dernica, Izvirna slovenska slikanica, Hru\u0161ke)<\/li>\n<\/ul>\n<p>&nbsp;<\/p>\n","protected":false},"excerpt":{"rendered":"<p>V knji\u017enici so predvidene razstave: &nbsp; Razstava knjig s priporo\u010dilnega seznama za bralno zna\u010dko Novosti v knji\u017enici Razvijajmo bralno pismenost Razstava na temo teden otroka Razstava o literarnih ustvarjalcih s pomembnimi obletnicami Razstava na&#46;&#46;&#46;<\/p>\n","protected":false},"author":5692,"featured_media":0,"parent":0,"menu_order":0,"comment_status":"open","ping_status":"open","template":"","meta":{"ngg_post_thumbnail":0,"footnotes":""},"class_list":["post-159","page","type-page","status-publish","hentry"],"_links":{"self":[{"href":"https:\/\/www.os-mirna.si\/index.php?rest_route=\/wp\/v2\/pages\/159","targetHints":{"allow":["GET"]}}],"collection":[{"href":"https:\/\/www.os-mirna.si\/index.php?rest_route=\/wp\/v2\/pages"}],"about":[{"href":"https:\/\/www.os-mirna.si\/index.php?rest_route=\/wp\/v2\/types\/page"}],"author":[{"embeddable":true,"href":"https:\/\/www.os-mirna.si\/index.php?rest_route=\/wp\/v2\/users\/5692"}],"replies":[{"embeddable":true,"href":"https:\/\/www.os-mirna.si\/index.php?rest_route=%2Fwp%2Fv2%2Fcomments&post=159"}],"version-history":[{"count":6,"href":"https:\/\/www.os-mirna.si\/index.php?rest_route=\/wp\/v2\/pages\/159\/revisions"}],"predecessor-version":[{"id":3074,"href":"https:\/\/www.os-mirna.si\/index.php?rest_route=\/wp\/v2\/pages\/159\/revisions\/3074"}],"wp:attachment":[{"href":"https:\/\/www.os-mirna.si\/index.php?rest_route=%2Fwp%2Fv2%2Fmedia&parent=159"}],"curies":[{"name":"wp","href":"https:\/\/api.w.org\/{rel}","templated":true}]}}