{"id":17093,"date":"2021-01-25T08:13:07","date_gmt":"2021-01-25T07:13:07","guid":{"rendered":"http:\/\/osmirna.splet.arnes.si\/?page_id=17093"},"modified":"2025-02-22T21:02:37","modified_gmt":"2025-02-22T20:02:37","slug":"knjizne-nagrade-in-seznami-po-letih","status":"publish","type":"page","link":"https:\/\/www.os-mirna.si\/?page_id=17093","title":{"rendered":"KNJI\u017dNE NAGRADE IN PRIZNANJA"},"content":{"rendered":"<p><span style=\"color: #000000\"><strong>ZLATA BRALKA, ZLATI BRALEC<\/strong> \u2013 darilne knjige za deveto\u0161olce in prvo\u0161olce<\/span><\/p>\n<p><span style=\"color: #0000ff\"><a style=\"color: #0000ff\" href=\"https:\/\/www.bralnaznacka.si\/assets\/Uploads\/datoteke\/Zlati-bralec-zbirka-23-24.pdf\">https:\/\/www.bralnaznacka.si\/assets\/Uploads\/datoteke\/Zlati-bralec-zbirka-23-24.pdf<\/a><\/span><\/p>\n<p><span style=\"color: #000000\">Dru\u0161tvo Bralna zna\u010dka Slovenije \u2013 ZPMS v okviru projekta ZLATA BRALKA, ZLATI BRALEC s pomo\u010djo sponzorjev \u017ee 17 let nagrajuje zlate bralce &#8211; deveto\u0161olce za vztrajno branje vsa leta \u0161olanja, prvo\u0161ol\u010dkom pa podarja knji\u017ena darila za spodbudo k branju.<\/span><\/p>\n<p><span style=\"color: #000000\"><strong>RASTEM S KNJIGO <\/strong>\u2013 darilne knjige za sedmo\u0161olce<\/span><\/p>\n<p><span style=\"color: #0000ff\"><a style=\"color: #0000ff\" href=\"https:\/\/www.jakrs.si\/bralna-kultura\/rastem-s-knjigo\/doslej-izbrane-knjige\/\">https:\/\/www.jakrs.si\/bralna-kultura\/rastem-s-knjigo\/doslej-izbrane-knjige\/<\/a><\/span><\/p>\n<p><span style=\"color: #000000\">Projekt je za\u010delo izvajati Ministrstvo za kulturo v \u0161olskem letu 2006\/2007, najprej le za osnovne \u0161ole. Javna agencija za knjigo Republike Slovenije pa ga je za\u010dela voditi ob ustanovitvi leta 2009. Nacionalni projekt podpira bralno kulturo, motivira osnovno\u0161olce in srednje\u0161olce za branje mladinskega leposlovja slovenskih avtorjev ter jih spodbuja k obiskovanju splo\u0161nih knji\u017enic.<\/span><\/p>\n<p><strong>LEVSTIKOVE NAGRADE <\/strong><span style=\"color: #0000ff\"><a style=\"color: #0000ff\" href=\"https:\/\/sl.wikipedia.org\/wiki\/Levstikova_nagrada#Seznam_dobitnikov_od_leta_2011_do_danes\">https:\/\/sl.wikipedia.org\/wiki\/Levstikova_nagrada#Seznam_dobitnikov_od_leta_2011_do_danes<\/a><\/span><\/p>\n<p><span style=\"color: #000000\">Levstikovo nagrado podeljuje <span style=\"color: #0000ff\"><a style=\"color: #0000ff\" href=\"https:\/\/en.mladinska.com\/\">Mladinska knjiga<\/a><\/span>. Prvi\u010d jo je podelila leta 1949. Nagrajuje pesnike in pisatelje, ilustratorje in avtorje poljudnoznanstvenih za najbolj izvirne&nbsp; knjige za mlade bralce, ki izidejo pri Mladinski knjigi. Mladinska knjiga je ob petdeseti obletnici prve podelitve Levstikovih nagrad (1999) uvedla \u0161e&nbsp;Levstikovo nagrado za \u017eivljenjsko delo. Od takrat bienalno podeli \u0161tiri nagrade: za \u017eivljenjsko delo na podro\u010dju knji\u017eevnosti za otroke in mladino, za \u017eivljenjsko delo na podro\u010dju knji\u017enih ilustracij za otroke, za izvirno leposlovno delo, za izvirno ilustracijo.<\/span><\/p>\n<p><strong>Nagrade DESETNICA in nominiranci<\/strong><\/p>\n<p><span style=\"color: #0000ff\"><a style=\"color: #0000ff\" href=\"https:\/\/sl.wikipedia.org\/wiki\/Desetnica_(nagrada)\">https:\/\/sl.wikipedia.org\/wiki\/Desetnica_(nagrada)<\/a><\/span><\/p>\n<p><span style=\"color: #000000\">Desetnica&nbsp;je<\/span><span style=\"color: #0000ff\">&nbsp;<a style=\"color: #0000ff\" href=\"https:\/\/sl.wikipedia.org\/wiki\/Seznam_slovenskih_mladinskih_literarnih_nagrad\">slovenska literarna nagrada za otro\u0161ko in mladinsko knji\u017eevnost<\/a><\/span>. <span style=\"color: #000000\">Podeljuje jo<\/span>&nbsp;<span style=\"color: #0000ff\"><a style=\"color: #0000ff\" href=\"https:\/\/sl.wikipedia.org\/wiki\/Dru%C5%A1tvo_slovenskih_pisateljev\">Dru\u0161tvo slovenskih pisateljev<\/a>&nbsp;<\/span><span style=\"color: #000000\">najbolj\u0161emu slovenskemu otro\u0161kemu ali mladinskemu knji\u017enemu delu, ki je iz\u0161lo v zadnjih treh letih in ga je napisal \u010dlan dru\u0161tva.<\/span><\/p>\n<p><span style=\"color: #000000\"><strong>Nagrade VE\u010cERNICA<\/strong><\/span><\/p>\n<p><span style=\"color: #0000ff\"><a style=\"color: #0000ff\" href=\"https:\/\/sl.wikipedia.org\/wiki\/Ve%C4%8Dernica_(nagrada)\">https:\/\/sl.wikipedia.org\/wiki\/Ve%C4%8Dernica_(nagrada)<\/a><\/span><\/p>\n<p><span style=\"color: #000000\">Ve\u010dernica&nbsp;je nagrada za najbolj\u0161e mladinsko delo, ki je iz\u0161lo v preteklem letu. Nagrado podeljuje \u010dasopisno-zalo\u017eni\u0161ko podjetje&nbsp;<\/span><span style=\"color: #0000ff\"><a style=\"color: #0000ff\" href=\"https:\/\/sl.wikipedia.org\/w\/index.php?title=%C4%8CZP_Ve%C4%8Der&amp;action=edit&amp;redlink=1\">Ve\u010der<\/a><\/span> <span style=\"color: #000000\">na tradicionalnem sre\u010danju slovenskih mladinskih pisateljev<\/span>&nbsp;<span style=\"color: #0000ff\"><a style=\"color: #0000ff\" href=\"https:\/\/sl.wikipedia.org\/w\/index.php?title=Oko_besede&amp;action=edit&amp;redlink=1\">Oko besede<\/a>&nbsp;<\/span>v&nbsp;<span style=\"color: #0000ff\"><a style=\"color: #0000ff\" href=\"https:\/\/sl.wikipedia.org\/wiki\/Murska_Sobota\">Murski Soboti<\/a>&nbsp;<\/span>od leta&nbsp;<span style=\"color: #0000ff\"><a style=\"color: #0000ff\" href=\"https:\/\/sl.wikipedia.org\/wiki\/1997\">1997<\/a>&nbsp;<\/span>naprej.<\/p>\n<p><strong>Priznanja ZLATA HRU\u0160KA<\/strong><\/p>\n<p><span style=\"color: #0000ff\"><a style=\"color: #0000ff\" href=\"https:\/\/sl.wikipedia.org\/wiki\/Zlata_hru%C5%A1ka#Priznanje_zlata_hru%C5%A1ka\">https:\/\/sl.wikipedia.org\/wiki\/Zlata_hru%C5%A1ka#Priznanje_zlata_hru%C5%A1ka<\/a><\/span><\/p>\n<p><span style=\"color: #000000\">Zlata hru\u0161ka je znak kakovosti otro\u0161kih in mladinskih knjig. Knjige vrednoti uredni\u0161ki odbor Priro\u010dnika za branje kakovostnih mladinskih knjig \u017ee od leta 2004 (v okviru Mestne knji\u017enice Ljubljana). Od leta 2010 pa skupaj s Slovensko sekcijo IBBY izmed njih izberejo \u0161e najbolj\u0161e v \u0161tirih razli\u010dnih kategorijah in podelijo priznanja: za izvirno slovensko mladinsko leposlovno knjigo, za izvirno slovensko mladinsko pou\u010dno knjigo, za prevedeno mladinsko leposlovno knjigo in za prevedeno mladinsko pou\u010dno knjigo.<\/span><\/p>\n<p><span style=\"color: #000000\"><strong>IBBY \u010dastna lista&nbsp; slovenskih ustvarjalcev mladinske knji\u017eevnosti<\/strong><\/span><\/p>\n<p><span style=\"color: #0000ff\"><a style=\"color: #0000ff\" href=\"https:\/\/www.ibby.si\/castna-lista\">https:\/\/www.ibby.si\/castna-lista<\/a><\/span><\/p>\n<p><span style=\"color: #000000\">Nagrade in priznanja se podeljujejo ustvarjalcem (pisateljem, ilustratorjem in prevajalcem) na podro\u010dju mladinske knji\u017eevnosti in branja. Slovenska sekcija IBBY je zdru\u017eenje slovenskih knji\u017eevnih in likovnih ustvarjalcev, prevajalcev&nbsp; in drugih strokovnjakov s podro\u010dja mladinske knji\u017eevnosti, knji\u017enic, zalo\u017enikov, knji\u017eni\u010darjev. Aktivno deluje v Mednarodni zvezi za mladinsko knji\u017eevnost IBBY (International Board on Book for Young People).<\/span><\/p>\n<p><strong>Nagrada IZVIRNA SLOVENSKA SLIKANICA<\/strong><\/p>\n<p><span style=\"color: #0000ff\"><a style=\"color: #0000ff\" href=\"https:\/\/sl.wikipedia.org\/wiki\/Nagrada_Kristine_Brenkove\">https:\/\/sl.wikipedia.org\/wiki\/Nagrada_Kristine_Brenkove<\/a><\/span><\/p>\n<p><span style=\"color: #000000\">Zbornica knji\u017enih zalo\u017enikov in knjigotr\u017ecev vsako leto 22. oktobra, na rojstni dan Kristine Brenkove, podeljuje nagrade za najlep\u0161e izvirne slovenske slikanice.<\/span><\/p>\n<p><span style=\"color: #000000\"><strong>Priznanja MOJA NAJLJUB\u0160A KNJIGA (1998 \u2013 2011)<\/strong><\/span><\/p>\n<p><span style=\"color: #0000ff\"><a style=\"color: #0000ff\" href=\"https:\/\/sl.wikipedia.org\/wiki\/Moja_najljub%C5%A1a_knjiga\">https:\/\/sl.wikipedia.org\/wiki\/Moja_najljub%C5%A1a_knjiga<\/a><\/span><\/p>\n<p><span style=\"color: #000000\">Projekt je vodil Center za mladinsko knji\u017eevnost in knji\u017eni\u010darsto Knji\u017enice Otona \u017dupan\u010di\u010da v Ljubljani med leti 1998 in 2011. Mladi bralci so izbirali svojo najljub\u0161o knjigo slovenskega avtorja in najljub\u0161o v sloven\u0161\u010dino prevedeno knjigo. Avtorju knjige, ki je pet let zaporedoma dobila najve\u010dje \u0161tevilo glasov, se je podelilo zlato priznanje. Pri izbiri so sodelovali otroci, ki so zmogli sami prebrati knjigo. Svoj glas so oddali knji\u017eni\u010darju ali u\u010diteljici. Od leta 2011 se to priznanje oziroma nagrada ne podeljuje ve\u010d.<\/span><\/p>\n<p>&nbsp;<\/p>\n<p>&nbsp;<\/p>\n<p>&nbsp;<\/p>\n<p>&nbsp;<\/p>\n<p>&nbsp;<\/p>\n<p>&nbsp;<\/p>\n<p>&nbsp;<\/p>\n<p>&nbsp;<\/p>\n<p>&nbsp;<\/p>\n","protected":false},"excerpt":{"rendered":"<p>ZLATA BRALKA, ZLATI BRALEC \u2013 darilne knjige za deveto\u0161olce in prvo\u0161olce https:\/\/www.bralnaznacka.si\/assets\/Uploads\/datoteke\/Zlati-bralec-zbirka-23-24.pdf Dru\u0161tvo Bralna zna\u010dka Slovenije \u2013 ZPMS v okviru projekta ZLATA BRALKA, ZLATI BRALEC s pomo\u010djo sponzorjev \u017ee 17 let nagrajuje zlate bralce&#46;&#46;&#46;<\/p>\n","protected":false},"author":5692,"featured_media":0,"parent":0,"menu_order":0,"comment_status":"closed","ping_status":"closed","template":"","meta":{"ngg_post_thumbnail":0,"footnotes":""},"class_list":["post-17093","page","type-page","status-publish","hentry"],"_links":{"self":[{"href":"https:\/\/www.os-mirna.si\/index.php?rest_route=\/wp\/v2\/pages\/17093","targetHints":{"allow":["GET"]}}],"collection":[{"href":"https:\/\/www.os-mirna.si\/index.php?rest_route=\/wp\/v2\/pages"}],"about":[{"href":"https:\/\/www.os-mirna.si\/index.php?rest_route=\/wp\/v2\/types\/page"}],"author":[{"embeddable":true,"href":"https:\/\/www.os-mirna.si\/index.php?rest_route=\/wp\/v2\/users\/5692"}],"replies":[{"embeddable":true,"href":"https:\/\/www.os-mirna.si\/index.php?rest_route=%2Fwp%2Fv2%2Fcomments&post=17093"}],"version-history":[{"count":6,"href":"https:\/\/www.os-mirna.si\/index.php?rest_route=\/wp\/v2\/pages\/17093\/revisions"}],"predecessor-version":[{"id":31914,"href":"https:\/\/www.os-mirna.si\/index.php?rest_route=\/wp\/v2\/pages\/17093\/revisions\/31914"}],"wp:attachment":[{"href":"https:\/\/www.os-mirna.si\/index.php?rest_route=%2Fwp%2Fv2%2Fmedia&parent=17093"}],"curies":[{"name":"wp","href":"https:\/\/api.w.org\/{rel}","templated":true}]}}