{"id":187,"date":"2015-08-03T14:07:57","date_gmt":"2015-08-03T12:07:57","guid":{"rendered":"http:\/\/osmirna.splet.arnes.si\/?page_id=187"},"modified":"2025-06-20T12:40:59","modified_gmt":"2025-06-20T10:40:59","slug":"ucna-gradiva-in-druge-potrebscine","status":"publish","type":"page","link":"https:\/\/www.os-mirna.si\/?page_id=187","title":{"rendered":"U\u010dbeniki in delovna gradiva"},"content":{"rendered":"<p><span style=\"color: #0000ff\"><a style=\"color: #0000ff\" href=\"https:\/\/www.os-mirna.si\/files\/2025\/06\/OSPP-Mirna-UCBENIKI-2025-26.docx\">O\u0160PP Mirna U\u010cBENIKI 2025-26<\/a><\/span><\/p>\n<p><span style=\"color: #0000ff\"><a style=\"color: #0000ff\" href=\"https:\/\/www.os-mirna.si\/files\/2025\/06\/OS-Mirna-UCBENIKI-2025-26.docx\">O\u0160 Mirna U\u010cBENIKI 2025-26<\/a><\/span><\/p>\n<p>&nbsp;<\/p>\n<p>&nbsp;<\/p>\n<p>&nbsp;<\/p>\n<p>&nbsp;<\/p>\n","protected":false},"excerpt":{"rendered":"<p>O\u0160PP Mirna U\u010cBENIKI 2025-26 O\u0160 Mirna U\u010cBENIKI 2025-26 &nbsp; &nbsp; &nbsp; &nbsp;<\/p>\n","protected":false},"author":5692,"featured_media":0,"parent":0,"menu_order":0,"comment_status":"closed","ping_status":"closed","template":"","meta":{"ngg_post_thumbnail":0,"footnotes":""},"class_list":["post-187","page","type-page","status-publish","hentry"],"_links":{"self":[{"href":"https:\/\/www.os-mirna.si\/index.php?rest_route=\/wp\/v2\/pages\/187","targetHints":{"allow":["GET"]}}],"collection":[{"href":"https:\/\/www.os-mirna.si\/index.php?rest_route=\/wp\/v2\/pages"}],"about":[{"href":"https:\/\/www.os-mirna.si\/index.php?rest_route=\/wp\/v2\/types\/page"}],"author":[{"embeddable":true,"href":"https:\/\/www.os-mirna.si\/index.php?rest_route=\/wp\/v2\/users\/5692"}],"replies":[{"embeddable":true,"href":"https:\/\/www.os-mirna.si\/index.php?rest_route=%2Fwp%2Fv2%2Fcomments&post=187"}],"version-history":[{"count":15,"href":"https:\/\/www.os-mirna.si\/index.php?rest_route=\/wp\/v2\/pages\/187\/revisions"}],"predecessor-version":[{"id":33444,"href":"https:\/\/www.os-mirna.si\/index.php?rest_route=\/wp\/v2\/pages\/187\/revisions\/33444"}],"wp:attachment":[{"href":"https:\/\/www.os-mirna.si\/index.php?rest_route=%2Fwp%2Fv2%2Fmedia&parent=187"}],"curies":[{"name":"wp","href":"https:\/\/api.w.org\/{rel}","templated":true}]}}