{"id":20056,"date":"2022-06-26T20:42:35","date_gmt":"2022-06-26T18:42:35","guid":{"rendered":"https:\/\/osmirna.splet.arnes.si\/?page_id=20056"},"modified":"2025-07-07T09:12:12","modified_gmt":"2025-07-07T07:12:12","slug":"mreza-solski-pes","status":"publish","type":"page","link":"https:\/\/www.os-mirna.si\/?page_id=20056","title":{"rendered":"Mre\u017ea \u0160olski pes"},"content":{"rendered":"<div id=\"attachment_20058\" style=\"width: 299px\" class=\"wp-caption aligncenter\"><a href=\"https:\/\/www.os-mirna.si\/files\/2022\/06\/MrezaSolskiPes.jpg\"><img loading=\"lazy\" decoding=\"async\" aria-describedby=\"caption-attachment-20058\" class=\"wp-image-20058 size-full\" src=\"https:\/\/www.os-mirna.si\/files\/2022\/06\/MrezaSolskiPes.jpg\" alt=\"Logotip projekta\" width=\"289\" height=\"264\" \/><\/a><p id=\"caption-attachment-20058\" class=\"wp-caption-text\"><span style=\"color: #000000\">Logotip Mre\u017ea \u0161olski pes<\/span><\/p><\/div>\n<p>&nbsp;<\/p>\n<p><span style=\"color: #000000\"><strong>Mre\u017ea \u0160olski pes<\/strong>&nbsp;zdru\u017euje vzgojno-izobra\u017eevalne ustanove, ki v svoje delo&nbsp;<strong>redno<\/strong>&nbsp;vklju\u010dujejo delovanje&nbsp;<a style=\"color: #000000\" href=\"https:\/\/sites.google.com\/view\/mreza-solski-pes\/delovanje-mre%C5%BEethe-network-range\/terminologija\">\u0161olskega psa<\/a>. Delo je sistemati\u010dno, na\u010drtovano, dokumentirano in evalvirano.<\/span><\/p>\n<p><span style=\"color: #000000\">Skupina vzgojno-izobra\u017eevalnih delavcev, ki so hkrati vodniki terapevtskih psov, je v sodelovanju s strokovnjaki Zavoda RS za \u0161olstvo oblikovala prvi slovenski&nbsp;<strong>Koncept vklju\u010devanja \u0161olskega psa v vzgojno-izobra\u017eevalni proces.<\/strong><em>&nbsp;<\/em>Dokument je rezultat ve\u010dletnega dela s terapevtskimi psi v vzgoji in izobra\u017eevanju. Delo je prva leta potekalo tudi v okviru Inovacijskih projektov Zavoda RS za \u0161olstvo in je zasnovano v skladu s Konceptom odprtega u\u010dnega okolja.<\/span><\/p>\n<p><span style=\"color: #0000ff\"><a style=\"color: #0000ff\" href=\"https:\/\/sites.google.com\/view\/mreza-solski-pes\/\">https:\/\/sites.google.com\/view\/mreza-solski-pes\/<\/a><\/span><\/p>\n<p>&nbsp;<\/p>\n<p><span style=\"color: #000000\">Delo s terapevtskimi psi predstavlja druga\u010den, sve\u017e, interaktiven pristop k vzgoji in u\u010denju. Bogati \u0161olsko kulturo in vna\u0161a v slovenski&nbsp;\u0161olski&nbsp;prostor novo dimenzijo.<\/span><\/p>\n<p><span style=\"color: #000000\">S \u0161olskim letom 2022\/23 se projektu pridru\u017euje tudi O\u0160 Mirna. Povezali smo se s prostovoljnim dru\u0161tvom Ambasadorji nasmeha.<\/span><\/p>\n<p><span style=\"color: #0000ff\"><a style=\"color: #0000ff\" href=\"https:\/\/ambasadorji-nasmeha.si\/\">https:\/\/ambasadorji-nasmeha.si\/<\/a><\/span><\/p>\n<div id=\"attachment_20060\" style=\"width: 707px\" class=\"wp-caption aligncenter\"><a href=\"https:\/\/www.os-mirna.si\/files\/2022\/06\/TerapevtskiPes.png\"><img loading=\"lazy\" decoding=\"async\" aria-describedby=\"caption-attachment-20060\" class=\"wp-image-20060 size-full\" src=\"https:\/\/www.os-mirna.si\/files\/2022\/06\/TerapevtskiPes.png\" alt=\"Ambasadorji nasmeha\" width=\"697\" height=\"697\" srcset=\"https:\/\/www.os-mirna.si\/files\/2022\/06\/TerapevtskiPes.png 697w, https:\/\/www.os-mirna.si\/files\/2022\/06\/TerapevtskiPes-300x300.png 300w, https:\/\/www.os-mirna.si\/files\/2022\/06\/TerapevtskiPes-150x150.png 150w, https:\/\/www.os-mirna.si\/files\/2022\/06\/TerapevtskiPes-80x80.png 80w, https:\/\/www.os-mirna.si\/files\/2022\/06\/TerapevtskiPes-320x320.png 320w\" sizes=\"auto, (max-width: 697px) 100vw, 697px\" \/><\/a><p id=\"caption-attachment-20060\" class=\"wp-caption-text\"><span style=\"color: #000000\">U\u010diteljica Zala in Jon<\/span><\/p><\/div>\n<p><span style=\"color: #000000\">Na\u0161 \u0161olski pes bo tako terapevtski ku\u017ea Jon, ki bo s svojo vodnico Zalo Hrastnik redno obiskoval na\u0161e u\u010dence.<\/span><\/p>\n<p><span style=\"color: #000000\">Dodajamo \u0161e nekaj fotografij z Jonovih obiskov in se \u017ee veselimo, da jih bo v prihodnje \u0161e ve\u010d.<\/span><\/p>\n<p><span style=\"color: #0000ff\"><a style=\"color: #0000ff\" href=\"https:\/\/www.os-mirna.si\/files\/2024\/12\/AN-Jon-v-2.-a.pdf\">AN Jon v 2. a<\/a><\/span><\/p>\n<p><span style=\"color: #0000ff\"><a style=\"color: #0000ff\" href=\"https:\/\/www.os-mirna.si\/files\/2024\/12\/Jon-v-2.-b.pdf\">Jon v 2. b<\/a><\/span><\/p>\n<p><span style=\"color: #0000ff\"><a style=\"color: #0000ff\" href=\"https:\/\/www.os-mirna.si\/files\/2023\/12\/Jon-v-1.-a-in-1.-b.pdf\">Jon v 1. a in 1. b<\/a><\/span><\/p>\n<p><span style=\"color: #0000ff\"><a style=\"color: #0000ff\" href=\"https:\/\/www.os-mirna.si\/files\/2023\/04\/Jon-v-NIS-2.pdf\">Jon v NIS 2<\/a><\/span><\/p>\n<p><span style=\"color: #0000ff\"><a style=\"color: #0000ff\" href=\"https:\/\/www.os-mirna.si\/files\/2022\/12\/AN-Jon-v-4.-a-3.-a-in-3.-b.pdf\">Jon v 4. a, 3. a in 3. b<\/a><\/span><\/p>\n<p><span style=\"color: #0000ff\"><a style=\"color: #0000ff\" href=\"https:\/\/www.os-mirna.si\/files\/2022\/12\/Jon-v-2.a-in-2.-b-\u2013-kopija.pdf\">Jon v 2.a in 2. b<\/a><\/span><\/p>\n<p><span style=\"color: #0000ff\"><a style=\"color: #0000ff\" href=\"https:\/\/www.os-mirna.si\/files\/2023\/02\/Jon-v-1.-a-in-1.-b.pdf\">Jon v 1. a in 1. b<\/a><\/span><\/p>\n<p><span style=\"color: #0000ff\"><a style=\"color: #0000ff\" href=\"https:\/\/www.os-mirna.si\/files\/2023\/03\/AN-Jon-v-PP3.pdf\">AN Jon v PP3<\/a><\/span><\/p>\n<p><span style=\"color: #0000ff\"><a style=\"color: #0000ff\" href=\"https:\/\/www.os-mirna.si\/files\/2023\/06\/Jon-pri-Gumbih.pdf\">Jon pri Gumbih<\/a><\/span><\/p>\n<p><span style=\"color: #0000ff\"><a style=\"color: #0000ff\" href=\"https:\/\/www.os-mirna.si\/files\/2023\/06\/AN-Jon-v-soli.pdf\">AN Jon v \u0161oli<\/a><\/span><\/p>\n<p><span style=\"color: #0000ff\"><a style=\"color: #0000ff\" href=\"https:\/\/www.os-mirna.si\/files\/2025\/06\/AN-Jon-v-1.-b-in-1.-a.pdf\">AN Jon v 1. a in 1.b<\/a>&nbsp;<\/span><\/p>\n<p><span style=\"color: #0000ff\"><a style=\"color: #0000ff\" href=\"https:\/\/www.os-mirna.si\/files\/2025\/06\/AN-Jon-v-3.-a.pdf\">AN Jon v 3.a<\/a><\/span><\/p>\n<p><span style=\"color: #0000ff\"><a style=\"color: #0000ff\" href=\"https:\/\/www.os-mirna.si\/files\/2025\/07\/AN-Jon-v-3.-a.pdf\">AN Jon v 3. a<\/a> <\/span><\/p>\n<p><span style=\"color: #0000ff\"><a style=\"color: #0000ff\" href=\"https:\/\/www.os-mirna.si\/files\/2025\/07\/AN-Jon-v-1.-b-in-1.-a.pdf\">AN Jon v 1. b in 1. a<\/a><\/span><\/p>\n<p>&nbsp;<\/p>\n\n\n<p><\/p>\n","protected":false},"excerpt":{"rendered":"<p>&nbsp; Mre\u017ea \u0160olski pes&nbsp;zdru\u017euje vzgojno-izobra\u017eevalne ustanove, ki v svoje delo&nbsp;redno&nbsp;vklju\u010dujejo delovanje&nbsp;\u0161olskega psa. Delo je sistemati\u010dno, na\u010drtovano, dokumentirano in evalvirano. Skupina vzgojno-izobra\u017eevalnih delavcev, ki so hkrati vodniki terapevtskih psov, je v sodelovanju s strokovnjaki Zavoda&#46;&#46;&#46;<\/p>\n","protected":false},"author":5692,"featured_media":0,"parent":0,"menu_order":0,"comment_status":"closed","ping_status":"closed","template":"","meta":{"ngg_post_thumbnail":0,"footnotes":""},"class_list":["post-20056","page","type-page","status-publish","hentry"],"_links":{"self":[{"href":"https:\/\/www.os-mirna.si\/index.php?rest_route=\/wp\/v2\/pages\/20056","targetHints":{"allow":["GET"]}}],"collection":[{"href":"https:\/\/www.os-mirna.si\/index.php?rest_route=\/wp\/v2\/pages"}],"about":[{"href":"https:\/\/www.os-mirna.si\/index.php?rest_route=\/wp\/v2\/types\/page"}],"author":[{"embeddable":true,"href":"https:\/\/www.os-mirna.si\/index.php?rest_route=\/wp\/v2\/users\/5692"}],"replies":[{"embeddable":true,"href":"https:\/\/www.os-mirna.si\/index.php?rest_route=%2Fwp%2Fv2%2Fcomments&post=20056"}],"version-history":[{"count":15,"href":"https:\/\/www.os-mirna.si\/index.php?rest_route=\/wp\/v2\/pages\/20056\/revisions"}],"predecessor-version":[{"id":33620,"href":"https:\/\/www.os-mirna.si\/index.php?rest_route=\/wp\/v2\/pages\/20056\/revisions\/33620"}],"wp:attachment":[{"href":"https:\/\/www.os-mirna.si\/index.php?rest_route=%2Fwp%2Fv2%2Fmedia&parent=20056"}],"curies":[{"name":"wp","href":"https:\/\/api.w.org\/{rel}","templated":true}]}}