{"id":29111,"date":"2024-06-25T20:37:05","date_gmt":"2024-06-25T18:37:05","guid":{"rendered":"https:\/\/osmirna.splet.arnes.si\/?page_id=29111"},"modified":"2025-02-19T21:53:43","modified_gmt":"2025-02-19T20:53:43","slug":"projekti-drustva-sobivanje","status":"publish","type":"page","link":"https:\/\/www.os-mirna.si\/?page_id=29111","title":{"rendered":"Projekti dru\u0161tva Sobivanje\u00a0"},"content":{"rendered":"<p><span style=\"color: #000000\">Vklju\u010dujemo se v aktivnosti Dru\u0161tva Sobivanje \u2013 dru\u0161tva za trajnostni razvoj, ki pokriva vsa podro\u010dja razvoja: okoljsko, socialno, gospodarsko in kulturno. Skozi celotno \u0161olsko leto izvajamo aktivnosti in akcije, ki imajo pozitiven vpliv na na\u0161e okolje in skupnost.<\/span><\/p>\n<p><span style=\"color: #000000\"><strong>Varno v vrtec in \u0161olo<\/strong><\/span><\/p>\n<p><span style=\"color: #000000\">Otroke spodbujamo k razmi\u0161ljanju o varnosti v prometu ter o varnosti na poti v vrtec in \u0161olo. Izvajamo pou\u010dno-zabavne delavnice, kjer raziskujemo varnost v prometu, varne poti in vpliv prometa na okolje. Nau\u010dimo se pomembnih pravil in tehnik za varno udele\u017ebo v prometu, kar je pomembno za njihovo vsakodnevno \u017eivljenje.<\/span><\/p>\n<p><span style=\"color: #000000\"><strong>Spodbujamo prijateljstvo<\/strong><\/span><\/p>\n<p><span style=\"color: #000000\">Namen akcije je spodbujanje k pozitivnemu razmi\u0161ljanju o prijateljih in razvijanju pozitivnih odnosov s svojimi vrstniki. Otroci ri\u0161ejo, pi\u0161ejo, fotografirajo in ustvarjajo filme o prijateljstvu. To jim omogo\u010di izra\u017eanje svojih ob\u010dutkov in misli o prijateljstvu ter krepitev medsebojnih vezi.<\/span><\/p>\n<p><span style=\"color: #000000\"><strong>\u017divim zdravo<\/strong><\/span><\/p>\n<p><span style=\"color: #000000\">Otroke spodbujamo tudi k razmi\u0161ljanju in sodelovanju pri \u0161portnih aktivnostih ter zdravi prehrani. Nau\u010dimo se pomena zdravega na\u010dina \u017eivljenja, pripravljamo zdrave obroke ter poskrbimo za redno gibanje. Ta akcija pripomore k ozave\u0161\u010danju o pomenu telesne dejavnosti in uravnote\u017eene prehrane za dolgoro\u010dno zdravje.<\/span><\/p>\n<p><span style=\"color: #000000\"><strong>Ti meni danes, jaz tebi jutri<\/strong><\/span><\/p>\n<p><span style=\"color: #000000\">\u010cas posvetimo tudi socialnim odnosom. U\u010denci nadgrajujejo medsebojne odnose in razmi\u0161ljajo o odnosih s starej\u0161imi. Spodbujamo medgeneracijsko povezanost in razumevanje, kar je klju\u010dna komponenta trajnostnega razvoja.<\/span><\/p>\n<p><span style=\"color: #000000\">Zavedamo se pomena trajnostnega razvoja in dobrih medsebojnih odnosov. S sodelovanjem z Dru\u0161tvom Sobivanje krepimo zavest o trajnostnem delovanju in vzpostavljamo temelje za zdrav razvoj na\u0161e \u0161ir\u0161e skupnosti.<\/span><\/p>\n<p><span style=\"color: #000000\">&nbsp;&nbsp;&nbsp;&nbsp;&nbsp;&nbsp;&nbsp;&nbsp;&nbsp;&nbsp;&nbsp;&nbsp;&nbsp;&nbsp;&nbsp;&nbsp;&nbsp;&nbsp;&nbsp;&nbsp;&nbsp;&nbsp;&nbsp;&nbsp;&nbsp;&nbsp;&nbsp;&nbsp;&nbsp;&nbsp;&nbsp;&nbsp;&nbsp;&nbsp;&nbsp;&nbsp;&nbsp;&nbsp;&nbsp;&nbsp;&nbsp;&nbsp;&nbsp;&nbsp;&nbsp;&nbsp;&nbsp;&nbsp;&nbsp;&nbsp;&nbsp;&nbsp;&nbsp;&nbsp;&nbsp;&nbsp; &nbsp;&nbsp;&nbsp;&nbsp;&nbsp; &nbsp;Koordinatorica: Barbara Jazbin\u0161ek<\/span><\/p>\n","protected":false},"excerpt":{"rendered":"<p>Vklju\u010dujemo se v aktivnosti Dru\u0161tva Sobivanje \u2013 dru\u0161tva za trajnostni razvoj, ki pokriva vsa podro\u010dja razvoja: okoljsko, socialno, gospodarsko in kulturno. Skozi celotno \u0161olsko leto izvajamo aktivnosti in akcije, ki imajo pozitiven vpliv na&#46;&#46;&#46;<\/p>\n","protected":false},"author":5692,"featured_media":0,"parent":0,"menu_order":0,"comment_status":"closed","ping_status":"closed","template":"","meta":{"ngg_post_thumbnail":0,"footnotes":""},"class_list":["post-29111","page","type-page","status-publish","hentry"],"_links":{"self":[{"href":"https:\/\/www.os-mirna.si\/index.php?rest_route=\/wp\/v2\/pages\/29111","targetHints":{"allow":["GET"]}}],"collection":[{"href":"https:\/\/www.os-mirna.si\/index.php?rest_route=\/wp\/v2\/pages"}],"about":[{"href":"https:\/\/www.os-mirna.si\/index.php?rest_route=\/wp\/v2\/types\/page"}],"author":[{"embeddable":true,"href":"https:\/\/www.os-mirna.si\/index.php?rest_route=\/wp\/v2\/users\/5692"}],"replies":[{"embeddable":true,"href":"https:\/\/www.os-mirna.si\/index.php?rest_route=%2Fwp%2Fv2%2Fcomments&post=29111"}],"version-history":[{"count":2,"href":"https:\/\/www.os-mirna.si\/index.php?rest_route=\/wp\/v2\/pages\/29111\/revisions"}],"predecessor-version":[{"id":31831,"href":"https:\/\/www.os-mirna.si\/index.php?rest_route=\/wp\/v2\/pages\/29111\/revisions\/31831"}],"wp:attachment":[{"href":"https:\/\/www.os-mirna.si\/index.php?rest_route=%2Fwp%2Fv2%2Fmedia&parent=29111"}],"curies":[{"name":"wp","href":"https:\/\/api.w.org\/{rel}","templated":true}]}}