{"id":29122,"date":"2024-06-27T17:33:53","date_gmt":"2024-06-27T15:33:53","guid":{"rendered":"https:\/\/osmirna.splet.arnes.si\/?page_id=29122"},"modified":"2025-02-22T20:52:55","modified_gmt":"2025-02-22T19:52:55","slug":"tekmovanje-za-cankarjevo-priznanje","status":"publish","type":"page","link":"https:\/\/www.os-mirna.si\/?page_id=29122","title":{"rendered":"Tekmovanje za CANKARJEVO priznanje"},"content":{"rendered":"<p style=\"text-align: center\"><span style=\"color: #000000\">CANKARJEVO TEKMOVANJE: teme in gradiva<\/span><\/p>\n<p><span style=\"color: #000000\"><strong>2023\/24 \u2013 Nevidni svetovi<\/strong><\/span><\/p>\n<p><span style=\"color: #000000\">Muca Copatarica\/Ela Peroci<\/span><\/p>\n<p><span style=\"color: #000000\">Juri Muri po Sloveniji\/Tone Pav\u010dek<\/span><\/p>\n<p><span style=\"color: #000000\">Kak\u0161no drevo zraste iz ma\u010dka\/Nata\u0161a Konc Lorenzutti<\/span><\/p>\n<p><span style=\"color: #000000\">Lisi\u010dja luna\/Ma\u0161a Ogrizek<\/span><\/p>\n<p><span style=\"color: #000000\">Modri otok\/Irena Androjna<\/span><\/p>\n<p>&nbsp;<\/p>\n<p><span style=\"color: #000000\"><strong>2022\/23 \u2013 Rime srca, ritmi sveta<\/strong><\/span><\/p>\n<p><span style=\"color: #000000\">\u017divalske uspavanke\/Lila Prap<\/span><\/p>\n<p><span style=\"color: #000000\">Drobtine iz mi\u0161je doline\/Anja \u0160tefan<\/span><\/p>\n<p><span style=\"color: #000000\">Babica za lahko no\u010d\/Vinko M\u00f6derndorfer<\/span><\/p>\n<p><span style=\"color: #000000\">Ne\/Feri Lain\u0161\u010dek<\/span><\/p>\n<p><span style=\"color: #000000\">Romeo in Julija iz sosednje ulice\/ Vinko M\u00f6derndorfer<\/span><\/p>\n<p>&nbsp;<\/p>\n<p><span style=\"color: #000000\"><strong>2021\/22 \u2013 Vedre bli\u017eine med nami<\/strong><\/span><\/p>\n<p><span style=\"color: #000000\">Jure kvak kvak\/Sa\u0161a Vegri<\/span><\/p>\n<p><span style=\"color: #000000\">Babi nima ve\u010d telefona\/Andrej Skubic<\/span><\/p>\n<p><span style=\"color: #000000\">Kak\u0161no drevo zraste iz ma\u010dka\/Nata\u0161a Konc Lorenzutti<\/span><\/p>\n<p><span style=\"color: #000000\">Predpravljice in popovedke\/Andrej Rozman Roza,<\/span><\/p>\n<p><span style=\"color: #000000\">Kozlovska sodba v Vi\u0161nji Gori\/Josip Jur\u010di\u010d<\/span><\/p>\n<p><span style=\"color: #000000\">Gremo mi v tri krasne\/ Nata\u0161a Konc Lorenzutti,<\/span><\/p>\n<p><span style=\"color: #000000\">Elvis \u0160korc, genialni \u0161tor\/Janja Vidmar<\/span><\/p>\n<p>&nbsp;<\/p>\n<p><span style=\"color: #000000\"><strong>2020\/21 \u2013 SLOVENIJA, vse najbolj\u0161e<\/strong><\/span><\/p>\n<p><span style=\"color: #000000\">Piko Dinozaver\/Leopold Suhodol\u010dan<\/span><\/p>\n<p><span style=\"color: #000000\">Anca in grozovite\u017e\/Desa Muck<\/span><\/p>\n<p><span style=\"color: #000000\">De\u010dek Brin na doma\u010dem koli\u0161\u010du\/Sebastijan Pregl<\/span><\/p>\n<p><span style=\"color: #000000\">Pobeg\/Igor Karlov\u0161ek<\/span><\/p>\n<p><span style=\"color: #000000\">Kako dolg je \u010das\/Mate Dolenc<\/span><\/p>\n<p>&nbsp;<\/p>\n<p><span style=\"color: #000000\"><strong>2019\/20 \u2013 JAZ, TI, MI VSI: le pogumno, le za mano<\/strong><\/span><\/p>\n<p><span style=\"color: #000000\">Piko Dinozaver\/Leopold Suhodol\u010dan<\/span><\/p>\n<p><span style=\"color: #000000\">Anica in grozovite\u017e\/Desa Muck<\/span><\/p>\n<p><span style=\"color: #000000\">Groznovilca v Hudi hosti\/Jana Bauer<\/span><\/p>\n<p><span style=\"color: #000000\">Odprava Zelenega zmaja\/Slavko Pregl<\/span><\/p>\n<p><span style=\"color: #000000\">Pre\u017eivetje\/Igor Karlov\u0161ek<\/span><\/p>\n<p>&nbsp;<\/p>\n<p><span style=\"color: #000000\"><strong>2018\/19 &#8211; NA\u0160A DEDI\u0160\u010cINA: kjer preteklost sre\u010da prihodnost <\/strong><\/span><\/p>\n<p><span style=\"color: #000000\">&nbsp;&nbsp;&nbsp;&nbsp;&nbsp;&nbsp;&nbsp;&nbsp;&nbsp;&nbsp;&nbsp;&nbsp;&nbsp;&nbsp;&nbsp; (2018 = Evropsko leto kulturne dedi\u0161\u010dine (ELKD)<\/span><\/p>\n<p><span style=\"color: #000000\">Ma\u010dek Muri\/Kajetan Kovi\u010d<\/span><\/p>\n<p><span style=\"color: #000000\">Moj de\u017enik je lahko balon\/Ela Peroci<\/span><\/p>\n<p><span style=\"color: #000000\">Bratov\u0161\u010dina Sinjega galeba\/Tone Seli\u0161kar<\/span><\/p>\n<p><span style=\"color: #000000\">Avtobus ob treh\/Nata\u0161e K. Lorenzutti in Solzice\/Pre\u017eihov Voranc<\/span><\/p>\n<p><span style=\"color: #000000\">Kit na pla\u017ei\/Vinko Moderndorfer in Moje \u017eivljenje\/Ivan Cankar<\/span><\/p>\n<p>&nbsp;<\/p>\n<p><span style=\"color: #000000\"><strong>2017\/18 &#8211; \u010cUDE\u017dNE BESEDE<\/strong><\/span><\/p>\n<p><span style=\"color: #000000\">\u017divalske uspavanke\/Lila Prap<\/span><\/p>\n<p><span style=\"color: #000000\">Kroja\u010dek Hla\u010dek\/Leopold Suhodol\u010dan<\/span><\/p>\n<p><span style=\"color: #000000\">Kako zorijo je\u017eevci\/Peter Svetina<\/span><\/p>\n<p><span style=\"color: #000000\">Matilda\/ Roald Dahl; Velecirkus Argo\/Feri Lain\u0161\u010dek<\/span><\/p>\n<p><span style=\"color: #000000\">Ali\u010dine dogodiv\u0161\u010dine v \u010dude\u017eni de\u017eeli\/ Lewis Caroll; Alica v nori de\u017eeli \/Evald Flisar<\/span><\/p>\n<p>&nbsp;<\/p>\n<p><span style=\"color: #000000\"><strong>2016\/17 &#8211; NA ODRU DOMI\u0160LJIJE IN RESNI\u010cNOSTI<\/strong><\/span><\/p>\n<p><span style=\"color: #000000\">Zvezdica Zaspanka\/Fran Mil\u010dinski<\/span><\/p>\n<p><span style=\"color: #000000\">O kuri, ki je izmaknila pesem\/Bina \u0160tampe \u017dmavc<\/span><\/p>\n<p><span style=\"color: #000000\">Nebesno gledali\u0161\u010de\/Boris A. Novak<\/span><\/p>\n<p><span style=\"color: #000000\">Narobe stvari v mestu Petpedi\/Leopold Suhodol\u010dan<\/span><\/p>\n<p><span style=\"color: #000000\">Moj ata socialisti\u010dni kulak\/Tone Partlji\u010d; Hotel sem prijeti sonce\/Tone Partlji\u010d<\/span><\/p>\n<p>&nbsp;<\/p>\n<p><span style=\"color: #000000\"><strong>2015\/16 &#8211; DOMOVINA MED PLATNICAMI<\/strong><\/span><\/p>\n<p><span style=\"color: #000000\">Muca Copatarica\/Ela Peroci<\/span><\/p>\n<p><span style=\"color: #000000\">Moj de\u017enik je lahko balon\/Ela Perovi<\/span><\/p>\n<p><span style=\"color: #000000\">Juri Muri po Sloveniji\/Tone Pav\u010dek<\/span><\/p>\n<p><span style=\"color: #000000\">Bratov\u0161\u010dina Sinjega galeba\/Tone Seli\u0161kar; Grajski strah\/Bogdan Novak<\/span><\/p>\n<p><span style=\"color: #000000\">Povest o dobrih ljudeh\/Mi\u0161ko Kranjec; Sem punk \u010darovnica, debela lezbijka in ne maram vampov\/Vladimir \u0160tefanec<\/span><\/p>\n<p>&nbsp;<\/p>\n<p><span style=\"color: #000000\">&#8212;&#8212;&#8212;&#8212;&#8212;&#8212;&#8212;&#8212;&#8212;&#8212;&#8212;&#8212;&#8212;&#8212;&#8212;&#8212;&#8212;&#8212;&#8212;&#8212;&#8212;&#8212;&#8212;&#8212;&#8212;&#8212;&#8212;&#8212;&#8212;&#8212;&#8212;&#8212;&#8212;&#8212;&#8212;&#8212;&#8212;&#8211;<\/span><\/p>\n<p><span style=\"color: #000000\">PRELOMNICA: Cankarjevo tekmovanje se raz\u0161iri v 1. razred.<\/span><\/p>\n<p><span style=\"color: #000000\">&#8212;&#8212;&#8212;&#8212;&#8212;&#8212;&#8212;&#8212;&#8212;&#8212;&#8212;&#8212;&#8212;&#8212;&#8212;&#8212;&#8212;&#8212;&#8212;&#8212;&#8212;&#8212;&#8212;&#8212;&#8212;&#8212;&#8212;&#8212;&#8212;&#8212;&#8212;&#8212;&#8212;&#8212;&#8212;&#8212;&#8212;&#8211;<\/span><\/p>\n<p>&nbsp;<\/p>\n<p><span style=\"color: #000000\">2014\/15 \u2013 IZRO\u010cILO KNJIGE<\/span><\/p>\n<p><span style=\"color: #000000\">Slovenske ljudske pravljice in pripovedke: O povodnem mo\u017eu, Mojca Pokraculja<\/span><\/p>\n<p><span style=\"color: #000000\">(2. in 3. r.)<\/span><\/p>\n<p><span style=\"color: #000000\">Junaki z ladje Argo\/Gaja Kos (4. in 5. r.)<\/span><\/p>\n<p><span style=\"color: #000000\">Jurij Kozjak\/Josip Jur\u010di\u010d (6. in 7. r.)<\/span><\/p>\n<p><span style=\"color: #000000\">Pod svobodnim soncem\/Fran Sale\u0161ki Fin\u017egar (8. in 9. r.)<\/span><\/p>\n<p>&nbsp;<\/p>\n<p><span style=\"color: #000000\">2013\/14 \u2013 V NARO\u010cJU BESED<\/span><\/p>\n<p><span style=\"color: #000000\">Jurij Muri v Afriki\/Tone Pav\u010dek; Pedenjped\/Niko Grafenauer<\/span><\/p>\n<p><span style=\"color: #000000\">Mali rimski cirkus\/Andrej Rozman Roza<\/span><\/p>\n<p><span style=\"color: #000000\">Majnice fulaste pesmi\/Tone Pav\u010dek<\/span><\/p>\n<p><span style=\"color: #000000\">Naro\u010dje kamen\u010dkov\/Sa\u0161a Vegri; Skrivnosti\/Niko Grafenauer<\/span><\/p>\n<p>&nbsp;<\/p>\n<p><span style=\"color: #000000\">2012\/13 \u2013 Z BESEDAMI IN MED NJIMI<\/span><\/p>\n<p><span style=\"color: #000000\">Piko Dinozaver\/Leopold Suhodol\u010dan<\/span><\/p>\n<p><span style=\"color: #000000\">Lukec in njegov \u0161korec\/France Bevk<\/span><\/p>\n<p><span style=\"color: #000000\">Butalci\/Fran Mil\u010dinski<\/span><\/p>\n<p><span style=\"color: #000000\">Nebo v o\u010desu lipicanca\/Desa Muck; Moje \u017eivljenje\/Ivan Cankar<\/span><\/p>\n<p>&nbsp;<\/p>\n<p><span style=\"color: #000000\">2011\/12 \u2013 PISAVE PRESTOLNICE KULTURE<\/span><\/p>\n<p><span style=\"color: #000000\">Ma\u010dek Muri\/Kajetan Kovi\u010d<\/span><\/p>\n<p><span style=\"color: #000000\">Mislice\/Feri Lain\u0161\u010dek<\/span><\/p>\n<p><span style=\"color: #000000\">Solzice\/Lovro Kuhar \u2013 Pre\u017eihov Voranc<\/span><\/p>\n<p><span style=\"color: #000000\">O\u010di\/Andrej Makuc; Na zeleno vejo\/Andrej Predin<\/span><\/p>\n<p>&nbsp;<\/p>\n<p><span style=\"color: #000000\">2010\/11 \u2013 NASMEH MOJE KNJIGE<\/span><\/p>\n<p><span style=\"color: #000000\">Jure kvak kvak\/Sa\u0161a Vegri<\/span><\/p>\n<p><span style=\"color: #000000\">Hektor in male ljubezni\/Dim Zupan<\/span><\/p>\n<p><span style=\"color: #000000\">Hotel sem prijeti sonce\/Tone Partlji\u010d<\/span><\/p>\n<p><span style=\"color: #000000\">Geniji 1,2: Antologija sodobne madinske kratke proze<\/span><\/p>\n<p>&nbsp;<\/p>\n<p><span style=\"color: #000000\">2009\/10 \u2013 DOM TVOJE, MOJE PESMI<\/span><\/p>\n<p><span style=\"color: #000000\">Mehur\u010dki\/Oton \u017dupan\u010di\u010d<\/span><\/p>\n<p><span style=\"color: #000000\">\u017diva hi\u0161a\/Bina \u0160tampe \u017dmavc<\/span><\/p>\n<p><span style=\"color: #000000\">Vrane\/Ervin Fritz<\/span><\/p>\n<p><span style=\"color: #000000\">Majnice in majhnice\/Tone Pav\u010dek<\/span><\/p>\n<p>&nbsp;<\/p>\n<p><span style=\"color: #000000\">2008\/09 \u2013 JAZ V SVETU, KI SE SPREMINJA<\/span><\/p>\n<p><span style=\"color: #000000\">Anica in grozovite\u017e\/Desa Muck<\/span><\/p>\n<p><span style=\"color: #000000\">\u017divalske novice 2\/Primo\u017e Suhodol\u010dan<\/span><\/p>\n<p><span style=\"color: #000000\">Stvar\/Marjana Mo\u0161kri\u010d<\/span><\/p>\n<p><span style=\"color: #000000\">Distorzija\/Du\u0161an Dim<\/span><\/p>\n<p><span style=\"color: #000000\">&#8212;&#8212;&#8212;&#8212;&#8212;&#8212;&#8212;&#8212;&#8212;&#8212;&#8212;&#8212;&#8212;&#8212;&#8212;&#8212;&#8212;&#8212;&#8212;&#8212;&#8212;&#8212;&#8212;&#8212;&#8212;&#8212;&#8212;&#8212;&#8212;&#8212;&#8212;&#8212;&#8212;&#8212;&#8212;&#8212;&#8212;&#8211;<\/span><\/p>\n<p><span style=\"color: #000000\">PRELOMNICA: Cankarjevo tekmovanje se raz\u0161iri (2. do 9. razred).<\/span><\/p>\n<p><span style=\"color: #0000ff\"><a style=\"color: #0000ff\" href=\"https:\/\/www.jezikinslovstvo.com\/pdf\/JIS_2012_1-2.pdf\">https:\/\/www.jezikinslovstvo.com\/pdf\/JIS_2012_1-2.pdf<\/a><\/span><\/p>\n<p><span style=\"color: #000000\">&#8212;&#8212;&#8212;&#8212;&#8212;&#8212;&#8212;&#8212;&#8212;&#8212;&#8212;&#8212;&#8212;&#8212;&#8212;&#8212;&#8212;&#8212;&#8212;&#8212;&#8212;&#8212;&#8212;&#8212;&#8212;&#8212;&#8212;&#8212;&#8212;&#8212;&#8212;&#8212;&#8212;&#8212;&#8212;&#8212;&#8212;&#8211;<\/span><\/p>\n<p>&nbsp;<\/p>\n<p><span style=\"color: #000000\">2007\/08 DRUG SVET IN SVET DRUGEGA<\/span><\/p>\n<p><span style=\"color: #000000\">Nima\u0161 pojma\/Janja Vidmar<\/span><\/p>\n<p>&nbsp;<\/p>\n<p><span style=\"color: #000000\">2006\/07&nbsp; KRATKA ZGODBA 20. STOLETJA \u2013 izbor slovenskih avtorjev 20. stoletja<\/span><\/p>\n<p><span style=\"color: #000000\">Hotel sem prijeti \u0161e luno (Tone Partlji\u010d): izbor kratke proze za Cankarjevo priznanje 2007<\/span><\/p>\n<p>&nbsp;<\/p>\n<p><span style=\"color: #000000\">2005\/06 &nbsp;ODRA\u0160\u010cANJE<\/span><\/p>\n<p><span style=\"color: #000000\">Pti\u010dki brez gnezda\/Fran Mil\u010dinski; Pod milim nebom\/Desa Muck<\/span><\/p>\n<p>&nbsp;<\/p>\n<p><span style=\"color: #000000\">2004\/05&nbsp; ZORENJE SVETA \u2013 zemlje in morja, neba in \u010dloveka<\/span><\/p>\n<p><span style=\"color: #000000\">Ozvezdje Jadran\/Mate Dolenc<\/span><\/p>\n<p>&nbsp;<\/p>\n<p><span style=\"color: #000000\">2003\/04&nbsp; SVET V NAS IN O NAS<\/span><\/p>\n<p><span style=\"color: #000000\">Cimre\/Maja Novak<\/span><\/p>\n<p>&nbsp;<\/p>\n<p><span style=\"color: #000000\">2002\/03 &nbsp;DRUGA\u010cNOSTI<\/span><\/p>\n<p><span style=\"color: #000000\">Princeska z napako\/Janja Vidmar<\/span><\/p>\n<p>&nbsp;<\/p>\n<p><span style=\"color: #000000\">2001\/02 &nbsp;DOM IN SVET &#8211; potopis<\/span><\/p>\n<p><span style=\"color: #000000\">Strogo zaupno na Irskem\/Branko Gradi\u0161nik<\/span><\/p>\n<p>&nbsp;<\/p>\n<p><span style=\"color: #000000\">2000\/01 &nbsp;ODLO\u010cITEV ZA JEZIK &#8211; Geniji v\u010deraj, danes in jutri &#8211; Slavko Pregl<\/span><\/p>\n<p><span style=\"color: #000000\">1999\/2000 &nbsp;PRE\u0160EREN IN OBLIKE SVETA &#8211; Pre\u0161ernove balade &#8211; France Pre\u0161eren<\/span><\/p>\n<p><span style=\"color: #000000\">1998\/99 &nbsp;NAJ PESMI GOVORIJO &#8211; Tone Pav\u010dek<\/span><\/p>\n<p><span style=\"color: #000000\">1997\/98 V GAJU \u017dIVLJENJA &#8211; Ciril Kosma\u010d<\/span><\/p>\n","protected":false},"excerpt":{"rendered":"<p>CANKARJEVO TEKMOVANJE: teme in gradiva 2023\/24 \u2013 Nevidni svetovi Muca Copatarica\/Ela Peroci Juri Muri po Sloveniji\/Tone Pav\u010dek Kak\u0161no drevo zraste iz ma\u010dka\/Nata\u0161a Konc Lorenzutti Lisi\u010dja luna\/Ma\u0161a Ogrizek Modri otok\/Irena Androjna &nbsp; 2022\/23 \u2013 Rime&#46;&#46;&#46;<\/p>\n","protected":false},"author":5692,"featured_media":0,"parent":0,"menu_order":0,"comment_status":"closed","ping_status":"closed","template":"","meta":{"ngg_post_thumbnail":0,"footnotes":""},"class_list":["post-29122","page","type-page","status-publish","hentry"],"_links":{"self":[{"href":"https:\/\/www.os-mirna.si\/index.php?rest_route=\/wp\/v2\/pages\/29122","targetHints":{"allow":["GET"]}}],"collection":[{"href":"https:\/\/www.os-mirna.si\/index.php?rest_route=\/wp\/v2\/pages"}],"about":[{"href":"https:\/\/www.os-mirna.si\/index.php?rest_route=\/wp\/v2\/types\/page"}],"author":[{"embeddable":true,"href":"https:\/\/www.os-mirna.si\/index.php?rest_route=\/wp\/v2\/users\/5692"}],"replies":[{"embeddable":true,"href":"https:\/\/www.os-mirna.si\/index.php?rest_route=%2Fwp%2Fv2%2Fcomments&post=29122"}],"version-history":[{"count":4,"href":"https:\/\/www.os-mirna.si\/index.php?rest_route=\/wp\/v2\/pages\/29122\/revisions"}],"predecessor-version":[{"id":31910,"href":"https:\/\/www.os-mirna.si\/index.php?rest_route=\/wp\/v2\/pages\/29122\/revisions\/31910"}],"wp:attachment":[{"href":"https:\/\/www.os-mirna.si\/index.php?rest_route=%2Fwp%2Fv2%2Fmedia&parent=29122"}],"curies":[{"name":"wp","href":"https:\/\/api.w.org\/{rel}","templated":true}]}}