{"id":302,"date":"2015-08-04T09:53:14","date_gmt":"2015-08-04T07:53:14","guid":{"rendered":"http:\/\/osmirna.splet.arnes.si\/?page_id=302"},"modified":"2026-05-12T08:15:59","modified_gmt":"2026-05-12T06:15:59","slug":"jedilnik-sola","status":"publish","type":"page","link":"https:\/\/www.os-mirna.si\/?page_id=302","title":{"rendered":"Jedilnik &#8211; \u0161ola"},"content":{"rendered":"\n<div class=\"wp-block-group\"><div class=\"wp-block-group__inner-container is-layout-flow wp-block-group-is-layout-flow\">\n<p style=\"text-align: center\"><em><strong>JEDILNIK od 11. 5. do 15. 5. 2026<\/strong><\/em><\/p>\n<table width=\"100%\">\n<tbody>\n<tr>\n<td width=\"10%\">\n<p><strong>DAN<\/strong><\/p>\n<\/td>\n<td width=\"22%\">\n<p><strong>ZAJTRK<\/strong><\/p>\n<\/td>\n<td width=\"33%\">\n<p><strong>DOPOLDANSKA MALICA<\/strong><\/p>\n<\/td>\n<td width=\"33%\">\n<p><strong>KOSILO<\/strong><\/p>\n<\/td>\n<\/tr>\n<tr>\n<td width=\"10%\">\n<p><strong>Ponedeljek<\/strong><\/p>\n<\/td>\n<td width=\"22%\">\n<p>\u017ditna ka\u0161ica z doma\u010dim mlekom (1A, 6, 7), sadje<\/p>\n<\/td>\n<td width=\"33%\">\n<p>\u017ditna ka\u0161ica z doma\u010dim mlekom (1A, 6, 7), sadje<\/p>\n<\/td>\n<td width=\"33%\">\n<p>Fi\u017eolova juha z ribano ka\u0161o (1A, 3, 9), sirovi \u0161truklji (1A, 3, 7), me\u0161ana solata, doma\u010d napitek iz pomaran\u010dnega soka in limone<\/p>\n<\/td>\n<\/tr>\n<tr>\n<td width=\"10%\">\n<p><strong>&nbsp;<\/strong><\/p>\n<p><strong>Torek<\/strong><\/p>\n<p><strong>&nbsp;<\/strong><\/p>\n<\/td>\n<td width=\"22%\">\n<p>Muesli pistacija in \u010dokolada brez dodanega sladkorja (6, 8F), doma\u010de mleko (7), mandlji (8A), sadje<\/p>\n<\/td>\n<td width=\"33%\">\n<p>Muesli pistacija in \u010dokolada brez dodanega sladkorja (6, 8F), LCA jogurt z okusom borovnice, brez dodanega sladkorja in sladil (7), mandlji (8A), sadje<\/p>\n<\/td>\n<td width=\"33%\">\n<p>Pastinakova kremna juha (9), pi\u0161\u010dan\u010dja pleskavica vi\u0161je kakovosti, pire krompir (7), pe\u010dena zelenjava, me\u0161ana solata, \u010daj<\/p>\n<\/td>\n<\/tr>\n<tr>\n<td width=\"10%\">\n<p><strong>Sreda<\/strong><\/p>\n<\/td>\n<td width=\"22%\">\n<p>Doma\u010d fi\u017eolov namaz, koruzni kruh (1A), bela kava z doma\u010dim mlekom (1A, 6, 7), sadje<\/p>\n<\/td>\n<td width=\"33%\">\n<p>Doma\u010d fi\u017eolov namaz, koruzni kruh (1A), bela kava z doma\u010dim mlekom (1A, 6, 7), sadje<\/p>\n<\/td>\n<td width=\"33%\">\n<p>\u0160pargljeva kremna juha (7), pe\u010den file novozelandskega repaka (4), ajdova ka\u0161a v solati, \u010daj<\/p>\n<\/td>\n<\/tr>\n<tr>\n<td width=\"10%\">\n<p><strong>\u010cetrtek<\/strong><\/p>\n<\/td>\n<td width=\"22%\">\n<p>Doma\u010d skutni namaz s korenjem (7), graham kruh (1A), tris paprik, \u010daj<\/p>\n<\/td>\n<td width=\"33%\">\n<p>Doma\u010d skutni namaz s korenjem (7), graham kruh (1A), tris paprik, \u010daj<\/p>\n<\/td>\n<td width=\"33%\">\n<p>Paradi\u017enikova kremna juha, mesno-zelenjavna lazanja (EKO goveje mleto meso) (1A, 3, 7), pesa v solati, voda<\/p>\n<\/td>\n<\/tr>\n<tr>\n<td colspan=\"4\" width=\"100%\">\n<p style=\"text-align: center\"><strong>\u0160OLSKA SHEMA: JAGODE<\/strong><\/p>\n<\/td>\n<\/tr>\n<tr>\n<td width=\"10%\">\n<p><strong>Petek<\/strong><\/p>\n<\/td>\n<td width=\"22%\">\n<p>Pisani kruh (1A), salama pusta \u0161unka, kuhano jajce (3), mini paradi\u017enik, sadje, \u010daj<\/p>\n<\/td>\n<td width=\"33%\">\n<p>Pisani kruh (1A), salama pusta \u0161unka, kuhano jajce (3), mini paradi\u017enik, sadje, \u010daj<\/p>\n<\/td>\n<td width=\"33%\">\n<p>Mesno-zelenjavna enolon\u010dnica z doma\u010dimi \u017eli\u010dniki (1A, 3, 7), pirin kruh (1A), sladoled (7), voda<\/p>\n<\/td>\n<\/tr>\n<\/tbody>\n<\/table>\n<p>Kuhinja si v primeru objektivnih razlogov pridru\u017euje pravico do spremembe jedilnikov.&nbsp; &nbsp; &nbsp; &nbsp; &nbsp; &nbsp; &nbsp; &nbsp; &nbsp; &nbsp; &nbsp; &nbsp; &nbsp; &nbsp; &nbsp; &nbsp; &nbsp; &nbsp; &nbsp; DOBER TEK!&nbsp; &nbsp; &nbsp; &nbsp; &nbsp; &nbsp; &nbsp; &nbsp; &nbsp; &nbsp;<\/p>\n<p>&nbsp;<\/p>\n<p style=\"text-align: center\"><em><strong>JEDILNIK od 18. 5. do 22. 5. 2026<\/strong><\/em><\/p>\n<table width=\"100%\">\n<tbody>\n<tr>\n<td width=\"10%\">\n<p><strong>DAN<\/strong><\/p>\n<\/td>\n<td width=\"22%\">\n<p><strong>ZAJTRK<\/strong><\/p>\n<\/td>\n<td width=\"33%\">\n<p><strong>DOPOLDANSKA MALICA<\/strong><\/p>\n<\/td>\n<td width=\"33%\">\n<p><strong>KOSILO<\/strong><\/p>\n<\/td>\n<\/tr>\n<tr>\n<td width=\"10%\">\n<p><strong>Ponedeljek<\/strong><\/p>\n<\/td>\n<td width=\"22%\">\n<p>Mle\u010dna prosena ka\u0161a z doma\u010dim mlekom (7), kakav v prahu brez dodanega sladkorja (6), sadje<\/p>\n<\/td>\n<td width=\"33%\">\n<p>Mle\u010dna prosena ka\u0161a z doma\u010dim mlekom (7), kakav v prahu brez dodanega sladkorja (6), sadje<\/p>\n<\/td>\n<td width=\"33%\">\n<p>Lososova juha (4), puranja ri\u017eota (me\u0161anica 3 \u017eit) z zelenjavo (1CD), riban sir (7), pesa v solati, voda<\/p>\n<\/td>\n<\/tr>\n<tr>\n<td width=\"10%\">\n<p><strong>&nbsp;<\/strong><\/p>\n<p><strong>Torek<\/strong><\/p>\n<p><strong>&nbsp;<\/strong><\/p>\n<\/td>\n<td width=\"22%\">\n<p>Doma\u010d mesno-zelenjavni namaz, polnozrnat kruh (1A), mini paradi\u017enik in mocarela kroglice (7), sadje, \u010daj<\/p>\n<\/td>\n<td width=\"33%\">\n<p>Doma\u010d mesno-zelenjavni namaz, polnozrnat kruh (1A), mini paradi\u017enik in mocarela kroglice (7), sadje, \u010daj<\/p>\n<\/td>\n<td width=\"33%\">\n<p>Zelenjavna juha, sirovi kaneloni (1A, 3, 7), testeninska solata s polnozrnatimi makaron\u010dki (1A, 3), \u010daj<\/p>\n<\/td>\n<\/tr>\n<tr>\n<td width=\"10%\">\n<p><strong>Sreda<\/strong><\/p>\n<\/td>\n<td width=\"22%\">\n<p>Doma\u010de mleko (7), pirina sirova \u0161tru\u010dka (1AC, 7), suho sadje, sadje<\/p>\n<\/td>\n<td width=\"33%\">\n<p>Navadni jogurt kmetije Marn (7), pirina sirova \u0161tru\u010dka (1AC, 7), suho sadje, sadje<\/p>\n<\/td>\n<td width=\"33%\">\n<p>\u010cesnova kremna juha, EKO goveji zrezki v \u010debulni omaki, doma\u010da kruhova rezina (1A, 3, 7), paradi\u017enikova solata, voda<\/p>\n<\/td>\n<\/tr>\n<tr>\n<td width=\"10%\">\n<p><strong>\u010cetrtek<\/strong><\/p>\n<\/td>\n<td width=\"22%\">\n<p>Doma\u010d avokadov namaz (7), pirin kruh (1AC), redkvice, kakav brez dodanega sladkorja z doma\u010dim mlekom (6, 7)<\/p>\n<\/td>\n<td width=\"33%\">\n<p>Doma\u010d avokadov namaz (7), pirin kruh (1AC), redkvice, kakav brez dodanega sladkorja z doma\u010dim mlekom (6, 7)<\/p>\n<\/td>\n<td width=\"33%\">\n<p>Zdrobova juha (1AC), \u010dufti v paradi\u017enikovi omaki (1A, 3, 7), pire krompir (7), zelena solata, \u010daj z limono<\/p>\n<\/td>\n<\/tr>\n<tr>\n<td colspan=\"4\" width=\"100%\">\n<p style=\"text-align: center\">\u0160OLSKA SHEMA: \u010cE\u0160NJE<\/p>\n<\/td>\n<\/tr>\n<tr>\n<td width=\"10%\">\n<p><strong>Petek<\/strong><\/p>\n<\/td>\n<td width=\"22%\">\n<p>Marmelada, maslo (7), ajdov kruh (1A), sadje, \u010daj z limono<\/p>\n<\/td>\n<td width=\"33%\">\n<p>Marmelada, maslo (7), ajdov kruh (1A), sadje, \u010daj z limono<\/p>\n<\/td>\n<td width=\"33%\">\n<p>Koroma\u010deva enolon\u010dnica (9), r\u017eeni kruh (1AB), doma\u010d jabol\u010dni \u0161trudelj (1A, 3, 7), doma\u010da limonada<\/p>\n<\/td>\n<\/tr>\n<\/tbody>\n<\/table>\n<p>Kuhinja si v primeru objektivnih razlogov pridru\u017euje pravico do spremembe jedilnikov.&nbsp; &nbsp; &nbsp; &nbsp; &nbsp; &nbsp; &nbsp; &nbsp; &nbsp; &nbsp; &nbsp; &nbsp; &nbsp; &nbsp; &nbsp; &nbsp; &nbsp; &nbsp; DOBER TEK!&nbsp;&nbsp;&nbsp;&nbsp; &nbsp; &nbsp; &nbsp; &nbsp; &nbsp; &nbsp; &nbsp; &nbsp; &nbsp; &nbsp; &nbsp; &nbsp; &nbsp; &nbsp; &nbsp; &nbsp; &nbsp; &nbsp; &nbsp; &nbsp; &nbsp; &nbsp;<\/p>\n<table style=\"border-collapse: collapse;width: 100%\" border=\"1\">\n<tbody>\n<tr>\n<td style=\"width: 100%\">\n<p>SNOVI ALI PROIZVODI, KI POVZRO\u010cAJO ALERGIJE ALI PREOB\u010cUTLJIVOSTI:<\/p>\n<\/td>\n<\/tr>\n<tr>\n<td style=\"width: 100%\">\n<p>1. \u017dITA, KI VSEBUJEJO GLUTEN (A &#8211; P\u0160ENICA, B- R\u017d, C &#8211; PIRA, \u010c &#8211; KAMUT, D \u2013 JE\u010cMEN, E &#8211; OVES); 2. RAKI IN PROIZVODI IZ NJIH; 3. JAJCA IN PROIZVODI IZ NJIH; 4. RIBE IN PROIZVODI IZ NJIH; 5. ARA\u0160IDI (KIKIRIKI) IN PROIZVODI IZ NJIH; 6. ZRNI SOJE IN PROIZVODI; 7. MLEKO IN MLE\u010cNI PROIZVODI (KI VSEBUJEJO LAKTOZO); 8. ORE\u0160KI (A \u2013 MANDLJI, B \u2013 LE\u0160NIKI, C \u2013 OREHI, \u010c \u2013 INDIJSKI ORE\u0160\u010cKI, D \u2013 AMERI\u0160KI OREHI, E BRAZILSKI ORE\u0160\u010cKI, F \u2013 PISTACIJA, G \u2013 MAKEDAMIJA) ; 9. LISTNA ZELENA IN PROIZVODI IZ NJE; 10. GOR\u010cI\u010cNO SEME IN PROIZVODI IZ NJEGA; 11. SEZAMOVO SEME IN PROIZVODI IZ NJEGA; 12. \u017dVEPLOV DIOKSID IN SULFITI V KONCENTRACIJI VE\u010c KOT 10 MG\/KG ALI 10 MG\/L GLEDE NA SKUPNI SO2; 13. VOL\u010cJI BOB IN PROIZVODI IZ NJEGA; 14. MEHKU\u017dCI IN PROIZVODI IZ NJIH.<\/p>\n<\/td>\n<\/tr>\n<\/tbody>\n<\/table>\n<p style=\"text-align: center\">&nbsp;<\/p>\n<\/div><\/div>\n\n\n\n<p>V O\u0160 Mirna&nbsp;uporabljamo &#8220;MESO IZ SEVNICE&#8221;<\/p>\n\n\n\n<p>Kme\u010dke zadruge Sevnica<\/p>\n\n\n<div class=\"wp-block-image\">\n<figure class=\"aligncenter\"><a href=\"http:\/\/osmirna.splet.arnes.si\/files\/2015\/08\/izbranakakovostSI-1.jpg\"><img loading=\"lazy\" decoding=\"async\" width=\"203\" height=\"203\" src=\"https:\/\/www.os-mirna.si\/files\/2015\/08\/izbranakakovostSI-1.jpg\" alt=\"Izdelki, ki so pridelani in predelani v Sloveniji\" class=\"wp-image-10259\" srcset=\"https:\/\/www.os-mirna.si\/files\/2015\/08\/izbranakakovostSI-1.jpg 203w, https:\/\/www.os-mirna.si\/files\/2015\/08\/izbranakakovostSI-1-150x150.jpg 150w, https:\/\/www.os-mirna.si\/files\/2015\/08\/izbranakakovostSI-1-160x160.jpg 160w, https:\/\/www.os-mirna.si\/files\/2015\/08\/izbranakakovostSI-1-320x320.jpg 320w\" sizes=\"auto, (max-width: 203px) 100vw, 203px\" \/><\/a><figcaption class=\"wp-element-caption\">Logotip \u00bbizbrana kakovost \u2013 Slovenija\u00ab<\/figcaption><\/figure>\n<\/div>\n\n\n<p>VSA GOVEDINA V NJIHOVIH PRODAJALNAH JE VKLJU\u010cENA V NACIONALNO SHEMO<\/p>\n\n\n\n<p>&#8220;IZBRANA KAKOVOST SLOVENIJE&#8221;,&nbsp;KI POTRO\u0160NIKOM ZAGOTAVLJA,<\/p>\n\n\n\n<p>DA PRODAJAJO GOVEJE MESO \u017dIVALI, KI SO&nbsp;VZREJENE&nbsp;IN PREDELANE V SLOVENIJI.<\/p>\n","protected":false},"excerpt":{"rendered":"<p>JEDILNIK od 11. 5. do 15. 5. 2026 DAN ZAJTRK DOPOLDANSKA MALICA KOSILO Ponedeljek \u017ditna ka\u0161ica z doma\u010dim mlekom (1A, 6, 7), sadje \u017ditna ka\u0161ica z doma\u010dim mlekom (1A, 6, 7), sadje Fi\u017eolova juha&#46;&#46;&#46;<\/p>\n","protected":false},"author":5692,"featured_media":0,"parent":0,"menu_order":0,"comment_status":"closed","ping_status":"closed","template":"","meta":{"ngg_post_thumbnail":0,"footnotes":""},"class_list":["post-302","page","type-page","status-publish","hentry"],"_links":{"self":[{"href":"https:\/\/www.os-mirna.si\/index.php?rest_route=\/wp\/v2\/pages\/302","targetHints":{"allow":["GET"]}}],"collection":[{"href":"https:\/\/www.os-mirna.si\/index.php?rest_route=\/wp\/v2\/pages"}],"about":[{"href":"https:\/\/www.os-mirna.si\/index.php?rest_route=\/wp\/v2\/types\/page"}],"author":[{"embeddable":true,"href":"https:\/\/www.os-mirna.si\/index.php?rest_route=\/wp\/v2\/users\/5692"}],"replies":[{"embeddable":true,"href":"https:\/\/www.os-mirna.si\/index.php?rest_route=%2Fwp%2Fv2%2Fcomments&post=302"}],"version-history":[{"count":15,"href":"https:\/\/www.os-mirna.si\/index.php?rest_route=\/wp\/v2\/pages\/302\/revisions"}],"predecessor-version":[{"id":36059,"href":"https:\/\/www.os-mirna.si\/index.php?rest_route=\/wp\/v2\/pages\/302\/revisions\/36059"}],"wp:attachment":[{"href":"https:\/\/www.os-mirna.si\/index.php?rest_route=%2Fwp%2Fv2%2Fmedia&parent=302"}],"curies":[{"name":"wp","href":"https:\/\/api.w.org\/{rel}","templated":true}]}}