{"id":304,"date":"2015-08-04T09:53:39","date_gmt":"2015-08-04T07:53:39","guid":{"rendered":"http:\/\/osmirna.splet.arnes.si\/?page_id=304"},"modified":"2026-04-08T11:34:42","modified_gmt":"2026-04-08T09:34:42","slug":"jedilnik-vrtec","status":"publish","type":"page","link":"https:\/\/www.os-mirna.si\/?page_id=304","title":{"rendered":"Jedilnik &#8211; vrtec"},"content":{"rendered":"<p style=\"text-align: center\"><em><strong>JEDILNIK-vrtec <\/strong><strong>od 6. 4. do 10. 4. 2026<\/strong><\/em><\/p>\n<table width=\"1036\">\n<tbody>\n<tr>\n<td width=\"113\"><strong>DAN<\/strong><\/td>\n<td width=\"264\"><strong>ZAJTRK<\/strong><\/td>\n<td width=\"161\"><strong>DOPOLDANSKA MALICA<\/strong><\/td>\n<td width=\"321\"><strong>KOSILO<\/strong><\/td>\n<td width=\"176\"><strong>POPOLDANSKA MALICA<\/strong><\/td>\n<\/tr>\n<tr>\n<td width=\"113\"><strong>Ponedeljek<\/strong><\/td>\n<td colspan=\"4\" width=\"922\">VELIKONO\u010cNI PONEDELJEK<\/td>\n<\/tr>\n<tr>\n<td width=\"113\"><strong>Torek<\/strong><\/td>\n<td width=\"264\">Mle\u010dni ri\u017e z doma\u010dim mlekom (7), posip iz naribane temne \u010dokolade (6), mandeljni (8A), sadje<\/td>\n<td width=\"161\">Sadno-zelenjavni kro\u017enik<\/td>\n<td width=\"321\">Juha iz pe\u010dene cveta\u010de, krompirjevi svaljki z lososovo \u0161pina\u010dno-smetanovo omako, kitajsko zelje v solati s fi\u017eolom, \u010daj<\/td>\n<td width=\"176\">Polnozrnati grisini (1A), sadje<\/td>\n<\/tr>\n<tr>\n<td width=\"113\"><strong>Sreda<\/strong><\/td>\n<td width=\"264\">Doma\u010d mesno-zelenjavni namaz (3, 7), mini paradi\u017enik, pisani kruh (1A), \u010daj<\/td>\n<td width=\"161\">Sadni kro\u017enik<\/td>\n<td width=\"321\">Pastinakova kremna juha, mleta pe\u010denka z EKO mletim mesom (3, 7), pra\u017een krompir, kuhana zelenjavna priloga, zelena solata s koruzo, \u010daj<\/td>\n<td width=\"176\">Krekerji (1A), mleko (7)<\/td>\n<\/tr>\n<tr>\n<td width=\"113\"><strong>\u010cetrtek<\/strong><\/td>\n<td width=\"264\">Marmelada, maslo (7), ajdov kruh (1A), bela kava brez dodanega sladkorja z doma\u010dim mlekom (1A, 7)<\/td>\n<td width=\"161\">Sadno-zelenjavni kro\u017enik<\/td>\n<td width=\"321\">Zdrobova kremna juha (1A), pe\u010dena pi\u0161\u010dan\u010dja bedra, mlinci (1A, 3), naravna omaka, pe\u010dena zelenjavna priloga (paprika, korenje, bu\u010dke, \u010debula), pesa v solati, voda<\/td>\n<td width=\"176\">Polbeli kruh (1A), sadje, \u010daj<\/td>\n<\/tr>\n<tr>\n<td width=\"113\"><strong>Petek<\/strong><\/td>\n<td width=\"264\">Kokosova granola, doma\u010de mleko (7), sadje<\/td>\n<td width=\"161\">Sadno-zelenjavni kro\u017enik<\/td>\n<td width=\"321\">Ajdova mine\u0161tra s puranjim mesom, pirin kruh (1AC), kremna rezina (1A, 3, 6, 7), doma\u010da limonada<\/td>\n<td width=\"176\">Kislo mleko (7), sadje, r\u017eena \u0161tru\u010dka (1AB)<\/td>\n<\/tr>\n<\/tbody>\n<\/table>\n<p>Kuhinja si v primeru objektivnih razlogov pridru\u017euje pravico do spremembe jedilnikov.&nbsp; &nbsp; &nbsp; &nbsp; &nbsp; &nbsp; &nbsp; &nbsp; &nbsp; &nbsp; &nbsp; &nbsp; &nbsp; &nbsp; &nbsp; &nbsp; &nbsp; &nbsp; &nbsp; DOBER TEK<\/p>\n<p>&nbsp;<\/p>\n<p style=\"text-align: center\"><em><strong>JEDILNIK-vrtec <\/strong><strong>od 13. 4. do 17. 4. 2026<\/strong><\/em><\/p>\n<table width=\"1036\">\n<tbody>\n<tr>\n<td width=\"113\"><strong>DAN<\/strong><\/td>\n<td width=\"264\"><strong>ZAJTRK<\/strong><\/td>\n<td width=\"161\"><strong>DOPOLDANSKA MALICA<\/strong><\/td>\n<td width=\"321\"><strong>KOSILO<\/strong><\/td>\n<td width=\"176\"><strong>POPOLDANSKA MALICA<\/strong><\/td>\n<\/tr>\n<tr>\n<td width=\"113\"><strong>Ponedeljek<\/strong><\/td>\n<td width=\"264\">Mle\u010dni mo\u010dnik z doma\u010dim mlekom (1A, 3, 7), le\u0161nikov posip (8B)<\/td>\n<td width=\"161\">Sadni kro\u017enik<\/td>\n<td width=\"321\">Le\u010dina juha, pope\u010den sir za \u017ear (7), ajdova ka\u0161a v solati, doma\u010d jabol\u010dni kompot<\/td>\n<td width=\"176\">\u010crna \u017eemlja (1A), sadno-zelenjavni kro\u017enik<\/td>\n<\/tr>\n<tr>\n<td width=\"113\"><strong>Torek<\/strong><\/td>\n<td width=\"264\">Pisana \u0161tru\u010dka (1A), doma\u010de mleko (7), brusnice (12)<\/td>\n<td width=\"161\">Sadno-zelenjavni kro\u017enik<\/td>\n<td width=\"321\">Koren\u010dkova kremna juha, mesno-zelenjavna musaka z mletim mesom (3, 7), pesa v solati, voda<\/td>\n<td width=\"176\">Doma\u010d jagodni jogurt (7), r\u017eena \u0161tru\u010dka (1AB) mleko (7), sadje<\/td>\n<\/tr>\n<tr>\n<td width=\"113\"><strong>Sreda<\/strong><\/td>\n<td width=\"264\">Salama pi\u0161\u010dan\u010dje prsi, polbeli kruh s semeni (1A), mini paradi\u017enik, \u010daj<\/td>\n<td width=\"161\">Sadni kro\u017enik<\/td>\n<td width=\"321\">Kremna juha iz zelene (9), puranja ri\u017eota z zelenjavo, riban sir (7), zelena solata z naribanim korenjem, doma\u010d pomaran\u010dni sok<\/td>\n<td width=\"176\">Pirina \u017eemlja (1AC), zelenjavni kro\u017enik, \u010daj<\/td>\n<\/tr>\n<tr>\n<td width=\"113\"><strong>\u010cetrtek<\/strong><\/td>\n<td width=\"264\">Namaz iz kisle smetane (7), koruzni kruh (1A), rezana paprika, \u010daj<\/td>\n<td width=\"161\">Sadni kro\u017enik<\/td>\n<td width=\"321\">Kremna kolerabna juha, testenine s tunino omako (1A, 3), zeljnata solata s fi\u017eolom, \u010daj<\/td>\n<td width=\"176\">Pi\u0161koti z manj sladkorja (1A, 3, 7), sadje<\/td>\n<\/tr>\n<tr>\n<td width=\"113\"><strong>Petek<\/strong><\/td>\n<td width=\"264\">Rezan sir (7), polnozrnat kruh (1A), rezine korenja, sadje, \u010daj<\/td>\n<td width=\"161\">Sadni kro\u017enik<\/td>\n<td width=\"321\">Krompirjev gola\u017e z EKO govejim mesom in BIO zelenjavo, r\u017eeni kruh (1AB), doma\u010de zdrobovo \u010dokoladno pecivo z jabolki (1AC, 3, 7), voda<\/td>\n<td width=\"176\">Ri\u017eevi vaflji s temno \u010dokolado, sadje<\/td>\n<\/tr>\n<\/tbody>\n<\/table>\n<p>Kuhinja si v primeru objektivnih razlogov pridru\u017euje pravico do spremembe jedilnikov.&nbsp; &nbsp; &nbsp; &nbsp; &nbsp; &nbsp; &nbsp; &nbsp; &nbsp; &nbsp; &nbsp; &nbsp; &nbsp; &nbsp; &nbsp; &nbsp; &nbsp; &nbsp; &nbsp; DOBER TEK&nbsp;&nbsp;&nbsp;&nbsp;<\/p>\n<table border=\"1\">\n<tbody>\n<tr>\n<td>SNOVI ALI PROIZVODI, KI POVZRO\u010cAJO ALERGIJE ALI PREOB\u010cUTLJIVOSTI:<\/td>\n<\/tr>\n<tr>\n<td>1. \u017dITA, KI VSEBUJEJO GLUTEN (A &#8211; P\u0160ENICA, B- R\u017d, C &#8211; PIRA, \u010c &#8211; KAMUT, D \u2013 JE\u010cMEN, E &#8211; OVES); 2. RAKI IN PROIZVODI IZ NJIH; 3. JAJCA IN PROIZVODI IZ NJIH; 4. RIBE IN PROIZVODI IZ NJIH; 5. ARA\u0160IDI (KIKIRIKI) IN PROIZVODI IZ NJIH; 6. ZRNI SOJE IN PROIZVODI; 7. MLEKO IN MLE\u010cNI PROIZVODI (KI VSEBUJEJO LAKTOZO); 8. ORE\u0160KI (A \u2013 MANDLJI, B \u2013 LE\u0160NIKI, C \u2013 OREHI, \u010c \u2013 INDIJSKI ORE\u0160\u010cKI, D \u2013 AMERI\u0160KI OREHI, E BRAZILSKI ORE\u0160\u010cKI, F \u2013 PISTACIJA, G \u2013 MAKEDAMIJA) ; 9. LISTNA ZELENA IN PROIZVODI IZ NJE; 10. GOR\u010cI\u010cNO SEME IN PROIZVODI IZ NJEGA; 11. SEZAMOVO SEME IN PROIZVODI IZ NJEGA; 12. \u017dVEPLOV DIOKSID IN SULFITI V KONCENTRACIJI VE\u010c KOT 10 MG\/KG ALI 10 MG\/L GLEDE NA SKUPNI SO2; 13. VOL\u010cJI BOB IN PROIZVODI IZ NJEGA; 14. MEHKU\u017dCI IN PROIZVODI IZ NJIH.<\/td>\n<\/tr>\n<\/tbody>\n<\/table>\n<p>&nbsp; &nbsp; &nbsp; &nbsp; &nbsp;&nbsp;<\/p>\n<p>V O\u0160 Mirna&nbsp;uporabljamo &#8220;MESO IZ SEVNICE&#8221;<\/p>\n<p>Kme\u010dke zadruge Sevnica<\/p>\n<div id=\"attachment_10259\" style=\"width: 213px\" class=\"wp-caption aligncenter\"><a href=\"http:\/\/osmirna.splet.arnes.si\/files\/2015\/08\/izbranakakovostSI-1.jpg\"><img loading=\"lazy\" decoding=\"async\" aria-describedby=\"caption-attachment-10259\" class=\"wp-image-10259 size-full\" src=\"https:\/\/www.os-mirna.si\/files\/2015\/08\/izbranakakovostSI-1.jpg\" alt=\"Izdelki, ki so pridelani in predelani v Sloveniji\" width=\"203\" height=\"203\" srcset=\"https:\/\/www.os-mirna.si\/files\/2015\/08\/izbranakakovostSI-1.jpg 203w, https:\/\/www.os-mirna.si\/files\/2015\/08\/izbranakakovostSI-1-150x150.jpg 150w, https:\/\/www.os-mirna.si\/files\/2015\/08\/izbranakakovostSI-1-160x160.jpg 160w, https:\/\/www.os-mirna.si\/files\/2015\/08\/izbranakakovostSI-1-320x320.jpg 320w\" sizes=\"auto, (max-width: 203px) 100vw, 203px\" \/><\/a><p id=\"caption-attachment-10259\" class=\"wp-caption-text\">Logotip \u00bbizbrana kakovost \u2013 Slovenija\u00ab<\/p><\/div>\n<p>VSA GOVEDINA V NJIHOVIH PRODAJALNAH JE VKLJU\u010cENA V NACIONALNO SHEMO<\/p>\n<p>&#8220;IZBRANA KAKOVOST SLOVENIJE&#8221;,&nbsp;KI POTRO\u0160NIKOM ZAGOTAVLJA,<\/p>\n<p>DA PRODAJAJO GOVEJE MESO \u017dIVALI, KI SO&nbsp;VZREJENE&nbsp;IN PREDELANE V SLOVENIJI.<\/p>\n<p>&nbsp; &nbsp; &nbsp; &nbsp; &nbsp;&nbsp;<\/p>\n<p>&nbsp;<\/p>\n<p>&nbsp;<\/p>\n<p style=\"text-align: center\">&nbsp;<\/p>\n<p style=\"text-align: center\">&nbsp;<\/p>\n","protected":false},"excerpt":{"rendered":"<p>JEDILNIK-vrtec od 6. 4. do 10. 4. 2026 DAN ZAJTRK DOPOLDANSKA MALICA KOSILO POPOLDANSKA MALICA Ponedeljek VELIKONO\u010cNI PONEDELJEK Torek Mle\u010dni ri\u017e z doma\u010dim mlekom (7), posip iz naribane temne \u010dokolade (6), mandeljni (8A), sadje&#46;&#46;&#46;<\/p>\n","protected":false},"author":5692,"featured_media":0,"parent":0,"menu_order":0,"comment_status":"closed","ping_status":"closed","template":"","meta":{"ngg_post_thumbnail":0,"footnotes":""},"class_list":["post-304","page","type-page","status-publish","hentry"],"_links":{"self":[{"href":"https:\/\/www.os-mirna.si\/index.php?rest_route=\/wp\/v2\/pages\/304","targetHints":{"allow":["GET"]}}],"collection":[{"href":"https:\/\/www.os-mirna.si\/index.php?rest_route=\/wp\/v2\/pages"}],"about":[{"href":"https:\/\/www.os-mirna.si\/index.php?rest_route=\/wp\/v2\/types\/page"}],"author":[{"embeddable":true,"href":"https:\/\/www.os-mirna.si\/index.php?rest_route=\/wp\/v2\/users\/5692"}],"replies":[{"embeddable":true,"href":"https:\/\/www.os-mirna.si\/index.php?rest_route=%2Fwp%2Fv2%2Fcomments&post=304"}],"version-history":[{"count":15,"href":"https:\/\/www.os-mirna.si\/index.php?rest_route=\/wp\/v2\/pages\/304\/revisions"}],"predecessor-version":[{"id":35614,"href":"https:\/\/www.os-mirna.si\/index.php?rest_route=\/wp\/v2\/pages\/304\/revisions\/35614"}],"wp:attachment":[{"href":"https:\/\/www.os-mirna.si\/index.php?rest_route=%2Fwp%2Fv2%2Fmedia&parent=304"}],"curies":[{"name":"wp","href":"https:\/\/api.w.org\/{rel}","templated":true}]}}