{"id":3083,"date":"2016-05-06T11:38:58","date_gmt":"2016-05-06T09:38:58","guid":{"rendered":"http:\/\/osmirna.splet.arnes.si\/?page_id=3083"},"modified":"2016-09-06T20:53:59","modified_gmt":"2016-09-06T18:53:59","slug":"ob-400-letnici-smrti-shakespeareja","status":"publish","type":"page","link":"https:\/\/www.os-mirna.si\/?page_id=3083","title":{"rendered":"Ob 400-letnici smrti Shakespeareja"},"content":{"rendered":"<p>Deveto\u0161olci so pri pouku na zabaven na\u010din spoznali Shakespearovo \u017eivljenje. S pomo\u010djo dokumentarnega filma so pobli\u017ee spoznali elizabetinsko gledali\u0161\u010de in ob branju Romea in Julije ugotovili, da se verzi Romea in Julije mo\u010dno razlikujejo os sodobne angle\u0161\u010dine.<\/p>\n<p><a href=\"http:\/\/osmirna.splet.arnes.si\/files\/2016\/07\/shakespeare1.jpg\"><img loading=\"lazy\" decoding=\"async\" class=\"aligncenter wp-image-3084 size-medium\" src=\"http:\/\/osmirna.splet.arnes.si\/files\/2016\/07\/shakespeare1-300x187.jpg\" alt=\"Shakespeare\" width=\"300\" height=\"187\" srcset=\"https:\/\/www.os-mirna.si\/files\/2016\/07\/shakespeare1-300x187.jpg 300w, https:\/\/www.os-mirna.si\/files\/2016\/07\/shakespeare1.jpg 858w\" sizes=\"auto, (max-width: 300px) 100vw, 300px\" \/><\/a><\/p>\n<p><a href=\"http:\/\/osmirna.splet.arnes.si\/files\/2016\/07\/gledalisce.jpg\"><img loading=\"lazy\" decoding=\"async\" class=\"aligncenter size-full wp-image-3085\" src=\"http:\/\/osmirna.splet.arnes.si\/files\/2016\/07\/gledalisce.jpg\" alt=\"Gledalisce\" width=\"448\" height=\"336\" srcset=\"https:\/\/www.os-mirna.si\/files\/2016\/07\/gledalisce.jpg 448w, https:\/\/www.os-mirna.si\/files\/2016\/07\/gledalisce-300x225.jpg 300w\" sizes=\"auto, (max-width: 448px) 100vw, 448px\" \/><\/a><\/p>\n","protected":false},"excerpt":{"rendered":"<p>Deveto\u0161olci so pri pouku na zabaven na\u010din spoznali Shakespearovo \u017eivljenje. S pomo\u010djo dokumentarnega filma so pobli\u017ee spoznali elizabetinsko gledali\u0161\u010de in ob branju Romea in Julije ugotovili, da se verzi Romea in Julije mo\u010dno razlikujejo&#46;&#46;&#46;<\/p>\n","protected":false},"author":5692,"featured_media":0,"parent":0,"menu_order":0,"comment_status":"closed","ping_status":"closed","template":"","meta":{"ngg_post_thumbnail":0,"footnotes":""},"class_list":["post-3083","page","type-page","status-publish","hentry"],"_links":{"self":[{"href":"https:\/\/www.os-mirna.si\/index.php?rest_route=\/wp\/v2\/pages\/3083","targetHints":{"allow":["GET"]}}],"collection":[{"href":"https:\/\/www.os-mirna.si\/index.php?rest_route=\/wp\/v2\/pages"}],"about":[{"href":"https:\/\/www.os-mirna.si\/index.php?rest_route=\/wp\/v2\/types\/page"}],"author":[{"embeddable":true,"href":"https:\/\/www.os-mirna.si\/index.php?rest_route=\/wp\/v2\/users\/5692"}],"replies":[{"embeddable":true,"href":"https:\/\/www.os-mirna.si\/index.php?rest_route=%2Fwp%2Fv2%2Fcomments&post=3083"}],"version-history":[{"count":1,"href":"https:\/\/www.os-mirna.si\/index.php?rest_route=\/wp\/v2\/pages\/3083\/revisions"}],"predecessor-version":[{"id":3086,"href":"https:\/\/www.os-mirna.si\/index.php?rest_route=\/wp\/v2\/pages\/3083\/revisions\/3086"}],"wp:attachment":[{"href":"https:\/\/www.os-mirna.si\/index.php?rest_route=%2Fwp%2Fv2%2Fmedia&parent=3083"}],"curies":[{"name":"wp","href":"https:\/\/api.w.org\/{rel}","templated":true}]}}