{"id":309,"date":"2015-08-04T10:03:28","date_gmt":"2015-08-04T08:03:28","guid":{"rendered":"http:\/\/osmirna.splet.arnes.si\/?page_id=309"},"modified":"2015-09-23T20:17:43","modified_gmt":"2015-09-23T18:17:43","slug":"309-2","status":"publish","type":"page","link":"https:\/\/www.os-mirna.si\/?page_id=309","title":{"rendered":"Erasmus+"},"content":{"rendered":"<p><a href=\"http:\/\/osmirna.splet.arnes.si\/files\/2015\/07\/erasmus_plus.jpg\"><img loading=\"lazy\" decoding=\"async\" class=\"alignleft  wp-image-169\" src=\"http:\/\/osmirna.splet.arnes.si\/files\/2015\/07\/erasmus_plus.jpg\" alt=\"erasmus_plus\" width=\"553\" height=\"158\" srcset=\"https:\/\/www.os-mirna.si\/files\/2015\/07\/erasmus_plus.jpg 1964w, https:\/\/www.os-mirna.si\/files\/2015\/07\/erasmus_plus-300x86.jpg 300w, https:\/\/www.os-mirna.si\/files\/2015\/07\/erasmus_plus-1024x292.jpg 1024w\" sizes=\"auto, (max-width: 553px) 100vw, 553px\" \/><\/a><\/p>\n<p>&nbsp;<\/p>\n<p>&nbsp;<\/p>\n<p>&nbsp;<\/p>\n<p>&nbsp;<\/p>\n<p>&nbsp;<\/p>\n<h3><\/h3>\n<h3>ERASMUS PLUS \u2013 Z JEZIKI V EVROPO<\/h3>\n<p>V mesecu marcu 2014 se je na\u0161a \u0161ola prijavila na evropski razpis programa Erasmus plus. To je novi program EU za sodelovanje na podro\u010dju izobra\u017eevanja, usposabljanja, mladine in \u0161porta za obdobje 2014\u20132020.<\/p>\n<p>Osnovna \u0161ola Mirna se je v marcu 2014 s projektom <strong>Z jeziki v Evropo<\/strong> prijavila na razpis za dodelitev evropskih denarnih sredstev. V mesecu septembru 2014 je bil na\u0161 projekt uradno odobren.<\/p>\n<p>Projekt je razdeljen na dva dela:<\/p>\n<ol>\n<li>Izobra\u017eevanje vseh treh u\u010diteljic tujih jezikov. U\u010diteljice se bodo udele\u017eile te\u010dajev v Veliki Britaniji in Nem\u010diji. Tam bodo osve\u017eile znanje jezika in pridobile nova znanja s podro\u010dja metodologije, zgodovine, sociologije.<\/li>\n<li>U\u010diteljice bodo poskusile s pomo\u010djo razli\u010dnih projektnih dejavnosti izbolj\u0161ati nivo pouka tujih jezikov.<\/li>\n<\/ol>\n<p>Cilji projekta so usmerjeni na u\u010diteljice, u\u010dence, star\u0161e, celotno \u0161olo in lokalno skupnost.<\/p>\n<p>U\u010cITELJICE:<\/p>\n<ol>\n<li>novo znanje s podro\u010dja zgodovine in sociologije<\/li>\n<li>\u00a0seznanitev s trendi in novostmi pedago\u0161ke prakse<\/li>\n<li>osve\u017eitev jezikovnega znanja<\/li>\n<li>nova poznanstva z u\u010ditelji z razli\u010dnih koncev Evrope (mo\u017enost sodelovanja v prihodnosti \/ izmenjava u\u010dencev)<\/li>\n<li>ve\u010dja samozavest pri izvedbi pouka<\/li>\n<li>nau\u010dene spretnosti obvladovanja in vodenja pouka<\/li>\n<\/ol>\n<p>U\u010cENCI<\/p>\n<ol>\n<li>ve\u010dji interes za u\u010denje jezikov<\/li>\n<li>izbolj\u0161anje uspeha pri u\u010denju jezikov<\/li>\n<li>bolj\u0161e poznavanje drugih (evropskih) kultur<\/li>\n<li>znanje o Evropski skupnosti, krepitev evropske identitete<\/li>\n<li>razvijanje kriti\u010dnega mi\u0161ljenja (primerjava \u017eivljenja, navad v razli\u010dnih dr\u017eavah)<\/li>\n<li>uspe\u0161nej\u0161e premagovanje u\u010dnih te\u017eav pri u\u010dencih s posebnimi potrebami in pripadniki romske manj\u0161ine<\/li>\n<\/ol>\n<p>STAR\u0160I<\/p>\n<ol>\n<li>ve\u010dja ozave\u0161\u010denost o u\u010denju svojega otroka<\/li>\n<li>znanje, kako svojemu otroku pomagati<\/li>\n<\/ol>\n<p>\u0160OLA<\/p>\n<ol>\n<li>\u0161irjenje navzven, v Evropo &#8211; dopisovanje, e-Twinning<\/li>\n<li>ve\u010dja prepoznavnost v lokalnem okolju in posledi\u010dno krepitev odnosov z lokalno skupnostjo &#8211; kot del diseminacije se \u0161ola pojavi v lokalnih medijih<\/li>\n<li>posodobitev u\u010dnega procesa ki vodi v kvalitetnej\u0161e znanje u\u010dencev<\/li>\n<li>zaradi sodelovanja in medpredmetnega povezovanja se krepijo odnosi med sodelavci<\/li>\n<\/ol>\n<p>LOKALNA SKUPNOST<\/p>\n<ol>\n<li>ve\u010dja ozave\u0161\u010denost o pomembnosti znanja tujih jezikov<\/li>\n<li>ve\u010dja prepoznavnost programa Erasmus+ in morebitno zanimanje za udele\u017ebo v prihodnosti (npr. upokojenci)<\/li>\n<li>kot del diseminacije se skozi \u010dlanke v lokalnih sredstvih obve\u0161\u010danja krepi evropska identiteta<\/li>\n<li>\u0161e ve\u010dja povezanost \u0161ole z lokalno skupnostjo<\/li>\n<\/ol>\n<p>Koordinatorka projekta Z jeziki v Evropo je u\u010diteljica angle\u0161\u010dine Marija Klan\u010dar.<\/p>\n<p>&nbsp;<\/p>\n<p>Povezave:<\/p>\n<p><a href=\"http:\/\/www.erasmusplus.si\/\">http:\/\/www.erasmusplus.si\/<\/a><\/p>\n<p><a href=\"http:\/\/www.cmepius.si\/\">http:\/\/www.cmepius.si\/<\/a><\/p>\n<p><a href=\"http:\/\/ec.europa.eu\/programmes\/erasmus-plus\/index_sl.htm\">http:\/\/ec.europa.eu\/programmes\/erasmus-plus\/index_sl.htm<\/a><\/p>\n<p><a href=\"http:\/\/www.welcomeurope.com\/european-funds\/erasmus-813+713.html#tab=onglet_details\">http:\/\/www.welcomeurope.com\/european-funds\/erasmus-813+713.html#tab=onglet_details<\/a><\/p>\n<p>&nbsp;<\/p>\n","protected":false},"excerpt":{"rendered":"<p>&nbsp; &nbsp; &nbsp; &nbsp; &nbsp; ERASMUS PLUS \u2013 Z JEZIKI V EVROPO V mesecu marcu 2014 se je na\u0161a \u0161ola prijavila na evropski razpis programa Erasmus plus. To je novi program EU za sodelovanje&#46;&#46;&#46;<\/p>\n","protected":false},"author":5692,"featured_media":0,"parent":0,"menu_order":0,"comment_status":"closed","ping_status":"closed","template":"","meta":{"ngg_post_thumbnail":0,"footnotes":""},"class_list":["post-309","page","type-page","status-publish","hentry"],"_links":{"self":[{"href":"https:\/\/www.os-mirna.si\/index.php?rest_route=\/wp\/v2\/pages\/309","targetHints":{"allow":["GET"]}}],"collection":[{"href":"https:\/\/www.os-mirna.si\/index.php?rest_route=\/wp\/v2\/pages"}],"about":[{"href":"https:\/\/www.os-mirna.si\/index.php?rest_route=\/wp\/v2\/types\/page"}],"author":[{"embeddable":true,"href":"https:\/\/www.os-mirna.si\/index.php?rest_route=\/wp\/v2\/users\/5692"}],"replies":[{"embeddable":true,"href":"https:\/\/www.os-mirna.si\/index.php?rest_route=%2Fwp%2Fv2%2Fcomments&post=309"}],"version-history":[{"count":6,"href":"https:\/\/www.os-mirna.si\/index.php?rest_route=\/wp\/v2\/pages\/309\/revisions"}],"predecessor-version":[{"id":412,"href":"https:\/\/www.os-mirna.si\/index.php?rest_route=\/wp\/v2\/pages\/309\/revisions\/412"}],"wp:attachment":[{"href":"https:\/\/www.os-mirna.si\/index.php?rest_route=%2Fwp%2Fv2%2Fmedia&parent=309"}],"curies":[{"name":"wp","href":"https:\/\/api.w.org\/{rel}","templated":true}]}}