{"id":318,"date":"2015-08-04T11:35:19","date_gmt":"2015-08-04T09:35:19","guid":{"rendered":"http:\/\/osmirna.splet.arnes.si\/?page_id=318"},"modified":"2025-02-19T22:24:48","modified_gmt":"2025-02-19T21:24:48","slug":"kulturna-sola","status":"publish","type":"page","link":"https:\/\/www.os-mirna.si\/?page_id=318","title":{"rendered":"Kulturna \u0161ola"},"content":{"rendered":"<p><span style=\"color: #000000\"><strong>Osnovna \u0161ola Mirna \u2013 kulturna \u0161ola leta 2012<\/strong><\/span><\/p>\n<p><span style=\"color: #000000\">V petek, 1. junija 2012, se je kulturna delegacija Osnovne \u0161ole Mirna (mentorice Dragica Hazdovac, Melita Lek\u0161e, Mateja Lu\u017ear, Vesna Kos, u\u010denci Ajda Vi\u0161\u010dek, Jan \u0160enica in Galja \u017di\u017emond ter ravnateljica \u0161ole Anica Marin\u010di\u010d) odpravila v geometrijsko sredi\u0161\u010de Slovenije, v Va\u010de, kjer je potekala zaklju\u010dna prireditev in razglasitev Kulturne \u0161ole 2012. Na\u0161a ustanova, pod katere okriljem so osnovna \u0161ola, osnovna \u0161ola s prilagojenim programom in vrtec, si je priznanje prislu\u017eila s \u0161tevilnimi kulturnimi dejavnostmi in prireditvami, ki so v zadnjih petih letih popestrile dogajanje na \u0161oli in v ob\u010dini, \u0161e posebno na gledali\u0161kem, recitacijskem, literarnem in plesnem podro\u010dju.<\/span><\/p>\n<p><span style=\"color: #000000\">Ob prihodu v Va\u010de so vse kulturne \u0161ole dobile priznanje in zastavo; ta bo do avgusta 2015 krasila na\u0161o \u0161olo. Glede na to, da O\u0160 Mirna zaznamuje \u017eivahno kulturno \u017eivljenje, pa si naziv kulturna \u0161ola obetamo tudi v prihodnje.<\/span><\/p>\n<p><span style=\"color: #000000\">Prireditev so organizatorji odprli s skromnim kulturnim programom, potem pa so se u\u010denci odpravili v razli\u010dne delavnice, likovno, literarno, novinarsko, filmsko, gledali\u0161ko, plesno \u2026, kjer so ustvarjali pribli\u017eno dve uri. Medtem je v telovadnici Podru\u017eni\u010dne osnovne \u0161ole Va\u010de potekala okrogla miza (ali bolje re\u010deno predavanje) na temo Kulturne dejavnosti u\u010dencev med \u0161olo in dru\u0161tvom.<\/span><\/p>\n<p><span style=\"color: #000000\">Zaklju\u010dni del prireditve so si zamislili kot predstavitev dejavnosti v delavnicah, razglasitev najbolj\u0161ih \u0161ol v treh kategorijah glede na njihovo velikost &nbsp;in podelitev posebnih priznanj za dose\u017eke na posameznih podro\u010djih.&nbsp; Na\u0161i delegaciji se je pridru\u017eil tudi \u017eupan Du\u0161an Skerbi\u0161 in nam s to gesto dokazal, da ceni na\u0161e delo in se z nami veseli uspehov.<\/span><\/p>\n<p><span style=\"color: #000000\">Iz Va\u010d smo odhajali z ob\u010dutkom, da delamo dobro.<\/span><\/p>\n<p><span style=\"color: #000000\">Vesna Kos<\/span><\/p>\nngg_shortcode_0_placeholder\n","protected":false},"excerpt":{"rendered":"<p>Osnovna \u0161ola Mirna \u2013 kulturna \u0161ola leta 2012 V petek, 1. junija 2012, se je kulturna delegacija Osnovne \u0161ole Mirna (mentorice Dragica Hazdovac, Melita Lek\u0161e, Mateja Lu\u017ear, Vesna Kos, u\u010denci Ajda Vi\u0161\u010dek, Jan \u0160enica&#46;&#46;&#46;<\/p>\n","protected":false},"author":5692,"featured_media":0,"parent":0,"menu_order":0,"comment_status":"closed","ping_status":"closed","template":"","meta":{"ngg_post_thumbnail":0,"footnotes":""},"class_list":["post-318","page","type-page","status-publish","hentry"],"_links":{"self":[{"href":"https:\/\/www.os-mirna.si\/index.php?rest_route=\/wp\/v2\/pages\/318","targetHints":{"allow":["GET"]}}],"collection":[{"href":"https:\/\/www.os-mirna.si\/index.php?rest_route=\/wp\/v2\/pages"}],"about":[{"href":"https:\/\/www.os-mirna.si\/index.php?rest_route=\/wp\/v2\/types\/page"}],"author":[{"embeddable":true,"href":"https:\/\/www.os-mirna.si\/index.php?rest_route=\/wp\/v2\/users\/5692"}],"replies":[{"embeddable":true,"href":"https:\/\/www.os-mirna.si\/index.php?rest_route=%2Fwp%2Fv2%2Fcomments&post=318"}],"version-history":[{"count":7,"href":"https:\/\/www.os-mirna.si\/index.php?rest_route=\/wp\/v2\/pages\/318\/revisions"}],"predecessor-version":[{"id":31845,"href":"https:\/\/www.os-mirna.si\/index.php?rest_route=\/wp\/v2\/pages\/318\/revisions\/31845"}],"wp:attachment":[{"href":"https:\/\/www.os-mirna.si\/index.php?rest_route=%2Fwp%2Fv2%2Fmedia&parent=318"}],"curies":[{"name":"wp","href":"https:\/\/api.w.org\/{rel}","templated":true}]}}