{"id":3249,"date":"2015-10-20T20:20:46","date_gmt":"2015-10-20T18:20:46","guid":{"rendered":"http:\/\/osmirna.splet.arnes.si\/?page_id=3249"},"modified":"2016-09-06T20:28:24","modified_gmt":"2016-09-06T18:28:24","slug":"najpogostejsa-imena-v-moji-drzavi","status":"publish","type":"page","link":"https:\/\/www.os-mirna.si\/?page_id=3249","title":{"rendered":"Najpogostej\u0161a imena v moji dr\u017eavi"},"content":{"rendered":"<p>Peto\u0161olci bodo v tem projektu sodelovali s \u0161olami iz Makedonije, Italije, Poljske, Romunije, Francije, Belgije, Islandije in Tur\u010dije. Cilj tega projekta je spodbuditi u\u010dence k radovednosti in jih motivirati za u\u010denje angle\u0161\u010dine. Spoznavali bodo, kak\u0161na imena so pogosta v posameznih dr\u017eavah in jih med seboj primerjali. O svojih vrstnikih bodo spoznali kaj novega, obenem pa bodo videli, da smo si kljub razlikam med seboj tudi podobni.<\/p>\n<p>U\u010denci bodo najprej predstavili svoj kraj, svojo \u0161olo in razred. Nato bodo pripravili predstavitev najpogostej\u0161ih imen.<\/p>\n<p>Povezava na spletno u\u010dilnico:<\/p>\n<p><a href=\"https:\/\/twinspace.etwinning.net\/11986\/home\">https:\/\/twinspace.etwinning.net\/11986\/home<\/a><\/p>\n<p>https:\/\/www.youtube.com\/watch?v=r_s6z0D4Xlo<\/p>\n","protected":false},"excerpt":{"rendered":"<p>Peto\u0161olci bodo v tem projektu sodelovali s \u0161olami iz Makedonije, Italije, Poljske, Romunije, Francije, Belgije, Islandije in Tur\u010dije. Cilj tega projekta je spodbuditi u\u010dence k radovednosti in jih motivirati za u\u010denje angle\u0161\u010dine. Spoznavali bodo,&#46;&#46;&#46;<\/p>\n","protected":false},"author":5692,"featured_media":0,"parent":0,"menu_order":0,"comment_status":"closed","ping_status":"closed","template":"","meta":{"ngg_post_thumbnail":0,"footnotes":""},"class_list":["post-3249","page","type-page","status-publish","hentry"],"_links":{"self":[{"href":"https:\/\/www.os-mirna.si\/index.php?rest_route=\/wp\/v2\/pages\/3249","targetHints":{"allow":["GET"]}}],"collection":[{"href":"https:\/\/www.os-mirna.si\/index.php?rest_route=\/wp\/v2\/pages"}],"about":[{"href":"https:\/\/www.os-mirna.si\/index.php?rest_route=\/wp\/v2\/types\/page"}],"author":[{"embeddable":true,"href":"https:\/\/www.os-mirna.si\/index.php?rest_route=\/wp\/v2\/users\/5692"}],"replies":[{"embeddable":true,"href":"https:\/\/www.os-mirna.si\/index.php?rest_route=%2Fwp%2Fv2%2Fcomments&post=3249"}],"version-history":[{"count":2,"href":"https:\/\/www.os-mirna.si\/index.php?rest_route=\/wp\/v2\/pages\/3249\/revisions"}],"predecessor-version":[{"id":3251,"href":"https:\/\/www.os-mirna.si\/index.php?rest_route=\/wp\/v2\/pages\/3249\/revisions\/3251"}],"wp:attachment":[{"href":"https:\/\/www.os-mirna.si\/index.php?rest_route=%2Fwp%2Fv2%2Fmedia&parent=3249"}],"curies":[{"name":"wp","href":"https:\/\/api.w.org\/{rel}","templated":true}]}}