{"id":3253,"date":"2015-01-06T14:28:37","date_gmt":"2015-01-06T13:28:37","guid":{"rendered":"http:\/\/osmirna.splet.arnes.si\/?page_id=3253"},"modified":"2016-09-06T20:31:25","modified_gmt":"2016-09-06T18:31:25","slug":"anglescino-se-ucim-s-svojimi-vrstniki","status":"publish","type":"page","link":"https:\/\/www.os-mirna.si\/?page_id=3253","title":{"rendered":"Angle\u0161\u010dino se u\u010dim s svojimi vrstniki"},"content":{"rendered":"<p style=\"text-align: justify\">V mesecu decembru je Osnovna \u0161ola Mirna na eTwinning portalu prijavila mednarodni projekt z naslovom Learning English with my peers (U\u010denje angle\u0161\u010dine z vrstniki). Projekt je bil s strani nacionalne agencije tudi odobren.<\/p>\n<p style=\"text-align: justify\">Projekt bo potekal eno leto. Projektni partner je bolgarska \u0161ola Mechtateli iz mesta Varna ob \u010crnem morju. Cilji projekta so enotni s cilji projekta Erasmus+, zato smo se tudi odlo\u010dili, da ga vklju\u010dimo v pouk angle\u0161\u010dine.<\/p>\n<p style=\"text-align: justify\">U\u010denci bodo komunicirali s svojimi vrstniki s pomo\u010djo elektronske po\u0161te, spletne u\u010dilnice Twinspace, Skypa. Dopisovali si bodo o vsakdanjih temah (o sebi, svoji dru\u017eini, najljub\u0161ih re\u010deh, \u0161oli, svojem kraju, ipd.). Tako bodo u\u010denci izbolj\u0161ali svoje znanje tujega jezika, predvsem spretnosti pisnega in ustnega sporo\u010danja. U\u010dili se bodo o drugih kulturah, o navadah svojih vrstnikov v drugih dr\u017eavah. Namen projekta je tudi spodbujanje k strpnosti in sprejemanju druga\u010dnosti. Ob dopisovanju bodo u\u010denci spoznavali tudi uporabnost znanja tujega jezika in posledi\u010dno je pri\u010dakovati tudi pove\u010dano motivacijo za u\u010denje.<\/p>\n<p>U\u010denci bodo pri svojem delu uporabljali spletno u\u010dilnico Twinspace. Njhovo delo bodo lahko spremljali tudi ostali na povezavi:<\/p>\n<p><a href=\"http:\/\/twinspace.etwinning.net\/4971\/home\" target=\"_blank\">http:\/\/twinspace.etwinning.net\/4971\/home<\/a><\/p>\n<p>Vodja projekta za Osnovno \u0161olo Mirna je Marija Klan\u010dar, vodja projekta v Bolgariji pa Stefi Ralcheva.<\/p>\n<p><a href=\"http:\/\/osmirna.splet.arnes.si\/files\/2015\/01\/anglescinoSeUcim.jpg\"><img loading=\"lazy\" decoding=\"async\" class=\"aligncenter size-large wp-image-3255\" src=\"http:\/\/osmirna.splet.arnes.si\/files\/2015\/01\/anglescinoSeUcim-1024x768.jpg\" alt=\"anglescinoSeUcim\" width=\"720\" height=\"540\" srcset=\"https:\/\/www.os-mirna.si\/files\/2015\/01\/anglescinoSeUcim-1024x768.jpg 1024w, https:\/\/www.os-mirna.si\/files\/2015\/01\/anglescinoSeUcim-300x225.jpg 300w, https:\/\/www.os-mirna.si\/files\/2015\/01\/anglescinoSeUcim.jpg 1113w\" sizes=\"auto, (max-width: 720px) 100vw, 720px\" \/><\/a><\/p>\n","protected":false},"excerpt":{"rendered":"<p>V mesecu decembru je Osnovna \u0161ola Mirna na eTwinning portalu prijavila mednarodni projekt z naslovom Learning English with my peers (U\u010denje angle\u0161\u010dine z vrstniki). Projekt je bil s strani nacionalne agencije tudi odobren. Projekt&#46;&#46;&#46;<\/p>\n","protected":false},"author":5692,"featured_media":0,"parent":0,"menu_order":0,"comment_status":"closed","ping_status":"closed","template":"","meta":{"ngg_post_thumbnail":0,"footnotes":""},"class_list":["post-3253","page","type-page","status-publish","hentry"],"_links":{"self":[{"href":"https:\/\/www.os-mirna.si\/index.php?rest_route=\/wp\/v2\/pages\/3253","targetHints":{"allow":["GET"]}}],"collection":[{"href":"https:\/\/www.os-mirna.si\/index.php?rest_route=\/wp\/v2\/pages"}],"about":[{"href":"https:\/\/www.os-mirna.si\/index.php?rest_route=\/wp\/v2\/types\/page"}],"author":[{"embeddable":true,"href":"https:\/\/www.os-mirna.si\/index.php?rest_route=\/wp\/v2\/users\/5692"}],"replies":[{"embeddable":true,"href":"https:\/\/www.os-mirna.si\/index.php?rest_route=%2Fwp%2Fv2%2Fcomments&post=3253"}],"version-history":[{"count":2,"href":"https:\/\/www.os-mirna.si\/index.php?rest_route=\/wp\/v2\/pages\/3253\/revisions"}],"predecessor-version":[{"id":3256,"href":"https:\/\/www.os-mirna.si\/index.php?rest_route=\/wp\/v2\/pages\/3253\/revisions\/3256"}],"wp:attachment":[{"href":"https:\/\/www.os-mirna.si\/index.php?rest_route=%2Fwp%2Fv2%2Fmedia&parent=3253"}],"curies":[{"name":"wp","href":"https:\/\/api.w.org\/{rel}","templated":true}]}}