{"id":336,"date":"2015-08-04T12:00:38","date_gmt":"2015-08-04T10:00:38","guid":{"rendered":"http:\/\/osmirna.splet.arnes.si\/?page_id=336"},"modified":"2015-10-06T07:45:42","modified_gmt":"2015-10-06T05:45:42","slug":"eko-papir","status":"publish","type":"page","link":"https:\/\/www.os-mirna.si\/?page_id=336","title":{"rendered":"EKO &#8211; Papir"},"content":{"rendered":"<p>LO\u010cEVANJE PAPIRJA<\/p>\n<p>&nbsp;<\/p>\n<p>KAJ SODI V ZABOJNIK ZA PAPIR?<\/p>\n<ul>\n<li>\u010casopisi<\/li>\n<li>Pisarni\u0161ki papir<\/li>\n<li>Revije<\/li>\n<li>Prospekti<\/li>\n<li>Knjige<\/li>\n<li>Katalogi<\/li>\n<li>Kartonske \u0161katle<\/li>\n<li>Ovojni papir<\/li>\n<li>Zvezki<\/li>\n<li>Papirnate vre\u010dke<\/li>\n<\/ul>\n<p>&nbsp;<\/p>\n<p>KAJ <strong>NE SODI<\/strong> V ZABOJNIK ZA PAPIR?<\/p>\n<ul>\n<li>Plastificiran ali povo\u0161\u010den papir<\/li>\n<li>Celofan<\/li>\n<li>Tetrapak (votla embala\u017ea od mleka in sokov)<\/li>\n<li>Tapete<\/li>\n<li>Lepilni trakovi<\/li>\n<li>Plastika plenice<\/li>\n<li>Higienski papir (papirnate brisa\u010de, papirnati rob\u010dki)<\/li>\n<li>Vre\u010de od krme<\/li>\n<li>Vre\u010de od cementa in ostalega gradbenega materiala<\/li>\n<\/ul>\n<p>&nbsp;<\/p>\n<p>\u0160katle je potrebno razstaviti tako, da zavzamejo \u010dim manj prostora. Papir ne sme biti zme\u010dkan. \u0160katle ter ostala papirnata embala\u017ea mora biti prazna. Lo\u010deno zbran papir vra\u010damo industriji v ponovno predelavo in s tem obvarujemo lesno bogastvo pred nepotrebnimposekom.<\/p>\n<p>&nbsp;<\/p>\n","protected":false},"excerpt":{"rendered":"<p>LO\u010cEVANJE PAPIRJA &nbsp; KAJ SODI V ZABOJNIK ZA PAPIR? \u010casopisi Pisarni\u0161ki papir Revije Prospekti Knjige Katalogi Kartonske \u0161katle Ovojni papir Zvezki Papirnate vre\u010dke &nbsp; KAJ NE SODI V ZABOJNIK ZA PAPIR? Plastificiran ali povo\u0161\u010den&#46;&#46;&#46;<\/p>\n","protected":false},"author":5692,"featured_media":0,"parent":0,"menu_order":0,"comment_status":"closed","ping_status":"closed","template":"","meta":{"ngg_post_thumbnail":0,"footnotes":""},"class_list":["post-336","page","type-page","status-publish","hentry"],"_links":{"self":[{"href":"https:\/\/www.os-mirna.si\/index.php?rest_route=\/wp\/v2\/pages\/336","targetHints":{"allow":["GET"]}}],"collection":[{"href":"https:\/\/www.os-mirna.si\/index.php?rest_route=\/wp\/v2\/pages"}],"about":[{"href":"https:\/\/www.os-mirna.si\/index.php?rest_route=\/wp\/v2\/types\/page"}],"author":[{"embeddable":true,"href":"https:\/\/www.os-mirna.si\/index.php?rest_route=\/wp\/v2\/users\/5692"}],"replies":[{"embeddable":true,"href":"https:\/\/www.os-mirna.si\/index.php?rest_route=%2Fwp%2Fv2%2Fcomments&post=336"}],"version-history":[{"count":3,"href":"https:\/\/www.os-mirna.si\/index.php?rest_route=\/wp\/v2\/pages\/336\/revisions"}],"predecessor-version":[{"id":1198,"href":"https:\/\/www.os-mirna.si\/index.php?rest_route=\/wp\/v2\/pages\/336\/revisions\/1198"}],"wp:attachment":[{"href":"https:\/\/www.os-mirna.si\/index.php?rest_route=%2Fwp%2Fv2%2Fmedia&parent=336"}],"curies":[{"name":"wp","href":"https:\/\/api.w.org\/{rel}","templated":true}]}}