{"id":33621,"date":"2025-07-09T22:11:43","date_gmt":"2025-07-09T20:11:43","guid":{"rendered":"https:\/\/osmirna.splet.arnes.si\/?page_id=33621"},"modified":"2025-07-09T22:51:44","modified_gmt":"2025-07-09T20:51:44","slug":"hisni-red","status":"publish","type":"page","link":"https:\/\/www.os-mirna.si\/?page_id=33621","title":{"rendered":"Hi\u0161ni red"},"content":{"rendered":"<p style=\"text-align: center\"><span style=\"color: #000000\">Na podlagi 31. a \u010dlena Zakona o osnovni \u0161oli (UL RS, \u0161t. 81\/06, 102\/07) je dolo\u010den<\/span><br \/>\n<span style=\"color: #000000\">HI\u0160NI RED OSNOVNE \u0160OLE MIRNA<\/span><br \/>\n<span style=\"color: #000000\">1. \u010dlen<br \/>\n(\u0161olski prostor)<\/span><\/p>\n<p><span style=\"color: #000000\">K \u0161olskemu prostoru spadajo vsi prostori osnovne \u0161ole, O\u0160PP, Vrtec Deteljica, telovadnica, gara\u017ea z&nbsp;garderobami pod njo in njim pripadajo\u010de zunanje povr\u0161ine: \u0161olsko postajali\u0161\u010de, \u0161olsko igri\u0161\u010de, dvori\u0161\u010de.<\/span><\/p>\n<p style=\"text-align: center\"><span style=\"color: #000000\">2. \u010dlen<\/span><br \/>\n<span style=\"color: #000000\">(poslovni \u010das in uradne ure)<\/span><\/p>\n<p><span style=\"color: #000000\">Poslovni \u010das Vrtca Deteljica traja od ponedeljka do petka od 5.30. do 16.00, osnovne \u0161ole in O\u0160PP pa od 6.00 do 16.00. Pouk traja od 7.45. do 14.00. Jutranje varstvo za prvo\u0161olce traja od 5.30 do 6.00 v prostorih Vrtca Deteljica, od 6.00 do 7.40 pa v prostorih \u0161ole. Podalj\u0161ano bivanje za u\u010dence traja od konca pouka do 16.00. V \u010dasu pouka so uradne ure vsak dan od 7.30. do 12.00. Uradne ure v tajni\u0161tvu \u0161ole so za u\u010dence od 7.00 do 7.40 in od 12.10 do 12.30. V \u010dasu po\u010ditnic so uradne ure vsak delavnik od 7.00 do 10.00.<\/span><\/p>\n<p style=\"text-align: center\"><span style=\"color: #000000\">3. \u010dlen<\/span><br \/>\n<span style=\"color: #000000\">(uporaba \u0161olskega prostora)<\/span><\/p>\n<p><span style=\"color: #000000\">\u0160olski prostor je med 5.30 in 16.00 namenjen obveznemu in raz\u0161irjenemu programu u\u010dencev osnovne \u0161ole, O\u0160PP in otrokom iz Vrtca Deteljica. Izven tega \u010dasa uporabljajo \u0161olske prostore tudi drugi, do 72 ur letno z dovoljenjem ravnateljice, ve\u010d od tega pa s soglasjem ustanovitelja.<\/span><\/p>\n<p style=\"text-align: center\"><span style=\"color: #000000\">4. \u010dlen<br \/>\n(nadzor in skrb za varnost v \u0161olskih prostorih v \u010dasu pouka in drugih dejavnostih, ki jih organizira \u0161ola)<\/span><br \/>\n<span style=\"color: #000000\">A) De\u017eurstvo u\u010diteljev<\/span><\/p>\n<p><span style=\"color: #000000\">Razpored de\u017eurnih u\u010diteljev za varstvo voza\u010dev od 12.10 do odhoda zadnjega prevoza pripravi ravnateljica ali za to zadol\u017eeni strokovni delavec za vsaj teden dni vnaprej in visi na oglasnih deskah v zbornici \u0161ole in avlah.<\/span><\/p>\n<p><span style=\"color: #000000\">Zjutraj pri\u010dne u\u010ditelj z de\u017eurstvom ob 7.15 in ga izvaja do 7.40, nato v \u010dasu kosila, od 12.10 do 12.25, in po kon\u010dani 6. uri pouka do 13.30. De\u017eurni u\u010ditelj poskrbi, da so dnevniki oddelkov ob njegovem odhodu v za to namenjeni omari v zbornici, ki jo zaklene, in klju\u010d odda v tajni\u0161tvu \u0161ole.<\/span><\/p>\n<p><span style=\"color: #000000\">De\u017eurstvo se izvaja v avlah, jedilnici in garderobah. Varstvo voza\u010dev je organizirano v skupnem prostoru \u2013 u\u010dilnica SLO (pritli\u010dje \u0161ole) od 12.10 do odhoda zadnjega prevoza. Varstvo voza\u010dev izvajajo strokovni delavci po razporedu od 12.10 do odhoda prevoznih sredstev. Med odmori in v \u010dasu malice skrbijo za varnost in izvajajo nadzor vsi strokovni delavci \u0161ole.<\/span><\/p>\n<p style=\"text-align: center\"><span style=\"color: #000000\">B) Spremstvo u\u010dencev na ekskurzijah in dnevih dejavnosti<\/span><\/p>\n<p><span style=\"color: #000000\">Spremstvo u\u010dencev izven \u0161olskega prostora izvajajo strokovni delavci v skladu s Pravilnikom o normativih in standardih za izvajanje programa osnovne \u0161ole (UL RS, \u0161t. 57\/07).<\/span><\/p>\n<p style=\"text-align: center\"><span style=\"color: #000000\">5. \u010dlen<\/span><br \/>\n<span style=\"color: #000000\">(varovanje in nadzor vstopanja v \u0161olske prostore)<\/span><\/p>\n<p><span style=\"color: #000000\">V \u010dasu pouka smejo obiskovalci samo k \u017eeleni osebi ali v tajni\u0161tvo \u0161ole. Zadr\u017eevanje tujih oseb je v \u0161oli&nbsp;prepovedano. Akviziterstvo je v prostorih zavoda Osnovna \u0161ola Mirna prepovedano.&nbsp;Izven poslovnega \u010dasa je \u0161ola zaklenjena. Vstop imajo le delavci, ki so s podpisom dobili kodo za dezalarmiranje stavbe. V no\u010dnem \u010dasu, ob vikendih in praznikih stavbo varuje dru\u017eba za varovanje.<\/span><\/p>\n<p style=\"text-align: center\"><span style=\"color: #000000\">6. \u010dlen<\/span><br \/>\n<span style=\"color: #000000\">(vzdr\u017eevanje reda in \u010disto\u010de)<\/span><\/p>\n<p><span style=\"color: #000000\">Za red in \u010disto\u010do v u\u010dilnicah skrbijo in odgovarjajo vsi u\u010denci. Vsi u\u010denci se morajo truditi, da \u0161olski inventar&nbsp;&nbsp; ostane nepo\u0161kodovan. Skrbni in pazljivi morajo biti do lastnine so\u0161olcev in delavcev.&nbsp;Za red in \u010disto\u010do na hodnikih, v garderobah in okolici \u0161ole je \u0161e posebej zadol\u017een de\u017eurni oddelek. Za izvajanje skrbi razrednik.<\/span><\/p>\n<p style=\"text-align: center\"><span style=\"color: #000000\">7. \u010dlen<\/span><br \/>\n<span style=\"color: #000000\">(na\u010din informiranja u\u010dencev in star\u0161ev)<\/span><\/p>\n<p><span style=\"color: #000000\">U\u010denci pridobivajo informacije od razrednikov in strokovnih delavcev praviloma ustno. Pisne objave ustnih informacij so na oglasnih deskah v avlah. Za zvo\u010dne objave je predvidenih zadnjih pet minut odmora med malico. Informacije lahko posredujejo tudi ostali delavci \u0161ole. Informacije se posredujejo tudi na spletnih straneh \u0161ole. Star\u0161e informirajo u\u010ditelji, vsi strokovni delavci in ravnateljica na individualnih sre\u010danjih, roditeljskih sestankih, na spletnih straneh \u0161ole in s publikacijo \u0161ole in vrtca. V izjemnih primerih star\u0161e obve\u0161\u010damo tudi telefonsko.<\/span><\/p>\n<p style=\"text-align: center\"><span style=\"color: #000000\">Pravila, ki jih je potrebno upo\u0161tevati<\/span><br \/>\n<span style=\"color: #000000\">PRAVILA SO SESTAVNI DEL VZGOJNEGA NA\u010cRTA OSNOVNE \u0160OLE MIRNA, KI JE OBJAVLJEN NA \u0160OLSKI SPLETNI STRANI.<\/span><br \/>\n<span style=\"color: #000000\">Poznavanje \u00bbPravilnika o pravicah in dol\u017enostih u\u010dencev v O\u0160\u00ab je temelj za dobro sodelovanje in most za izgrajevanje zaupanja med u\u010denci in delavci \u0161ole. Poleg splo\u0161nih pravil, ki veljajo za vse u\u010dence osnovnih \u0161ol v Sloveniji, pa so na na\u0161i \u0161oli tudi pravila, ki so zapisana v hi\u0161nem redu.<\/span><\/p>\n<p style=\"text-align: center\"><span style=\"color: #000000\">PRAVILA HI\u0160NEGA REDA<\/span><\/p>\n<p style=\"text-align: left\"><span style=\"color: #000000\">\uf0fc V \u0161olo prihajaj to\u010dno, pet minut pred pri\u010detkom pouka.<\/span><br \/>\n<span style=\"color: #000000\">\uf0fc Sezuj \u010devlje in obuj copate.<\/span><br \/>\n<span style=\"color: #000000\">\uf0fc Garderobne omarice so namenjene shranjevanju obla\u010dil, obutve in \u0161portne opreme. Ob koncu<\/span><br \/>\n<span style=\"color: #000000\">tedna je potrebno \u0161portno opremo odnesti domov in jo oprati. Hrane v garderobnih omaricah ne<\/span><br \/>\n<span style=\"color: #000000\">sme\u0161 imeti.<\/span><br \/>\n<span style=\"color: #000000\">\uf0fc Sodeluj pri dogovorjenih oblikah dela.<\/span><br \/>\n<span style=\"color: #000000\">\uf0fc Do so\u0161olcev, u\u010diteljev in delavcev \u0161ole bodi spo\u0161tljiv in prijazen, ne oviraj in ne moti jih pri delu.<\/span><br \/>\n<span style=\"color: #000000\">\uf0fc Pazi na svoje stvari. Tuje predmete pusti pri miru.<\/span><br \/>\n<span style=\"color: #000000\">\uf0fc Ne pi\u0161i in ne praskaj z razli\u010dnimi predmeti po mizah, stolih in ostalem pohi\u0161tvu ter stenah.<\/span><br \/>\n<span style=\"color: #000000\">\uf0fc Ne uni\u010duj skupnega inventarja, kajti uni\u010denega bo\u0161 gledal v prihodnje.<\/span><br \/>\n<span style=\"color: #000000\">\uf0fc V \u0161oli ne uporabljaj mobilnega telefona.<\/span><br \/>\n<span style=\"color: #000000\">\uf0fc Skrbi za red in \u010disto\u010do v u\u010dilnicah, na hodnikih, v jedilnici, v strani\u0161\u010dih in na zunanjih prostorih \u0161ole.<\/span><br \/>\n<span style=\"color: #000000\">\uf0fc Ne kadi in ne pij alkoholnih pija\u010d, ne uni\u010duj svojega zdravja.<br \/>\n\uf0fc <\/span><span style=\"color: #000000\">Ne prodajaj, ne dajaj in ne u\u017eivaj alkohola, <\/span><span style=\"color: #000000\">cigaret, fug oziroma drugih drog v \u0161olskih prostorih ali na zunanjih povr\u0161inah \u0161ole<br \/>\n&nbsp; &nbsp; &nbsp; in ne napeljuj so\u0161olcev k takemu dejanju.<\/span><br \/>\n<span style=\"color: #000000\">\uf0fc Dopoldne ne zapu\u0161\u010daj prostorov \u0161ole.<\/span><br \/>\n<span style=\"color: #000000\">\uf0fc Imej spo\u0161tljiv odnos do hrane.<\/span><br \/>\n<span style=\"color: #000000\">\uf0fc Ne pozabi na kulturni dialog.<\/span><br \/>\n<span style=\"color: #000000\">\uf0fc Po pouku pojdi takoj domov.<\/span><br \/>\n<span style=\"color: #000000\">\uf0fc Voza\u010di, po\u010dakajte na prevoz v organiziranem varstvu.<\/span><br \/>\n<span style=\"color: #000000\">\uf0fc Pazi na svojo varnost in ne ogro\u017eaj drugih.<\/span><br \/>\n<span style=\"color: #000000\">\uf0fc Na avtobusu, kombiju ali minibusu ne pozabi na kulturno vedenje.<\/span><br \/>\n<span style=\"color: #000000\">\uf0fc Doma se pripravi za naslednji dan (sprostitev, doma\u010de naloge, po\u010ditek).<\/span><\/p>\n","protected":false},"excerpt":{"rendered":"<p>Na podlagi 31. a \u010dlena Zakona o osnovni \u0161oli (UL RS, \u0161t. 81\/06, 102\/07) je dolo\u010den HI\u0160NI RED OSNOVNE \u0160OLE MIRNA 1. \u010dlen (\u0161olski prostor) K \u0161olskemu prostoru spadajo vsi prostori osnovne \u0161ole, O\u0160PP,&#46;&#46;&#46;<\/p>\n","protected":false},"author":5692,"featured_media":0,"parent":0,"menu_order":0,"comment_status":"closed","ping_status":"closed","template":"","meta":{"ngg_post_thumbnail":0,"footnotes":""},"class_list":["post-33621","page","type-page","status-publish","hentry"],"_links":{"self":[{"href":"https:\/\/www.os-mirna.si\/index.php?rest_route=\/wp\/v2\/pages\/33621","targetHints":{"allow":["GET"]}}],"collection":[{"href":"https:\/\/www.os-mirna.si\/index.php?rest_route=\/wp\/v2\/pages"}],"about":[{"href":"https:\/\/www.os-mirna.si\/index.php?rest_route=\/wp\/v2\/types\/page"}],"author":[{"embeddable":true,"href":"https:\/\/www.os-mirna.si\/index.php?rest_route=\/wp\/v2\/users\/5692"}],"replies":[{"embeddable":true,"href":"https:\/\/www.os-mirna.si\/index.php?rest_route=%2Fwp%2Fv2%2Fcomments&post=33621"}],"version-history":[{"count":5,"href":"https:\/\/www.os-mirna.si\/index.php?rest_route=\/wp\/v2\/pages\/33621\/revisions"}],"predecessor-version":[{"id":33630,"href":"https:\/\/www.os-mirna.si\/index.php?rest_route=\/wp\/v2\/pages\/33621\/revisions\/33630"}],"wp:attachment":[{"href":"https:\/\/www.os-mirna.si\/index.php?rest_route=%2Fwp%2Fv2%2Fmedia&parent=33621"}],"curies":[{"name":"wp","href":"https:\/\/api.w.org\/{rel}","templated":true}]}}