{"id":340,"date":"2015-08-04T12:01:30","date_gmt":"2015-08-04T10:01:30","guid":{"rendered":"http:\/\/osmirna.splet.arnes.si\/?page_id=340"},"modified":"2015-10-06T07:48:37","modified_gmt":"2015-10-06T05:48:37","slug":"eko-jaz-in-okolje","status":"publish","type":"page","link":"https:\/\/www.os-mirna.si\/?page_id=340","title":{"rendered":"EKO &#8211; Jaz in okolje"},"content":{"rendered":"<p>KAJ LAHKO JAZ STORIM ZA BOLJ\u0160I JUTRI?<\/p>\n<ol>\n<li>Ne kupujem \u010dipsa, smokijev in podobnih izdelkov in s tem obenem varujem okolje pred nepotrebno embala\u017eo in varujem svoje zdravje.<\/li>\n<li>Na hodniku, wc- ju in u\u010dilnicah uga\u0161am lu\u010di, \u010de te niso potrebne.<\/li>\n<li>Ne pu\u0161\u010dam te\u010di vodo iz pipe, \u010de je ve\u010d ne rabim.<\/li>\n<li>Ko si bri\u0161em roke, vzamem samo toliko papirja, kot ga rabim.<\/li>\n<li>V \u0161olo pridem pe\u0161 ali s kolesom.<\/li>\n<li>Odpadke me\u010dem v smeti, recikla\u017ene materiale pa odvr\u017eem v za to namenjene zabojnike.<\/li>\n<li>\u010ce prezra\u010dim prostor, termostat na radiatorju nastavim na 0.<\/li>\n<li>Pri tu\u0161iranju prihranim veliko vode.<\/li>\n<\/ol>\n","protected":false},"excerpt":{"rendered":"<p>KAJ LAHKO JAZ STORIM ZA BOLJ\u0160I JUTRI? Ne kupujem \u010dipsa, smokijev in podobnih izdelkov in s tem obenem varujem okolje pred nepotrebno embala\u017eo in varujem svoje zdravje. Na hodniku, wc- ju in u\u010dilnicah uga\u0161am&#46;&#46;&#46;<\/p>\n","protected":false},"author":5692,"featured_media":0,"parent":0,"menu_order":0,"comment_status":"closed","ping_status":"closed","template":"","meta":{"ngg_post_thumbnail":0,"footnotes":""},"class_list":["post-340","page","type-page","status-publish","hentry"],"_links":{"self":[{"href":"https:\/\/www.os-mirna.si\/index.php?rest_route=\/wp\/v2\/pages\/340","targetHints":{"allow":["GET"]}}],"collection":[{"href":"https:\/\/www.os-mirna.si\/index.php?rest_route=\/wp\/v2\/pages"}],"about":[{"href":"https:\/\/www.os-mirna.si\/index.php?rest_route=\/wp\/v2\/types\/page"}],"author":[{"embeddable":true,"href":"https:\/\/www.os-mirna.si\/index.php?rest_route=\/wp\/v2\/users\/5692"}],"replies":[{"embeddable":true,"href":"https:\/\/www.os-mirna.si\/index.php?rest_route=%2Fwp%2Fv2%2Fcomments&post=340"}],"version-history":[{"count":2,"href":"https:\/\/www.os-mirna.si\/index.php?rest_route=\/wp\/v2\/pages\/340\/revisions"}],"predecessor-version":[{"id":1202,"href":"https:\/\/www.os-mirna.si\/index.php?rest_route=\/wp\/v2\/pages\/340\/revisions\/1202"}],"wp:attachment":[{"href":"https:\/\/www.os-mirna.si\/index.php?rest_route=%2Fwp%2Fv2%2Fmedia&parent=340"}],"curies":[{"name":"wp","href":"https:\/\/api.w.org\/{rel}","templated":true}]}}