{"id":346,"date":"2015-08-04T12:03:16","date_gmt":"2015-08-04T10:03:16","guid":{"rendered":"http:\/\/osmirna.splet.arnes.si\/?page_id=346"},"modified":"2015-08-04T12:29:56","modified_gmt":"2015-08-04T10:29:56","slug":"eko-zbiranje-mobilnikov","status":"publish","type":"page","link":"https:\/\/www.os-mirna.si\/?page_id=346","title":{"rendered":"EKO &#8211; Zbiranje mobilnikov"},"content":{"rendered":"<p><strong>ZBIRALNA AKCIJA<\/strong><\/p>\n<p><strong>Tokrat bomo zbirali stare, odslu\u017eene mobilne telefone<\/strong>.<\/p>\n<p>Mobilni telefon, ki ve\u010d ne deluje, prinesi v \u0161olsko knji\u017enico in ga odlo\u017ei v ozna\u010deno \u0161katlo.<\/p>\n<p>Mobilni telefoni (predvsem baterije) vsebujejo nevarne kemikalije, kot so na primer kadmij (zelo kancerogen), svinec (povzro\u010da nevrolo\u0161ke te\u017eave in po\u0161koduje jetra), litij (\u010de ta pride v kontakt z vodo, lahko povzro\u010di po\u017ear ali eksplozijo). Ena nepravilno odvr\u017eena baterija mobilnika lahko onesna\u017ei 260.000 litrov vode.<\/p>\n<p>Iz starih mobilnikov lahko:<\/p>\n<ul>\n<li>iz polnilnika recikliramo baker<\/li>\n<li>iz ohi\u0161ja recikliramo plastiko<\/li>\n<li>iz elektronskih vezij lahko recikliramo in ponovno uporabimo zlato, srebro, baker, svinec in cink.<\/li>\n<li>v baterijah najdemo nikelj, \u017eelezo, kadmij, svinec in kobalt<\/li>\n<\/ul>\n<p><img loading=\"lazy\" decoding=\"async\" src=\"http:\/\/www.myrecycledbags.com\/wp-content\/uploads\/2010\/02\/CellPhones.jpg\" alt=\"kolk ene plastike\" width=\"593\" height=\"333\" \/><\/p>\n","protected":false},"excerpt":{"rendered":"<p>ZBIRALNA AKCIJA Tokrat bomo zbirali stare, odslu\u017eene mobilne telefone. Mobilni telefon, ki ve\u010d ne deluje, prinesi v \u0161olsko knji\u017enico in ga odlo\u017ei v ozna\u010deno \u0161katlo. Mobilni telefoni (predvsem baterije) vsebujejo nevarne kemikalije, kot so&#46;&#46;&#46;<\/p>\n","protected":false},"author":5692,"featured_media":0,"parent":0,"menu_order":0,"comment_status":"closed","ping_status":"closed","template":"","meta":{"ngg_post_thumbnail":0,"footnotes":""},"class_list":["post-346","page","type-page","status-publish","hentry"],"_links":{"self":[{"href":"https:\/\/www.os-mirna.si\/index.php?rest_route=\/wp\/v2\/pages\/346","targetHints":{"allow":["GET"]}}],"collection":[{"href":"https:\/\/www.os-mirna.si\/index.php?rest_route=\/wp\/v2\/pages"}],"about":[{"href":"https:\/\/www.os-mirna.si\/index.php?rest_route=\/wp\/v2\/types\/page"}],"author":[{"embeddable":true,"href":"https:\/\/www.os-mirna.si\/index.php?rest_route=\/wp\/v2\/users\/5692"}],"replies":[{"embeddable":true,"href":"https:\/\/www.os-mirna.si\/index.php?rest_route=%2Fwp%2Fv2%2Fcomments&post=346"}],"version-history":[{"count":2,"href":"https:\/\/www.os-mirna.si\/index.php?rest_route=\/wp\/v2\/pages\/346\/revisions"}],"predecessor-version":[{"id":370,"href":"https:\/\/www.os-mirna.si\/index.php?rest_route=\/wp\/v2\/pages\/346\/revisions\/370"}],"wp:attachment":[{"href":"https:\/\/www.os-mirna.si\/index.php?rest_route=%2Fwp%2Fv2%2Fmedia&parent=346"}],"curies":[{"name":"wp","href":"https:\/\/api.w.org\/{rel}","templated":true}]}}