{"id":372,"date":"2015-08-04T12:32:01","date_gmt":"2015-08-04T10:32:01","guid":{"rendered":"http:\/\/osmirna.splet.arnes.si\/?page_id=372"},"modified":"2016-09-06T20:16:27","modified_gmt":"2016-09-06T18:16:27","slug":"etwinning","status":"publish","type":"page","link":"https:\/\/www.os-mirna.si\/?page_id=372","title":{"rendered":"eTwinning"},"content":{"rendered":"<p><a href=\"http:\/\/osmirna.splet.arnes.si\/files\/2015\/07\/logo_eTwinning.png\"><img loading=\"lazy\" decoding=\"async\" class=\"alignleft size-full wp-image-171\" src=\"http:\/\/osmirna.splet.arnes.si\/files\/2015\/07\/logo_eTwinning.png\" alt=\"logo_eTwinning\" width=\"258\" height=\"78\" \/><\/a><\/p>\n<p>&nbsp;<\/p>\n<p>Etwinning je skupnost za evropske \u0161ole, ki le-tem nudi veliko mo\u017enosti za medsebojno sodelovanje, izmenjavo in razvijanje projektov. Sodelovanje med \u0161olami s pomo\u010djo eTwinninga spodbuja uporabo razli\u010dnih informacijskih in komunikacijskih tehnologij. Od leta 2014 je eTwinning sestavni del programa Erasmus+.<\/p>\n<p>&nbsp;<\/p>\n","protected":false},"excerpt":{"rendered":"<p>&nbsp; Etwinning je skupnost za evropske \u0161ole, ki le-tem nudi veliko mo\u017enosti za medsebojno sodelovanje, izmenjavo in razvijanje projektov. Sodelovanje med \u0161olami s pomo\u010djo eTwinninga spodbuja uporabo razli\u010dnih informacijskih in komunikacijskih tehnologij. Od leta&#46;&#46;&#46;<\/p>\n","protected":false},"author":5692,"featured_media":0,"parent":0,"menu_order":0,"comment_status":"closed","ping_status":"closed","template":"","meta":{"ngg_post_thumbnail":0,"footnotes":""},"class_list":["post-372","page","type-page","status-publish","hentry"],"_links":{"self":[{"href":"https:\/\/www.os-mirna.si\/index.php?rest_route=\/wp\/v2\/pages\/372","targetHints":{"allow":["GET"]}}],"collection":[{"href":"https:\/\/www.os-mirna.si\/index.php?rest_route=\/wp\/v2\/pages"}],"about":[{"href":"https:\/\/www.os-mirna.si\/index.php?rest_route=\/wp\/v2\/types\/page"}],"author":[{"embeddable":true,"href":"https:\/\/www.os-mirna.si\/index.php?rest_route=\/wp\/v2\/users\/5692"}],"replies":[{"embeddable":true,"href":"https:\/\/www.os-mirna.si\/index.php?rest_route=%2Fwp%2Fv2%2Fcomments&post=372"}],"version-history":[{"count":2,"href":"https:\/\/www.os-mirna.si\/index.php?rest_route=\/wp\/v2\/pages\/372\/revisions"}],"predecessor-version":[{"id":3248,"href":"https:\/\/www.os-mirna.si\/index.php?rest_route=\/wp\/v2\/pages\/372\/revisions\/3248"}],"wp:attachment":[{"href":"https:\/\/www.os-mirna.si\/index.php?rest_route=%2Fwp%2Fv2%2Fmedia&parent=372"}],"curies":[{"name":"wp","href":"https:\/\/api.w.org\/{rel}","templated":true}]}}