{"id":4093,"date":"2017-03-14T06:35:17","date_gmt":"2017-03-14T05:35:17","guid":{"rendered":"http:\/\/osmirna.splet.arnes.si\/?page_id=4093"},"modified":"2025-02-19T22:36:25","modified_gmt":"2025-02-19T21:36:25","slug":"turizem","status":"publish","type":"page","link":"https:\/\/www.os-mirna.si\/?page_id=4093","title":{"rendered":"Turizmu pomaga lastna glava"},"content":{"rendered":"<div id=\"yui_3_16_0_ym19_1_1489469838045_2663\" style=\"text-align: center\">\n<p><span style=\"color: #000000\">Okusni zakladi<\/span><\/p>\n<p style=\"text-align: left\"><span style=\"color: #000000\">Leto\u0161nje \u0161olsko leto se je petnajst u\u010dencev devetega razreda odlo\u010dilo, da bodo sodelovali na 38. dr\u017eavnem festivalu Turizmu pomaga lastna glava s<\/span><br \/>\n<span style=\"color: #000000\">tematiko <em>Okusni zakladi \u2013 Lokalni kulinari\u010dni spominki s trajnostnim pridihom<\/em>. Sodelovanje na dr\u017eavnem tekmovanju vklju\u010duje izdelavo turisti\u010dne naloge, promocijskega spota in predstavitev na turisti\u010dni tr\u017enici, kjer u\u010denci predstavijo svojo izvirno idejo za lokalni kulinari\u010dni spominek. U\u010denci po ve\u010dmese\u010dnem delu predstavljajo svoj turisti\u010dni produkt: <em>Glavarjev BZZZ \u2013 Lokalni kulinari\u010dni spominek z Mirne<\/em>.&nbsp;<\/span><\/p>\n<p style=\"text-align: left\"><span style=\"color: #000000\">Vabljeni k ogledu naloge in spota.<\/span><\/p>\n<p style=\"text-align: left\"><span style=\"color: #000000\">25. aprila 2024 bodo u\u010denci svojo idejo s spremljevalnim programom predstavili na turisti\u010dni tr\u017enici v Mercatorjevem centru v Dom\u017ealah. Na dogodku bodo sodelovale tudi druge \u0161ole, ob koncu se bo podelilo priznanja za opravljeno delo.<\/span><\/p>\n<p style=\"text-align: left\"><span style=\"color: #000000\">Energijsko plo\u0161\u010dico Glavarjev BZZZ bodo u\u010denci na poku\u0161ino ponujali tudi 18. aprila 2024 po prireditvi \u0160portnik leta ob\u010din Trebnje in Mirna v Kulturnem domu Mirna ter 11. maja 2024 na prireditvi na Lan\u0161pre\u017eu.<\/span><\/p>\n<p style=\"text-align: right\"><span style=\"color: #000000\">Mentorici Irena Dular in Maja Marin\u010d<\/span><\/p>\n<\/div>\n<div><span style=\"color: #0000ff\"><a style=\"color: #0000ff\" href=\"https:\/\/www.os-mirna.si\/files\/2024\/03\/OKUSNI-ZAKLADI-raziskovalna-naloga.pdf\">OKUSNI ZAKLADI &#8211; raziskovalna naloga<\/a><\/span><\/div>\n<div>&nbsp;<\/div>\n<div><div contenteditable=\"false\" class=\"arnesvideo-iframe-container\"><iframe data-customwidth=\"100%\" loading=\"lazy\" class=\"arnesvideo-iframe\" data-aviframe=\"1\" data-resize=\"1\" frameborder=\"0\" allowfullscreen=\"\" mozallowfullscreen=\"\" webkitallowfullscreen=\"\" src=\"https:\/\/video.arnes.si\/embed\/htd6jglfc3qb\"><\/iframe><\/div><\/div>\n<div>&nbsp;<\/div>\n<div>&nbsp;<\/div>\n<div>&nbsp;<\/div>\n<div style=\"text-align: left\"><span style=\"color: #0000ff\"><a style=\"color: #0000ff\" href=\"https:\/\/www.os-mirna.si\/files\/2024\/03\/Zlato-priznanje-2017-Turizmu-pomaga-lastna-glava.pdf\">Zlato priznanje 2017- Turizmu pomaga lastna glava<\/a><\/span><\/div>\n<div id=\"yui_3_16_0_ym19_1_1489469838045_2683\"><span style=\"color: #444444;font-family: arial, 'arial unicode ms', helvetica, sans-serif\">&nbsp;<\/span><\/div>\n<div id=\"yui_3_16_0_ym19_1_1489469838045_2684\" style=\"text-align: right\">&nbsp;<\/div>\n<p>&nbsp;<\/p>\n","protected":false},"excerpt":{"rendered":"<p>Okusni zakladi Leto\u0161nje \u0161olsko leto se je petnajst u\u010dencev devetega razreda odlo\u010dilo, da bodo sodelovali na 38. dr\u017eavnem festivalu Turizmu pomaga lastna glava s tematiko Okusni zakladi \u2013 Lokalni kulinari\u010dni spominki s trajnostnim pridihom.&#46;&#46;&#46;<\/p>\n","protected":false},"author":5692,"featured_media":0,"parent":0,"menu_order":0,"comment_status":"closed","ping_status":"closed","template":"","meta":{"ngg_post_thumbnail":0,"footnotes":""},"class_list":["post-4093","page","type-page","status-publish","hentry"],"_links":{"self":[{"href":"https:\/\/www.os-mirna.si\/index.php?rest_route=\/wp\/v2\/pages\/4093","targetHints":{"allow":["GET"]}}],"collection":[{"href":"https:\/\/www.os-mirna.si\/index.php?rest_route=\/wp\/v2\/pages"}],"about":[{"href":"https:\/\/www.os-mirna.si\/index.php?rest_route=\/wp\/v2\/types\/page"}],"author":[{"embeddable":true,"href":"https:\/\/www.os-mirna.si\/index.php?rest_route=\/wp\/v2\/users\/5692"}],"replies":[{"embeddable":true,"href":"https:\/\/www.os-mirna.si\/index.php?rest_route=%2Fwp%2Fv2%2Fcomments&post=4093"}],"version-history":[{"count":15,"href":"https:\/\/www.os-mirna.si\/index.php?rest_route=\/wp\/v2\/pages\/4093\/revisions"}],"predecessor-version":[{"id":31851,"href":"https:\/\/www.os-mirna.si\/index.php?rest_route=\/wp\/v2\/pages\/4093\/revisions\/31851"}],"wp:attachment":[{"href":"https:\/\/www.os-mirna.si\/index.php?rest_route=%2Fwp%2Fv2%2Fmedia&parent=4093"}],"curies":[{"name":"wp","href":"https:\/\/api.w.org\/{rel}","templated":true}]}}