{"id":481,"date":"2015-08-06T09:35:33","date_gmt":"2015-08-06T07:35:33","guid":{"rendered":"http:\/\/osmirna.splet.arnes.si\/?page_id=481"},"modified":"2015-10-07T12:08:09","modified_gmt":"2015-10-07T10:08:09","slug":"anglescina","status":"publish","type":"page","link":"https:\/\/www.os-mirna.si\/?page_id=481","title":{"rendered":"Angle\u0161\u010dina"},"content":{"rendered":"<p><strong>KAKO POMAGATI SVOJEMU OTROKU PRI U\u010cENJU TUJEGA JEZIKA<\/strong><\/p>\n<p>&nbsp;<\/p>\n<p>Nekaj napotkov, kako pomagati otroku pri u\u010denju:<\/p>\n<ol>\n<li>Otrok naj ima doma poseben zvezek za vaje.<\/li>\n<li>V ta zvezek naj u\u010denec vadi zapis besed. \u010ce se u\u010denec pripravlja na pisno ocenjevanje znanja, se mora u\u010denec nanj pripravljati s pisanjem. Iz \u0161olskega zvezka ali u\u010dbenika naj si izpi\u0161e besede, ki so se jih v \u0161oli u\u010dili. Nato naj prepi\u0161e \u0161e slovenski pomen besede. Vsako besedo naj u\u010denec potem zapi\u0161e \u010dim ve\u010dkrat, da si jo la\u017eje zapomni.<\/li>\n<li>Z otrokom lahko poi\u0161\u010dete slike (velja za zgodnje u\u010denje jezika) in jih nalepite na karton\u010dke. U\u010denec potem vsakodnevno ponavlja snov s pomo\u010djo slikovnega gradiva (otrok poimenuje stvar, ki je na sli\u010dici).<\/li>\n<li>Ko se u\u010denec pripravlja na ustno ocenjevanje znanja, mora obvezno govoriti. Glasno naj prebere besedila \/ povedi iz zvezka in u\u010dbenika. \u010ce star\u0161i tuji jezik govorijo, je to ponavljanje la\u017eje, saj lahko sproti popravljajo napa\u010dno izgovorjavo.<\/li>\n<li>Pri u\u010denju jezika je zelo pomembno, da otrok dela redno. Vsakodnevni stik z jezikom, pa \u010detudi samo v obliki prebiranja snovi iz u\u010dbenika, je najbolj\u0161a nalo\u017eba v znanje.<\/li>\n<li>\u010ce otrok rad gleda filme \/ risanke, naj si jih v\u010dasih ogleda brez slovenskih podnapisov, da je prisiljen povezovati svoje \u017ee usvojeno znanje s sli\u0161anim.<\/li>\n<li>Najstniki radi poslu\u0161ajo glasbo. Poi\u0161\u010dite besedila njihovih priljubljenih zvezdnikov na spletu in jih natisnite. U\u010denec naj potem poi\u0161\u010de pomene besed s pomo\u010djo slovarja. Tako bo bolj motiviran za u\u010denje tujega jezika, saj bo za\u010del spoznavati uporabno stran znanja tujih jezikov.<\/li>\n<li>Na spletu je ogromno spletnih strani z razli\u010dnimi vrstami vaj. Spodaj objavljamo nekaj uporabnih povezav. Vaje in igrice lahko na spletu poi\u0161\u010dete sami. Iskalni pojmi so lahko <strong>english exercises, english grammar exercises, english vocabulary exercises,<\/strong> \u2026<\/li>\n<\/ol>\n<p>&nbsp;<\/p>\n<p>Slovni\u010dne vaje<\/p>\n<p><a href=\"http:\/\/www.ego4u.com\/en\/cram-up\/grammar\">http:\/\/www.ego4u.com\/en\/cram-up\/grammar<\/a><\/p>\n<p><a href=\"http:\/\/www.perfect-english-grammar.com\/grammar-exercises.html\">http:\/\/www.perfect-english-grammar.com\/grammar-exercises.html<\/a><\/p>\n<p><a href=\"http:\/\/www.englishgrammar.org\/exercises\/\">http:\/\/www.englishgrammar.org\/exercises\/<\/a><\/p>\n<p><a href=\"https:\/\/elt.oup.com\/student\/practicegrammar\/basic\/?cc=si&amp;selLanguage=en\">https:\/\/elt.oup.com\/student\/practicegrammar\/basic\/?cc=si&amp;selLanguage=en<\/a><\/p>\n<p><a href=\"http:\/\/www.agendaweb.org\/\">http:\/\/www.agendaweb.org\/<\/a><\/p>\n<p>&nbsp;<\/p>\n<p>Besedi\u0161\u010de<\/p>\n<p><a href=\"https:\/\/elt.oup.com\/student\/wordskills\/basic\/ba_exercise\/?cc=si&amp;selLanguage=en\">https:\/\/elt.oup.com\/student\/wordskills\/basic\/ba_exercise\/?cc=si&amp;selLanguage=en<\/a><\/p>\n<p><a href=\"http:\/\/www.learnenglishfeelgood.com\/vocabulary\/\">http:\/\/www.learnenglishfeelgood.com\/vocabulary\/<\/a><\/p>\n<p><a href=\"http:\/\/www.englishmedialab.com\/vocabulary.html\">http:\/\/www.englishmedialab.com\/vocabulary.html<\/a><\/p>\n<p><a href=\"http:\/\/www.eslgamesworld.com\/members\/games\/vocabulary\/\">http:\/\/www.eslgamesworld.com\/members\/games\/vocabulary\/<\/a><\/p>\n<p><a href=\"http:\/\/www.agendaweb.org\/\">http:\/\/www.agendaweb.org\/<\/a><\/p>\n","protected":false},"excerpt":{"rendered":"<p>KAKO POMAGATI SVOJEMU OTROKU PRI U\u010cENJU TUJEGA JEZIKA &nbsp; Nekaj napotkov, kako pomagati otroku pri u\u010denju: Otrok naj ima doma poseben zvezek za vaje. V ta zvezek naj u\u010denec vadi zapis besed. \u010ce se&#46;&#46;&#46;<\/p>\n","protected":false},"author":5692,"featured_media":0,"parent":0,"menu_order":0,"comment_status":"closed","ping_status":"closed","template":"","meta":{"ngg_post_thumbnail":0,"footnotes":""},"class_list":["post-481","page","type-page","status-publish","hentry"],"_links":{"self":[{"href":"https:\/\/www.os-mirna.si\/index.php?rest_route=\/wp\/v2\/pages\/481","targetHints":{"allow":["GET"]}}],"collection":[{"href":"https:\/\/www.os-mirna.si\/index.php?rest_route=\/wp\/v2\/pages"}],"about":[{"href":"https:\/\/www.os-mirna.si\/index.php?rest_route=\/wp\/v2\/types\/page"}],"author":[{"embeddable":true,"href":"https:\/\/www.os-mirna.si\/index.php?rest_route=\/wp\/v2\/users\/5692"}],"replies":[{"embeddable":true,"href":"https:\/\/www.os-mirna.si\/index.php?rest_route=%2Fwp%2Fv2%2Fcomments&post=481"}],"version-history":[{"count":1,"href":"https:\/\/www.os-mirna.si\/index.php?rest_route=\/wp\/v2\/pages\/481\/revisions"}],"predecessor-version":[{"id":482,"href":"https:\/\/www.os-mirna.si\/index.php?rest_route=\/wp\/v2\/pages\/481\/revisions\/482"}],"wp:attachment":[{"href":"https:\/\/www.os-mirna.si\/index.php?rest_route=%2Fwp%2Fv2%2Fmedia&parent=481"}],"curies":[{"name":"wp","href":"https:\/\/api.w.org\/{rel}","templated":true}]}}