{"id":77,"date":"2015-07-31T08:58:47","date_gmt":"2015-07-31T06:58:47","guid":{"rendered":"http:\/\/osmirna.splet.arnes.si\/?page_id=77"},"modified":"2025-08-29T13:58:22","modified_gmt":"2025-08-29T11:58:22","slug":"solski-zvonec-in-prevozi","status":"publish","type":"page","link":"https:\/\/www.os-mirna.si\/?page_id=77","title":{"rendered":"\u0160olski zvonec in prevozi"},"content":{"rendered":"<h2 style=\"text-align: center\"><span style=\"color: #000000\"><b>\u0160olski zvonec<\/b><\/span><\/h2>\n<p style=\"text-align: center\"><span style=\"color: #000000\">1, ura&nbsp; &nbsp;&#8211;&nbsp; 7.45 \u2013 8.30<\/span><\/p>\n<p style=\"text-align: center\"><span style=\"color: #000000\">2. ura&nbsp; &#8211;&nbsp; 8.35 \u2013 9.20<\/span><\/p>\n<p style=\"text-align: center\"><span style=\"color: #000000\">malica&nbsp; &#8211;&nbsp; 9.20 \u2013 9.40<\/span><\/p>\n<p style=\"text-align: center\"><span style=\"color: #000000\">3. ura&nbsp; &#8211;&nbsp; 9.40 \u2013 10.25<\/span><\/p>\n<p style=\"text-align: center\"><span style=\"color: #000000\">3. ura&nbsp; &#8211;&nbsp; 10.30 \u2013 11.15<\/span><\/p>\n<p style=\"text-align: center\"><span style=\"color: #000000\">4. ura&nbsp; &#8211;&nbsp; 11.20 \u2013 12.05<\/span><\/p>\n<p style=\"text-align: center\"><span style=\"color: #000000\">kosilo&nbsp; &#8211;&nbsp; 12.05 \u2013 12.35<\/span><\/p>\n<p style=\"text-align: center\"><span style=\"color: #000000\">5. ura&nbsp; &#8211;&nbsp; 12.25 \u2013 13.10<\/span><\/p>\n<p style=\"text-align: center\"><span style=\"color: #000000\">6. ura&nbsp; &#8211;&nbsp; 13.15 \u2013 14.00<\/span><\/p>\n<p align=\"center\"><span style=\"color: #000000\"><b>&nbsp;<\/b><\/span><\/p>\n<h2 style=\"text-align: center\"><span style=\"color: #000000\">Vozni red 2025\/26<\/span><\/h2>\n<p><span style=\"color: #000000\">Vozni red je dogovorjen med ob\u010dino Mirna \u2013 naro\u010dnik in pla\u010dnik prevozov in izvajalcem \u2013NOMAGO.<\/span><\/p>\n<table width=\"1053\">\n<tbody>\n<tr>\n<td width=\"422\"><strong>Kraj<\/strong><\/td>\n<td width=\"136\">\n<p style=\"text-align: center\"><strong>Prevoz v \u0161olo<\/strong><\/p>\n<\/td>\n<td width=\"246\">\n<p style=\"text-align: center\"><strong>Prevoz iz \u0161ole<br \/>\npon.-\u010det.<\/strong><\/p>\n<\/td>\n<td width=\"249\">\n<p style=\"text-align: center\"><strong>Prevoz iz \u0161ole<br \/>\npetek<\/strong><\/p>\n<\/td>\n<\/tr>\n<tr>\n<td width=\"422\">Selo &#8211; Sajenice &#8211; Migolica &#8211; Cirnik &#8211; Mirna<\/td>\n<td width=\"136\">\n<p style=\"text-align: center\">6.45<\/p>\n<\/td>\n<td width=\"246\">\n<p style=\"text-align: center\">14.05<\/p>\n<\/td>\n<td width=\"249\">\n<p style=\"text-align: center\">13.15<\/p>\n<\/td>\n<\/tr>\n<tr>\n<td width=\"422\">Gorenjska Gora &#8211; Gorenja vas &#8211; \u0160krjan\u010de-Zagorica &#8211; Mirna<\/td>\n<td width=\"136\">\n<p style=\"text-align: center\">6.45<\/p>\n<\/td>\n<td width=\"246\">\n<p style=\"text-align: center\">14.05<\/p>\n<\/td>\n<td width=\"249\">\n<p style=\"text-align: center\">13.15<\/p>\n<\/td>\n<\/tr>\n<tr>\n<td width=\"422\">\u0160evnica &#8211; Brezovica &#8211; Mirna<\/td>\n<td width=\"136\">\n<p style=\"text-align: center\">6.50<\/p>\n<\/td>\n<td width=\"246\">\n<p style=\"text-align: center\">14.05<\/p>\n<\/td>\n<td width=\"249\">\n<p style=\"text-align: center\">13.15<\/p>\n<\/td>\n<\/tr>\n<tr>\n<td width=\"422\">Debenec (Mali Debenec pri cerkvi) &#8211; Ba\u010dje &#8211; Stan &#8211; Mirna<\/td>\n<td width=\"136\">\n<p style=\"text-align: center\">6.45<\/p>\n<\/td>\n<td width=\"246\">\n<p style=\"text-align: center\">14.05<\/p>\n<\/td>\n<td width=\"249\">\n<p style=\"text-align: center\">13.15<\/p>\n<\/td>\n<\/tr>\n<tr>\n<td width=\"422\">Glinek &#8211; Vol\u010dje Njive &#8211; Mirna<\/td>\n<td width=\"136\">\n<p style=\"text-align: center\">7.00<\/p>\n<\/td>\n<td width=\"246\">\n<p style=\"text-align: center\">14.05<\/p>\n<\/td>\n<td width=\"249\">\n<p style=\"text-align: center\">13.15<\/p>\n<\/td>\n<\/tr>\n<tr>\n<td width=\"422\">Stara Gora &#8211; Praprotnica &#8211; Trbinc &#8211; Mirna<\/td>\n<td width=\"136\">\n<p style=\"text-align: center\">6.55<\/p>\n<\/td>\n<td width=\"246\">\n<p style=\"text-align: center\">14.05<\/p>\n<\/td>\n<td width=\"249\">\n<p style=\"text-align: center\">13.15<\/p>\n<\/td>\n<\/tr>\n<tr>\n<td width=\"422\">Gomila &#8211; Mirna<\/td>\n<td width=\"136\">\n<p style=\"text-align: center\">7.05<\/p>\n<\/td>\n<td width=\"246\">\n<p style=\"text-align: center\">14.05<\/p>\n<\/td>\n<td width=\"249\">\n<p style=\"text-align: center\">13.15<\/p>\n<\/td>\n<\/tr>\n<\/tbody>\n<\/table>\n<p>Opombi:<\/p>\n<p>&nbsp;&#8211; postajali\u0161\u010de na Gomili je premaknjeno na prostor gospoda Ga\u0161per\u0161i\u010da.<\/p>\n<p>&#8211; v smer Brezovica peljeta 2 vozili:&nbsp; &#8211; eno za Gor.Gora-Gorenja vas-\u0160krjan\u010de-Zagorica<\/p>\n<p>&nbsp; &nbsp; &nbsp; &nbsp; &nbsp; &nbsp; &nbsp; &nbsp; &nbsp; &nbsp; &nbsp; &nbsp; &nbsp; &nbsp; &nbsp; &nbsp; &nbsp; &nbsp; &nbsp; &nbsp; &nbsp; &nbsp; &nbsp; &nbsp; &nbsp; &nbsp; &nbsp; &nbsp; &nbsp; &nbsp;&#8211; eno za smer \u0160evnica &#8211; Brezovica<\/p>\n","protected":false},"excerpt":{"rendered":"<p>\u0160olski zvonec 1, ura&nbsp; &nbsp;&#8211;&nbsp; 7.45 \u2013 8.30 2. ura&nbsp; &#8211;&nbsp; 8.35 \u2013 9.20 malica&nbsp; &#8211;&nbsp; 9.20 \u2013 9.40 3. ura&nbsp; &#8211;&nbsp; 9.40 \u2013 10.25 3. ura&nbsp; &#8211;&nbsp; 10.30 \u2013 11.15 4. ura&nbsp; &#8211;&nbsp;&#46;&#46;&#46;<\/p>\n","protected":false},"author":5692,"featured_media":0,"parent":0,"menu_order":0,"comment_status":"open","ping_status":"open","template":"","meta":{"ngg_post_thumbnail":0,"footnotes":""},"class_list":["post-77","page","type-page","status-publish","hentry"],"_links":{"self":[{"href":"https:\/\/www.os-mirna.si\/index.php?rest_route=\/wp\/v2\/pages\/77","targetHints":{"allow":["GET"]}}],"collection":[{"href":"https:\/\/www.os-mirna.si\/index.php?rest_route=\/wp\/v2\/pages"}],"about":[{"href":"https:\/\/www.os-mirna.si\/index.php?rest_route=\/wp\/v2\/types\/page"}],"author":[{"embeddable":true,"href":"https:\/\/www.os-mirna.si\/index.php?rest_route=\/wp\/v2\/users\/5692"}],"replies":[{"embeddable":true,"href":"https:\/\/www.os-mirna.si\/index.php?rest_route=%2Fwp%2Fv2%2Fcomments&post=77"}],"version-history":[{"count":15,"href":"https:\/\/www.os-mirna.si\/index.php?rest_route=\/wp\/v2\/pages\/77\/revisions"}],"predecessor-version":[{"id":33695,"href":"https:\/\/www.os-mirna.si\/index.php?rest_route=\/wp\/v2\/pages\/77\/revisions\/33695"}],"wp:attachment":[{"href":"https:\/\/www.os-mirna.si\/index.php?rest_route=%2Fwp%2Fv2%2Fmedia&parent=77"}],"curies":[{"name":"wp","href":"https:\/\/api.w.org\/{rel}","templated":true}]}}