{"id":95,"date":"2015-07-31T09:29:18","date_gmt":"2015-07-31T07:29:18","guid":{"rendered":"http:\/\/osmirna.splet.arnes.si\/?page_id=95"},"modified":"2025-12-08T18:59:32","modified_gmt":"2025-12-08T17:59:32","slug":"solski-sklad","status":"publish","type":"page","link":"https:\/\/www.os-mirna.si\/?page_id=95","title":{"rendered":"\u0160olski sklad"},"content":{"rendered":"<p><span style=\"color: #000000\">\u0160olski sklad O\u0160 Mirna deluje od 1. septembra 2007. Sredstva pridobiva iz donacij, prispevkov ob\u010danov in star\u0161ev, zapu\u0161\u010din in drugih virov. Namen sklada je zvi\u0161ati standard pouka, pomagati pri nakupu nadstandardne opreme in financirati dejavnosti in potrebe posameznega razreda, ki niso sestavine vzgojno-izobra\u017eevalnega programa in se ne financirajo iz javnih sredstev.<\/span><br \/>\n<span style=\"color: #000000\">\u0160tevilka podra\u010duna \u0160OLSKEGA SKLADA<\/span><\/p>\n<p><span style=\"color: #000000\">O\u0160 MIRNA: 011006000040084<\/span><br \/>\n<span style=\"color: #000000\">Sklic za \u0160S O\u0160:&nbsp;2919-100<\/span><br \/>\n<span style=\"color: #000000\">Sklic za \u0160S O\u0160PP:&nbsp; 29190-110<\/span><br \/>\n<span style=\"color: #000000\">Sklic za \u0160S VRTEC:&nbsp;291900-120<\/span><\/p>\n<p><span style=\"color: #0000ff\"><a style=\"color: #0000ff\" href=\"http:\/\/osmirna.splet.arnes.si\/files\/2015\/07\/Zapisnik-3.-dopisne-seje-1.pdf\">Zapisnik 3. dopisne seje<\/a><\/span><\/p>\n<p><span style=\"color: #0000ff\"><a style=\"color: #0000ff\" href=\"http:\/\/osmirna.splet.arnes.si\/files\/2015\/07\/Zapisnik-2.-dopisne-seje.pdf\">Zapisnik 2. dopisne seje<\/a><\/span><\/p>\n<p><span style=\"color: #0000ff\"><a style=\"color: #0000ff\" href=\"http:\/\/osmirna.splet.arnes.si\/files\/2015\/07\/Zapisnik-1.-seje-UO-z-dne-23.-4.-2018.pdf\">Zapisnik 1. seje z dne 23. 4. 2018<\/a><\/span><\/p>\n<p><span style=\"color: #0000ff\"><a style=\"color: #0000ff\" href=\"http:\/\/osmirna.splet.arnes.si\/files\/2015\/07\/PORO\u010cILO-O-DELOVANJU-UPRAVNEGA-ODBORA-\u0160OLSKEGA-SKLADA-O\u0160-MIRNA-ZA-LETI-2016-IN-2017.pdf\">PORO\u010cILO O DELOVANJU UPRAVNEGA ODBORA \u0160OLSKEGA SKLADA O\u0160 MIRNA ZA LETI 2016 IN 2017<\/a><\/span><\/p>\n<p><span style=\"color: #0000ff\"><a style=\"color: #0000ff\" href=\"http:\/\/osmirna.splet.arnes.si\/files\/2015\/07\/ZAPISNIK-8-DOPISNE-SEJE-\u0160OLSKEGA-SKLADA.pdf\">ZAPISNIK 8. DOPISNE SEJE \u0160OLSKEGA SKLADA<\/a><\/span><\/p>\n<p><span style=\"color: #0000ff\"><a style=\"color: #0000ff\" href=\"http:\/\/osmirna.splet.arnes.si\/files\/2015\/07\/ZAPISNIK-9.-DOPISNE-SEJE-\u0160S.pdf\">ZAPISNIK 9. DOPISNE SEJE \u0160OLSKEGA SKLADA<\/a><\/span><\/p>\n<p><span style=\"color: #0000ff\"><a style=\"color: #0000ff\" href=\"http:\/\/osmirna.splet.arnes.si\/files\/2015\/07\/ZAPISNIK-10.-DOPISNE-SEJE.pdf\">ZAPISNIK 10. DOPISNE SEJE<\/a><\/span><\/p>\n<p><span style=\"color: #0000ff\"><a style=\"color: #0000ff\" href=\"http:\/\/osmirna.splet.arnes.si\/files\/2015\/07\/ZAPISNIK-11.-DOPISNE-SEJE.pdf\">ZAPISNIK 11. DOPISNE SEJE<\/a><\/span><\/p>\n<p><span style=\"color: #0000ff\"><a style=\"color: #0000ff\" href=\"http:\/\/osmirna.splet.arnes.si\/files\/2015\/07\/ZAPISNIK-12-DOPISNE-SEJE-\u0160OLSKEGA-SKLADA.pdf\">ZAPISNIK 12 DOPISNE SEJE \u0160OLSKEGA SKLADA<\/a><\/span><\/p>\n<p><span style=\"color: #0000ff\"><a style=\"color: #0000ff\" href=\"http:\/\/osmirna.splet.arnes.si\/files\/2015\/07\/ZAPISNIK-13.-DOPISNE-SEJE-\u0160OLSKEGA-SKLADA.pdf\">ZAPISNIK 13. DOPISNE SEJE \u0160OLSKEGA SKLADA<\/a><\/span><\/p>\n<p><span style=\"color: #0000ff\"><a style=\"color: #0000ff\" href=\"http:\/\/osmirna.splet.arnes.si\/files\/2015\/07\/Zapisnik-1.-dopisne-seje.pdf\">Zapisnik 1. dopisne seje<\/a><\/span><\/p>\n<p><span style=\"color: #0000ff\"><a style=\"color: #0000ff\" href=\"http:\/\/osmirna.splet.arnes.si\/files\/2015\/07\/Kon\u010dno-poro\u010dilo-dobrodelni-tek-2017_fin.pdf\">Kon\u010dno poro\u010dilo dobrodelni tek 2017<\/a><\/span><\/p>\n<p><span style=\"color: #0000ff\"><a style=\"color: #0000ff\" href=\"http:\/\/osmirna.splet.arnes.si\/files\/2015\/07\/PravilnikSolskiSklad.pdf\">Pravila o delovanju in organizaciji \u0161olskega sklada<\/a><\/span><\/p>\n<p><span style=\"color: #000000\">Ustanovni akt \u0161olskega sklada si lahko preberete<\/span> <span style=\"color: #0000ff\"><a style=\"color: #0000ff\" href=\"http:\/\/osmirna.splet.arnes.si\/?page_id=98\">tukaj<\/a>.<\/span><\/p>\n<p>&nbsp;<\/p>\n<p align=\"center\">&nbsp;<\/p>\n","protected":false},"excerpt":{"rendered":"<p>\u0160olski sklad O\u0160 Mirna deluje od 1. septembra 2007. Sredstva pridobiva iz donacij, prispevkov ob\u010danov in star\u0161ev, zapu\u0161\u010din in drugih virov. Namen sklada je zvi\u0161ati standard pouka, pomagati pri nakupu nadstandardne opreme in financirati&#46;&#46;&#46;<\/p>\n","protected":false},"author":5692,"featured_media":0,"parent":0,"menu_order":0,"comment_status":"open","ping_status":"open","template":"","meta":{"ngg_post_thumbnail":0,"footnotes":""},"class_list":["post-95","page","type-page","status-publish","hentry"],"_links":{"self":[{"href":"https:\/\/www.os-mirna.si\/index.php?rest_route=\/wp\/v2\/pages\/95","targetHints":{"allow":["GET"]}}],"collection":[{"href":"https:\/\/www.os-mirna.si\/index.php?rest_route=\/wp\/v2\/pages"}],"about":[{"href":"https:\/\/www.os-mirna.si\/index.php?rest_route=\/wp\/v2\/types\/page"}],"author":[{"embeddable":true,"href":"https:\/\/www.os-mirna.si\/index.php?rest_route=\/wp\/v2\/users\/5692"}],"replies":[{"embeddable":true,"href":"https:\/\/www.os-mirna.si\/index.php?rest_route=%2Fwp%2Fv2%2Fcomments&post=95"}],"version-history":[{"count":15,"href":"https:\/\/www.os-mirna.si\/index.php?rest_route=\/wp\/v2\/pages\/95\/revisions"}],"predecessor-version":[{"id":31797,"href":"https:\/\/www.os-mirna.si\/index.php?rest_route=\/wp\/v2\/pages\/95\/revisions\/31797"}],"wp:attachment":[{"href":"https:\/\/www.os-mirna.si\/index.php?rest_route=%2Fwp%2Fv2%2Fmedia&parent=95"}],"curies":[{"name":"wp","href":"https:\/\/api.w.org\/{rel}","templated":true}]}}