{"id":9737,"date":"2019-01-17T20:23:14","date_gmt":"2019-01-17T19:23:14","guid":{"rendered":"http:\/\/osmirna.splet.arnes.si\/?page_id=9737"},"modified":"2026-04-09T11:43:48","modified_gmt":"2026-04-09T09:43:48","slug":"svet-sole","status":"publish","type":"page","link":"https:\/\/www.os-mirna.si\/?page_id=9737","title":{"rendered":"Svet \u0161ole"},"content":{"rendered":"<p><span style=\"color: #0000ff\"><a style=\"color: #0000ff\" href=\"http:\/\/osmirna.splet.arnes.si\/files\/2019\/01\/Poslovnik-o-delu-sveta-\u0161ole.pdf\">Poslovnik o delu sveta \u0161ole<\/a><\/span><\/p>\n<p><span style=\"color: #0000ff\"><a style=\"color: #0000ff\" href=\"http:\/\/osmirna.splet.arnes.si\/files\/2021\/07\/Sklep-o-imenovanju-predstavnikov-ustanovitelja-v-Svet-javnega-vzgojno-izobra\u017eevalnega-zavoda-O\u0160-Mirna.pdf\">Sklep o imenovanju predstavnikov ustanovitelja v Svet javnega vzgojno izobra\u017eevalnega zavoda O\u0160 Mirna<\/a><\/span><\/p>\n<p><a href=\"https:\/\/www.os-mirna.si\/files\/2025\/12\/Zapisnik-1.-seje-sveta-sole-30.9.21.doc\">Zapisnik 1. seje sveta \u0161ole (30.9.21)<\/a><\/p>\n<p><a href=\"https:\/\/www.os-mirna.si\/files\/2025\/12\/Zapisnik-2.-seje-sveta-sole-24.-2.-2022.doc\">Zapisnik 2. seje sveta \u0161ole (24. 2. 2022)<\/a><\/p>\n<p><a href=\"https:\/\/www.os-mirna.si\/files\/2025\/12\/Zapisnik-3.-seje-sveta-sole-26.-5.-2022.doc\">Zapisnik 3. seje sveta \u0161ole (26. 5. 2022)<\/a><\/p>\n<p><a href=\"https:\/\/www.os-mirna.si\/files\/2025\/12\/Zapisnik-4.-seje-sveta-sole-28.-6.-2022.doc\">Zapisnik 4. seje sveta \u0161ole (28. 6. 2022)<\/a><\/p>\n<p><a href=\"https:\/\/www.os-mirna.si\/files\/2025\/12\/Zapisnik-5.-korespondencne-seje-sveta-sole.doc\">Zapisnik 5. (koresponden\u010dne) seje sveta \u0161ole<\/a><\/p>\n<p><a href=\"https:\/\/www.os-mirna.si\/files\/2025\/12\/Zapisnik-6.-seje-sveta-sole-28.-9.-2022.doc\">Zapisnik 6. seje sveta \u0161ole (28. 9. 2022)<\/a><\/p>\n<p><a href=\"https:\/\/www.os-mirna.si\/files\/2025\/12\/Zapisnik-7.-korespondencne-seje-sveta-sole.doc\">Zapisnik 7. (koresponden\u010dne) seje sveta \u0161ole<\/a><\/p>\n<p><a href=\"https:\/\/www.os-mirna.si\/files\/2025\/12\/Zapisnik-8.-seje-sveta-sole-27.-2.-2023.doc\">Zapisnik 8. seje sveta \u0161ole (27. 2. 2023)<\/a><\/p>\n<p><a href=\"https:\/\/www.os-mirna.si\/files\/2025\/12\/Zapisnik-9.-korespondencne-seje-sveta-sole.doc\">Zapisnik 9. (koresponden\u010dne) seje sveta \u0161ole<\/a><\/p>\n<p><a href=\"https:\/\/www.os-mirna.si\/files\/2025\/12\/Zapisnik-10.-korespondencne-seje-sveta-sole.doc\">Zapisnik 10. (koresponden\u010dne) seje sveta \u0161ole<\/a><\/p>\n<p><span style=\"color: #0000ff\"><a style=\"color: #0000ff\" href=\"https:\/\/www.os-mirna.si\/files\/2025\/05\/Zapisnik-11.-seje-sveta-sole.doc\">Zapisnik 11. seje sveta \u0161ole(doc)<\/a><\/span><\/p>\n<p><span style=\"color: #0000ff\"><a style=\"color: #0000ff\" href=\"https:\/\/www.os-mirna.si\/files\/2025\/05\/Zapisnik-12.-seje-sveta-sole.doc\">Zapisnik 12. seje sveta \u0161ole(doc)<\/a><\/span><\/p>\n<p><span style=\"color: #0000ff\"><a style=\"color: #0000ff\" href=\"https:\/\/www.os-mirna.si\/files\/2025\/05\/Zapisnik-13.-korespondencne-seje-sveta-sole.doc\">Zapisnik 13. koresponden\u010dne seje sveta \u0161ole(doc)<\/a><\/span><\/p>\n<p><span style=\"color: #0000ff\"><a style=\"color: #0000ff\" href=\"https:\/\/www.os-mirna.si\/files\/2025\/05\/Zapisnik-14.-seje-sveta-sole.doc\">Zapisnik 14. seje sveta \u0161ole(doc)<\/a><\/span><\/p>\n<p><span style=\"color: #0000ff\"><a style=\"color: #0000ff\" href=\"https:\/\/www.os-mirna.si\/files\/2025\/05\/Zapisnik-15.-seje-sveta-sole.docx\">Zapisnik 15. seje sveta \u0161ole(doc)<\/a><\/span><\/p>\n<p><span style=\"color: #0000ff\"><a style=\"color: #0000ff\" href=\"https:\/\/www.os-mirna.si\/files\/2025\/06\/Zapisnik-16.-seje-sveta-sole.docx\">Zapisnik 16. seje sveta \u0161ole<\/a> (docx)<\/span><\/p>\n<p><span style=\"color: #0000ff\"><a style=\"color: #0000ff\" href=\"https:\/\/www.os-mirna.si\/files\/2025\/06\/Sklep-o-imenovanju-predstavnikov-ustanovitelja.doc\">Sklep o imenovanju predstavnikov ustanovitelja<\/a> (docx)<\/span><\/p>\n<p><span style=\"color: #0000ff\"><a style=\"color: #0000ff\" href=\"https:\/\/www.os-mirna.si\/files\/2025\/09\/Zapisnik-17.-seje-sveta-sole-docx.docx\">Zapisnik 17. seje sveta \u0161ole (docx)<\/a><\/span><\/p>\n<p><span style=\"color: #0000ff\"><a style=\"color: #0000ff\" href=\"https:\/\/www.os-mirna.si\/files\/2026\/04\/Zapisnik-1.-seje-sveta-sole-5.-9.25-docx.docx\">Zapisnik 1. seje sveta \u0161ole (5. 9.25) (docx)<\/a><\/span><\/p>\n<p><span style=\"color: #0000ff\"><a style=\"color: #0000ff\" href=\"https:\/\/www.os-mirna.si\/files\/2026\/04\/Zapisnik-2.-seje-sveta-sole-2.-3.26-docx.docx\">Zapisnik 2. seje sveta \u0161ole (2. 3.26) (docx)<\/a><\/span><\/p>\n\n\n<p><\/p>\n","protected":false},"excerpt":{"rendered":"<p>Poslovnik o delu sveta \u0161ole Sklep o imenovanju predstavnikov ustanovitelja v Svet javnega vzgojno izobra\u017eevalnega zavoda O\u0160 Mirna Zapisnik 1. seje sveta \u0161ole (30.9.21) Zapisnik 2. seje sveta \u0161ole (24. 2. 2022) Zapisnik 3.&#46;&#46;&#46;<\/p>\n","protected":false},"author":5692,"featured_media":0,"parent":0,"menu_order":0,"comment_status":"closed","ping_status":"closed","template":"","meta":{"ngg_post_thumbnail":0,"footnotes":""},"class_list":["post-9737","page","type-page","status-publish","hentry"],"_links":{"self":[{"href":"https:\/\/www.os-mirna.si\/index.php?rest_route=\/wp\/v2\/pages\/9737","targetHints":{"allow":["GET"]}}],"collection":[{"href":"https:\/\/www.os-mirna.si\/index.php?rest_route=\/wp\/v2\/pages"}],"about":[{"href":"https:\/\/www.os-mirna.si\/index.php?rest_route=\/wp\/v2\/types\/page"}],"author":[{"embeddable":true,"href":"https:\/\/www.os-mirna.si\/index.php?rest_route=\/wp\/v2\/users\/5692"}],"replies":[{"embeddable":true,"href":"https:\/\/www.os-mirna.si\/index.php?rest_route=%2Fwp%2Fv2%2Fcomments&post=9737"}],"version-history":[{"count":14,"href":"https:\/\/www.os-mirna.si\/index.php?rest_route=\/wp\/v2\/pages\/9737\/revisions"}],"predecessor-version":[{"id":35693,"href":"https:\/\/www.os-mirna.si\/index.php?rest_route=\/wp\/v2\/pages\/9737\/revisions\/35693"}],"wp:attachment":[{"href":"https:\/\/www.os-mirna.si\/index.php?rest_route=%2Fwp%2Fv2%2Fmedia&parent=9737"}],"curies":[{"name":"wp","href":"https:\/\/api.w.org\/{rel}","templated":true}]}}